{"id":1687,"date":"2016-08-23T10:25:39","date_gmt":"2016-08-23T10:25:39","guid":{"rendered":"http:\/\/wanderlustgranadatours.com\/fr\/?page_id=1687"},"modified":"2016-10-14T10:59:42","modified_gmt":"2016-10-14T10:59:42","slug":"conditions-legales","status":"publish","type":"page","link":"https:\/\/wanderlustgranadatours.com\/fr\/conditions-legales\/","title":{"rendered":"Conditions et responsabilit\u00e9"},"content":{"rendered":"<p>[vc_row][vc_column][vc_column_text]S&rsquo;il vous pla\u00eet soyez inform\u00e9 que Wanderlust Granada Tours ne sera pas responsable des incidents suivants au cours de ses itin\u00e9raires::<\/p>\n<ul>\n<li>Des possibles sanctions pour les membres du groupe qui ne se sont pas conform\u00e9s aux normes obligatoires lors de la visite de l&rsquo;Alhambra, figurant sur le site Web du <a href=\"http:\/\/www.alhambra-patronato.es\/index.php\/Normas\/241+M5d637b1e38d\/0\/\">Conseil et le Guide officiel<\/a> du monument, et situ\u00e9 a l&rsquo;entr\u00e9e du monument.<\/li>\n<li>En cas d&rsquo;oubli des entr\u00e9es, ou lorsque les heures de visite aux Palais Nasrides indiqu\u00e9es sur le billet ne correspondent pas \u00e0 l&rsquo;horaire des visites r\u00e9serv\u00e9es.<\/li>\n<li>La perte d&rsquo;objets personnels, les annulations en raison du mauvais temps, les changements impos\u00e9s de la route, cas de possible coup de chaleur ou de blessure lors de la route.<\/li>\n<li>Si pour l\u00b4absence ou le retard de certaines personnes, ils ne pouvaient pas se joindre \u00e0 la visite avec le reste du groupe.<\/li>\n<\/ul>\n<p>Dans tous ces cas d\u00e9crits, il y n\u00b4aurait pas de remboursement.[\/vc_column_text]<button class=\"atbtn atbtn--primary atbtn--small atbtn--rounded\">R\u00c8GLES DE L\u2019ALHAMBRA<\/button>[vc_empty_space height=\u00a0\u00bb40px\u00a0\u00bb][vc_column_text]<strong>En plus:<\/strong><\/p>\n<ul>\n<li class=\"li1\"><span class=\"s2\">Les mineurs doivent \u00eatre accompagn\u00e9s d&rsquo;un adulte responsable.<\/span><\/li>\n<li class=\"li1\"><span class=\"s2\">S&rsquo;il vous pla\u00eet, respectez et prenez soin du mat\u00e9riel audio pr\u00eat\u00e9 au cours des visites. En cas de casse due \u00e0 une mauvaise utilisation, la personne responsable devra r\u00e9pondre financi\u00e8rement.<\/span><\/li>\n<\/ul>\n<p>[\/vc_column_text][vc_column_text]<\/p>\n<p class=\"p1\"><span class=\"s1\"><strong>Wanderlust Granada Tours<\/strong> travaille dur pour qu&rsquo;aucun incident ne se produise au cours de ses visites, \u00e9tant ainsi en mesure de vous faire profiter pleinement d&rsquo;une visite professionnelle et positive pour tout le monde.<\/span><\/p>\n<p class=\"p1\"><span class=\"s1\"><strong>Nous vous remercions de votre coop\u00e9ration.<\/strong><\/span><\/p>\n<p>[\/vc_column_text][\/vc_column][\/vc_row]<\/p>\n","protected":false},"excerpt":{"rendered":"<p>[vc_row][vc_column][vc_column_text]S&rsquo;il vous pla\u00eet soyez inform\u00e9 que Wanderlust Granada Tours ne sera pas responsable des incidents suivants au cours de ses itin\u00e9raires:: Des possibles sanctions pour les membres du groupe qui ne se sont pas conform\u00e9s aux normes obligatoires lors de la visite de l&rsquo;Alhambra, figurant sur le site Web du Conseil et le Guide officiel<\/p>\n<div class=\"padding-top text-center\"><a href=\"https:\/\/wanderlustgranadatours.com\/fr\/conditions-legales\/\" class=\"atbtn atbtn--medium atbtn--rounded atbtn--transparent\">Lire la suite<i class=\"atbtn__icon atbtn__icon--right fa fa-long-arrow-right\"><\/i><\/a><\/div>\n","protected":false},"author":1,"featured_media":0,"parent":0,"menu_order":0,"comment_status":"closed","ping_status":"closed","template":"","meta":{"_monsterinsights_skip_tracking":false,"_monsterinsights_sitenote_active":false,"_monsterinsights_sitenote_note":"","_monsterinsights_sitenote_category":0,"footnotes":""},"class_list":["post-1687","page","type-page","status-publish","hentry"],"yoast_head":"<!-- This site is optimized with the Yoast SEO plugin v23.1 - https:\/\/yoast.com\/wordpress\/plugins\/seo\/ -->\n<title>Conditions et responsabilit\u00e9 - Wanderlust Granada tours<\/title>\n<meta name=\"description\" content=\"Puis vous vous informez des conditions l\u00e9gales de notre soci\u00e9t\u00e9. Wanderlust Granada Tours.\" \/>\n<meta name=\"robots\" content=\"index, follow, max-snippet:-1, max-image-preview:large, max-video-preview:-1\" \/>\n<link rel=\"canonical\" href=\"https:\/\/wanderlustgranadatours.com\/fr\/conditions-legales\/\" \/>\n<meta property=\"og:locale\" content=\"fr_FR\" \/>\n<meta property=\"og:type\" content=\"article\" \/>\n<meta property=\"og:title\" content=\"Conditions et responsabilit\u00e9 - Wanderlust Granada tours\" \/>\n<meta property=\"og:description\" content=\"Puis vous vous informez des conditions l\u00e9gales de notre soci\u00e9t\u00e9. Wanderlust Granada Tours.\" \/>\n<meta property=\"og:url\" content=\"https:\/\/wanderlustgranadatours.com\/fr\/conditions-legales\/\" \/>\n<meta property=\"og:site_name\" content=\"Wanderlust Granada tours\" \/>\n<meta property=\"article:publisher\" content=\"https:\/\/www.facebook.com\/wanderlustgranadatours\/\" \/>\n<meta property=\"article:modified_time\" content=\"2016-10-14T10:59:42+00:00\" \/>\n<meta name=\"twitter:card\" content=\"summary_large_image\" \/>\n<meta name=\"twitter:label1\" content=\"Dur\u00e9e de lecture estim\u00e9e\" \/>\n\t<meta name=\"twitter:data1\" content=\"2 minutes\" \/>\n<script type=\"application\/ld+json\" class=\"yoast-schema-graph\">{\"@context\":\"https:\/\/schema.org\",\"@graph\":[{\"@type\":\"WebPage\",\"@id\":\"https:\/\/wanderlustgranadatours.com\/fr\/conditions-legales\/\",\"url\":\"https:\/\/wanderlustgranadatours.com\/fr\/conditions-legales\/\",\"name\":\"Conditions et responsabilit\u00e9 - Wanderlust Granada tours\",\"isPartOf\":{\"@id\":\"https:\/\/wanderlustgranadatours.com\/#website\"},\"datePublished\":\"2016-08-23T10:25:39+00:00\",\"dateModified\":\"2016-10-14T10:59:42+00:00\",\"description\":\"Puis vous vous informez des conditions l\u00e9gales de notre soci\u00e9t\u00e9. Wanderlust Granada Tours.\",\"breadcrumb\":{\"@id\":\"https:\/\/wanderlustgranadatours.com\/fr\/conditions-legales\/#breadcrumb\"},\"inLanguage\":\"fr-FR\",\"potentialAction\":[{\"@type\":\"ReadAction\",\"target\":[\"https:\/\/wanderlustgranadatours.com\/fr\/conditions-legales\/\"]}]},{\"@type\":\"BreadcrumbList\",\"@id\":\"https:\/\/wanderlustgranadatours.com\/fr\/conditions-legales\/#breadcrumb\",\"itemListElement\":[{\"@type\":\"ListItem\",\"position\":1,\"name\":\"Portada\",\"item\":\"https:\/\/wanderlustgranadatours.com\/fr\/\"},{\"@type\":\"ListItem\",\"position\":2,\"name\":\"Conditions et responsabilit\u00e9\"}]},{\"@type\":\"WebSite\",\"@id\":\"https:\/\/wanderlustgranadatours.com\/#website\",\"url\":\"https:\/\/wanderlustgranadatours.com\/\",\"name\":\"Wanderlust Granada tours\",\"description\":\"Magic tours around Granada\",\"potentialAction\":[{\"@type\":\"SearchAction\",\"target\":{\"@type\":\"EntryPoint\",\"urlTemplate\":\"https:\/\/wanderlustgranadatours.com\/?s={search_term_string}\"},\"query-input\":\"required name=search_term_string\"}],\"inLanguage\":\"fr-FR\"}]}<\/script>\n<!-- \/ Yoast SEO plugin. -->","yoast_head_json":{"title":"Conditions et responsabilit\u00e9 - Wanderlust Granada tours","description":"Puis vous vous informez des conditions l\u00e9gales de notre soci\u00e9t\u00e9. Wanderlust Granada Tours.","robots":{"index":"index","follow":"follow","max-snippet":"max-snippet:-1","max-image-preview":"max-image-preview:large","max-video-preview":"max-video-preview:-1"},"canonical":"https:\/\/wanderlustgranadatours.com\/fr\/conditions-legales\/","og_locale":"fr_FR","og_type":"article","og_title":"Conditions et responsabilit\u00e9 - Wanderlust Granada tours","og_description":"Puis vous vous informez des conditions l\u00e9gales de notre soci\u00e9t\u00e9. Wanderlust Granada Tours.","og_url":"https:\/\/wanderlustgranadatours.com\/fr\/conditions-legales\/","og_site_name":"Wanderlust Granada tours","article_publisher":"https:\/\/www.facebook.com\/wanderlustgranadatours\/","article_modified_time":"2016-10-14T10:59:42+00:00","twitter_card":"summary_large_image","twitter_misc":{"Dur\u00e9e de lecture estim\u00e9e":"2 minutes"},"schema":{"@context":"https:\/\/schema.org","@graph":[{"@type":"WebPage","@id":"https:\/\/wanderlustgranadatours.com\/fr\/conditions-legales\/","url":"https:\/\/wanderlustgranadatours.com\/fr\/conditions-legales\/","name":"Conditions et responsabilit\u00e9 - Wanderlust Granada tours","isPartOf":{"@id":"https:\/\/wanderlustgranadatours.com\/#website"},"datePublished":"2016-08-23T10:25:39+00:00","dateModified":"2016-10-14T10:59:42+00:00","description":"Puis vous vous informez des conditions l\u00e9gales de notre soci\u00e9t\u00e9. Wanderlust Granada Tours.","breadcrumb":{"@id":"https:\/\/wanderlustgranadatours.com\/fr\/conditions-legales\/#breadcrumb"},"inLanguage":"fr-FR","potentialAction":[{"@type":"ReadAction","target":["https:\/\/wanderlustgranadatours.com\/fr\/conditions-legales\/"]}]},{"@type":"BreadcrumbList","@id":"https:\/\/wanderlustgranadatours.com\/fr\/conditions-legales\/#breadcrumb","itemListElement":[{"@type":"ListItem","position":1,"name":"Portada","item":"https:\/\/wanderlustgranadatours.com\/fr\/"},{"@type":"ListItem","position":2,"name":"Conditions et responsabilit\u00e9"}]},{"@type":"WebSite","@id":"https:\/\/wanderlustgranadatours.com\/#website","url":"https:\/\/wanderlustgranadatours.com\/","name":"Wanderlust Granada tours","description":"Magic tours around Granada","potentialAction":[{"@type":"SearchAction","target":{"@type":"EntryPoint","urlTemplate":"https:\/\/wanderlustgranadatours.com\/?s={search_term_string}"},"query-input":"required name=search_term_string"}],"inLanguage":"fr-FR"}]}},"_links":{"self":[{"href":"https:\/\/wanderlustgranadatours.com\/fr\/wp-json\/wp\/v2\/pages\/1687"}],"collection":[{"href":"https:\/\/wanderlustgranadatours.com\/fr\/wp-json\/wp\/v2\/pages"}],"about":[{"href":"https:\/\/wanderlustgranadatours.com\/fr\/wp-json\/wp\/v2\/types\/page"}],"author":[{"embeddable":true,"href":"https:\/\/wanderlustgranadatours.com\/fr\/wp-json\/wp\/v2\/users\/1"}],"replies":[{"embeddable":true,"href":"https:\/\/wanderlustgranadatours.com\/fr\/wp-json\/wp\/v2\/comments?post=1687"}],"version-history":[{"count":0,"href":"https:\/\/wanderlustgranadatours.com\/fr\/wp-json\/wp\/v2\/pages\/1687\/revisions"}],"wp:attachment":[{"href":"https:\/\/wanderlustgranadatours.com\/fr\/wp-json\/wp\/v2\/media?parent=1687"}],"curies":[{"name":"wp","href":"https:\/\/api.w.org\/{rel}","templated":true}]}}