{"id":1600,"date":"2016-08-09T10:58:15","date_gmt":"2016-08-09T10:58:15","guid":{"rendered":"http:\/\/wanderlustgranadatours.com\/fr\/?page_id=1600"},"modified":"2022-12-28T15:00:25","modified_gmt":"2022-12-28T15:00:25","slug":"contact","status":"publish","type":"page","link":"https:\/\/wanderlustgranadatours.com\/fr\/contact\/","title":{"rendered":"Contact"},"content":{"rendered":"<p>[vc_row el_class=\u00a0\u00bbmargin-bottom\u00a0\u00bb][vc_column offset=\u00a0\u00bbvc_col-md-6&Prime;]<div class=\"title\">\n\t\t\t<div class=\"title__subtitle\">Vous souhaitez parler ?<\/div>\n\t\t<h3 class=\"title__primary\">D\u00e9tails de contact<\/h3>\n<\/div>\n[vc_column_text]Si vous avez une histoire \u00e0 partager ou une question qui n\u2019a pas \u00e9t\u00e9 r\u00e9pondue sur notre site Web, veuillez prendre contact avec nous via les coordonn\u00e9es ci-dessous ou remplir le formulaire sur la droite.[\/vc_column_text]<div class=\"contact-info\">\n\t\t\t<div class=\"contact-info__item\">\n\t\t\t<div class=\"contact-info__item__icon\"><i class=\"fa fa-map-marker\"><\/i><\/div>\n\t\t\t<div class=\"contact-info__item__text\">Calle Real de la Alhambra, s\/n 18009 Granada<\/div>\n\t\t<\/div>\n\t\n\t\n\t<div class=\"contact-info__item\"><a href=\"tel:+34674297686\"><span class=\"contact-info__item__icon\"><i class=\"fa fa-mobile contact-info__item__icon__mobile\"><\/i><\/span><span class=\"contact-info__item__text\">+34 674 29 76 86<\/span><\/a><\/div>\n\t<div class=\"contact-info__item\"><a href=\"mailto:info@wanderlustgranadatours.com\"><span class=\"contact-info__item__icon\"><i class=\"fa fa-envelope contact-info__item__icon__email\"><\/i><\/span><span class=\"contact-info__item__text\">info@wanderlustgranadatours.com<\/span><\/a><\/div>\n\t<\/div>\n[vc_empty_space height=\u00a0\u00bb20px\u00a0\u00bb]<div class=\"social-icons social-icons--square\">\n\t<div class=\"social-icons__title\">Suivez-nous<\/div>\n\t<div class=\"social-icons__icons\">\n\t<a href=\"https:\/\/www.facebook.com\/wanderlustgranadatours\/\" class=\"social-icons__icon social-icons__icon--facebook\"><i class=\"fa fa-facebook\"><\/i><\/a><a href=\"https:\/\/www.instagram.com\/wanderlustgranadatours\/\" class=\"social-icons__icon social-icons__icon--instagram\"><i class=\"fa fa-instagram\"><\/i><\/a><a href=\"#\" class=\"social-icons__icon social-icons__icon--tripadvisor\"><i class=\"fa fa-tripadvisor\"><\/i><\/a>\t<\/div>\n<\/div>\n[\/vc_column][vc_column offset=\u00a0\u00bbvc_col-md-6&Prime;][vc_empty_space height=\u00a0\u00bb40px\u00a0\u00bb el_class=\u00a0\u00bbvisible-sm visible-xs\u00a0\u00bb]<div class=\"title\">\n\t\t\t<div class=\"title__subtitle\">Vous avez une question ?<\/div>\n\t\t<h3 class=\"title__primary\">Entrer en contact<\/h3>\n<\/div>\n\n<div class=\"wpcf7 no-js\" id=\"wpcf7-f1827-o1\" lang=\"en-US\" dir=\"ltr\">\n<div class=\"screen-reader-response\"><p role=\"status\" aria-live=\"polite\" aria-atomic=\"true\"><\/p> <ul><\/ul><\/div>\n<form action=\"\/fr\/wp-json\/wp\/v2\/pages\/1600#wpcf7-f1827-o1\" method=\"post\" class=\"wpcf7-form init\" aria-label=\"Contact form\" novalidate=\"novalidate\" data-status=\"init\">\n<div style=\"display: none;\">\n<input type=\"hidden\" name=\"_wpcf7\" value=\"1827\" \/>\n<input type=\"hidden\" name=\"_wpcf7_version\" value=\"5.9.8\" \/>\n<input type=\"hidden\" name=\"_wpcf7_locale\" value=\"en_US\" \/>\n<input type=\"hidden\" name=\"_wpcf7_unit_tag\" value=\"wpcf7-f1827-o1\" \/>\n<input type=\"hidden\" name=\"_wpcf7_container_post\" value=\"0\" \/>\n<input type=\"hidden\" name=\"_wpcf7_posted_data_hash\" value=\"\" \/>\n<\/div>\n<div class=\"form-contact\">\n\t<div class=\"form-contact__fields-short\">\n\t\t<div class=\"form-contact__item-short\">\n\t\t\t<p><span class=\"wpcf7-form-control-wrap\" data-name=\"your-name\"><input size=\"40\" maxlength=\"400\" class=\"wpcf7-form-control wpcf7-text wpcf7-validates-as-required\" aria-required=\"true\" aria-invalid=\"false\" placeholder=\"Votre nom\" value=\"\" type=\"text\" name=\"your-name\" \/><\/span>\n\t\t\t<\/p>\n\t\t<\/div>\n\t\t<div class=\"form-contact__item-short\">\n\t\t\t<p><span class=\"wpcf7-form-control-wrap\" data-name=\"your-email\"><input size=\"40\" maxlength=\"400\" class=\"wpcf7-form-control wpcf7-email wpcf7-validates-as-required wpcf7-text wpcf7-validates-as-email\" aria-required=\"true\" aria-invalid=\"false\" placeholder=\"Email\" value=\"\" type=\"email\" name=\"your-email\" \/><\/span>\n\t\t\t<\/p>\n\t\t<\/div>\n\t<\/div>\n\t<div class=\"form-contact__fields-short\">\n\t\t<p><span class=\"wpcf7-form-control-wrap\" data-name=\"your-subject\"><input size=\"40\" maxlength=\"400\" class=\"wpcf7-form-control wpcf7-text wpcf7-validates-as-required\" aria-required=\"true\" aria-invalid=\"false\" placeholder=\"Objet\" value=\"\" type=\"text\" name=\"your-subject\" \/><\/span>\n\t\t<\/p>\n\t<\/div>\n\t<p><span class=\"wpcf7-form-control-wrap\" data-name=\"your-message\"><textarea cols=\"0\" rows=\"0\" maxlength=\"2000\" class=\"wpcf7-form-control wpcf7-textarea\" aria-invalid=\"false\" placeholder=\"Message\" name=\"your-message\"><\/textarea><\/span><br \/>\n<span class=\"atbtn atbtn--input-wrap\"><i class=\"atbtn__icon fa fa-paper-plane\"><\/i><input class=\"wpcf7-form-control wpcf7-submit has-spinner\" type=\"submit\" value=\"Envoyer\" \/><\/span>\n\t<\/p>\n<\/div><p style=\"display: none !important;\" class=\"akismet-fields-container\" data-prefix=\"_wpcf7_ak_\"><label>&#916;<textarea name=\"_wpcf7_ak_hp_textarea\" cols=\"45\" rows=\"8\" maxlength=\"100\"><\/textarea><\/label><input type=\"hidden\" id=\"ak_js_1\" name=\"_wpcf7_ak_js\" value=\"227\"\/><script>document.getElementById( \"ak_js_1\" ).setAttribute( \"value\", ( new Date() ).getTime() );<\/script><\/p><div class=\"wpcf7-response-output\" aria-hidden=\"true\"><\/div>\n<\/form>\n<\/div>\n[\/vc_column][\/vc_row][vc_row full_width=\u00a0\u00bbstretch_row_content_no_spaces\u00a0\u00bb css=\u00a0\u00bb.vc_custom_1672228860055{margin-bottom: 3% !important;}\u00a0\u00bb][vc_column css=\u00a0\u00bb.vc_custom_1672227774076{margin-top: -59px !important;}\u00a0\u00bb]<embed src=\"https:\/\/www.google.com\/maps\/d\/u\/0\/embed?mid=1GLOVqf6ZxonRKCKTPYOIYqskDX7cSus&#038;ehbc=2E312F\" style=\"width:100%\" height=\"450\">[\/vc_column][\/vc_row][vc_row full_width=\u00a0\u00bbstretch_row\u00a0\u00bb][vc_column][vc_column_text]<img loading=\"lazy\" decoding=\"async\" class=\"size-full wp-image-6 aligncenter\" src=\"http:\/\/wanderlustgranadatours.com\/wp-content\/uploads\/2016\/05\/logo-01-wanderlust-granada-tours.png\" alt=\"logo-01-wanderlust-granada-tours\" width=\"231\" height=\"67\" \/>[\/vc_column_text][vc_custom_heading text=\u00a0\u00bbSi vous avez dit stop \u00e0 l\u2019ennui, venez vous impr\u00e9gner de l&rsquo;esprit Wanderlust!\u00a0\u00bb font_container=\u00a0\u00bbtag:h1|text_align:center|color:%23f7a900&Prime; google_fonts=\u00a0\u00bbfont_family:Oleo%20Script%3Aregular%2C700|font_style:400%20regular%3A400%3Anormal\u00a0\u00bb][vc_separator color=\u00a0\u00bbcustom\u00a0\u00bb el_width=\u00a0\u00bb10&Prime; accent_color=\u00a0\u00bb#32b9c2&Prime;][\/vc_column][\/vc_row][vc_row][vc_column][vc_column_text]Do you want to know the features of our <strong>spirit<\/strong>?[\/vc_column_text]<div class=\"icons-set\">\n\t<div class=\"row icons-set__row\">\n\t\t\t\t\t<div class=\"col-sm-4\">\n\t\t\t<div class=\"icons-set__item\">\n\t\t\t\t\t\t\t<div class=\"icons-set__item__field icons-set__item__field--fix-size\">\n\t\t\t\t<div class=\"icons-set__item__icon-wrap\"><i class=\"icons-set__item__icon td-bar-graph-growth\"><\/i><\/div>\t\t\t\t<\/div>\n\t\t\t\t\t\t\t<div class=\"icons-set__item__field\">\n\t\t\t\t<h3 class=\"icons-set__item__title\">Le d\u00e9passement de soi<\/h3>\t\t\t\t\t<div class=\"icons-set__item__description\">L\u2019\u00e9quipe cherche en permanence \u00e0 innover. Elle cherche \u00e0 surprendre ses clients, en leur offrant une information compl\u00e8te et vari\u00e9e.<\/div>\n\t\t\t\t<\/div>\n\t\t\t<\/div>\n\t\t<\/div>\n\t\t\t\t\t<div class=\"col-sm-4\">\n\t\t\t<div class=\"icons-set__item\">\n\t\t\t\t\t\t\t<div class=\"icons-set__item__field icons-set__item__field--fix-size\">\n\t\t\t\t<div class=\"icons-set__item__icon-wrap\"><i class=\"icons-set__item__icon td-egg-1\"><\/i><\/div>\t\t\t\t<\/div>\n\t\t\t\t\t\t\t<div class=\"icons-set__item__field\">\n\t\t\t\t<h3 class=\"icons-set__item__title\">Authenticit\u00e9<\/h3>\t\t\t\t\t<div class=\"icons-set__item__description\">L\u2019\u00e9quipe r\u00e9alise des visites uniques avec label propre.<\/div>\n\t\t\t\t<\/div>\n\t\t\t<\/div>\n\t\t<\/div>\n\t\t\t\t\t<div class=\"col-sm-4\">\n\t\t\t<div class=\"icons-set__item\">\n\t\t\t\t\t\t\t<div class=\"icons-set__item__field icons-set__item__field--fix-size\">\n\t\t\t\t<div class=\"icons-set__item__icon-wrap\"><i class=\"icons-set__item__icon td-chat\"><\/i><\/div>\t\t\t\t<\/div>\n\t\t\t\t\t\t\t<div class=\"icons-set__item__field\">\n\t\t\t\t<h3 class=\"icons-set__item__title\">Chaleur<\/h3>\t\t\t\t\t<div class=\"icons-set__item__description\">L\u2019\u00e9quipe aime entretenir un rapport de proximit\u00e9 avec ses clients.<\/div>\n\t\t\t\t<\/div>\n\t\t\t<\/div>\n\t\t<\/div>\n\t\t\t<\/div><div class=\"row icons-set__row\">\t\t<div class=\"col-sm-4\">\n\t\t\t<div class=\"icons-set__item\">\n\t\t\t\t\t\t\t<div class=\"icons-set__item__field icons-set__item__field--fix-size\">\n\t\t\t\t<div class=\"icons-set__item__icon-wrap\"><i class=\"icons-set__item__icon td-heart-1\"><\/i><\/div>\t\t\t\t<\/div>\n\t\t\t\t\t\t\t<div class=\"icons-set__item__field\">\n\t\t\t\t<h3 class=\"icons-set__item__title\">Passion<\/h3>\t\t\t\t\t<div class=\"icons-set__item__description\">L\u2019\u00e9quipe est passionn\u00e9e par son travail et souhaite, par ses visites, transmettre cet enthousiasme. <\/div>\n\t\t\t\t<\/div>\n\t\t\t<\/div>\n\t\t<\/div>\n\t\t\t\t\t<div class=\"col-sm-4\">\n\t\t\t<div class=\"icons-set__item\">\n\t\t\t\t\t\t\t<div class=\"icons-set__item__field icons-set__item__field--fix-size\">\n\t\t\t\t<div class=\"icons-set__item__icon-wrap\"><i class=\"icons-set__item__icon td-user-2\"><\/i><\/div>\t\t\t\t<\/div>\n\t\t\t\t\t\t\t<div class=\"icons-set__item__field\">\n\t\t\t\t<h3 class=\"icons-set__item__title\">Professionnalisme<\/h3>\t\t\t\t\t<div class=\"icons-set__item__description\">Des mises \u00e0 jour sont r\u00e9guli\u00e8rement fa\u00eetes afin d\u2019offrir aux clients les meilleures conditions.<\/div>\n\t\t\t\t<\/div>\n\t\t\t<\/div>\n\t\t<\/div>\n\t\t\t\t\t<div class=\"col-sm-4\">\n\t\t\t<div class=\"icons-set__item\">\n\t\t\t\t\t\t\t<div class=\"icons-set__item__field icons-set__item__field--fix-size\">\n\t\t\t\t<div class=\"icons-set__item__icon-wrap\"><i class=\"icons-set__item__icon td-lion\"><\/i><\/div>\t\t\t\t<\/div>\n\t\t\t\t\t\t\t<div class=\"icons-set__item__field\">\n\t\t\t\t<h3 class=\"icons-set__item__title\">Fun<\/h3>\t\t\t\t\t<div class=\"icons-set__item__description\">Ils profitent et essaient de faire profiter les autres chaque jour. <\/div>\n\t\t\t\t<\/div>\n\t\t\t<\/div>\n\t\t<\/div>\n\t\t<\/div>\n<\/div>\n[vc_separator color=\u00a0\u00bbcustom\u00a0\u00bb accent_color=\u00a0\u00bb#f6f6f6&Prime;][vc_column_text]Pour toutes ces raisons, l\u2019\u00e9quipe vous certifie des visites guid\u00e9es de qualit\u00e9.[\/vc_column_text][\/vc_column][\/vc_row][vc_row][vc_column]<button class=\"atbtn atbtn--secondary2 atbtn--medium\">Voir tous les tours<\/button>[\/vc_column][\/vc_row][vc_row disable_element=\u00a0\u00bbyes\u00a0\u00bb][vc_column]<div id=\"googleMapCanvas1\" class=\"google-map stick-to-bottom\"><\/div>[\/vc_column][\/vc_row]<\/p>\n","protected":false},"excerpt":{"rendered":"<p>[vc_row el_class=\u00a0\u00bbmargin-bottom\u00a0\u00bb][vc_column offset=\u00a0\u00bbvc_col-md-6&Prime;][vc_column_text]Si vous avez une histoire \u00e0 partager ou une question qui n\u2019a pas \u00e9t\u00e9 r\u00e9pondue sur notre site Web, veuillez prendre contact avec nous via les coordonn\u00e9es ci-dessous ou remplir le formulaire sur la droite.[\/vc_column_text][vc_empty_space height=\u00a0\u00bb20px\u00a0\u00bb][\/vc_column][vc_column offset=\u00a0\u00bbvc_col-md-6&Prime;][vc_empty_space height=\u00a0\u00bb40px\u00a0\u00bb el_class=\u00a0\u00bbvisible-sm visible-xs\u00a0\u00bb][\/vc_column][\/vc_row][vc_row full_width=\u00a0\u00bbstretch_row_content_no_spaces\u00a0\u00bb css=\u00a0\u00bb.vc_custom_1672228860055{margin-bottom: 3% !important;}\u00a0\u00bb][vc_column css=\u00a0\u00bb.vc_custom_1672227774076{margin-top: -59px !important;}\u00a0\u00bb][\/vc_column][\/vc_row][vc_row full_width=\u00a0\u00bbstretch_row\u00a0\u00bb][vc_column][vc_column_text][\/vc_column_text][vc_custom_heading text=\u00a0\u00bbSi vous avez dit stop<\/p>\n<div class=\"padding-top text-center\"><a href=\"https:\/\/wanderlustgranadatours.com\/fr\/contact\/\" class=\"atbtn atbtn--medium atbtn--rounded atbtn--transparent\">Lire la suite<i class=\"atbtn__icon atbtn__icon--right fa fa-long-arrow-right\"><\/i><\/a><\/div>\n","protected":false},"author":1,"featured_media":0,"parent":0,"menu_order":0,"comment_status":"open","ping_status":"open","template":"","meta":{"_monsterinsights_skip_tracking":false,"_monsterinsights_sitenote_active":false,"_monsterinsights_sitenote_note":"","_monsterinsights_sitenote_category":0,"footnotes":""},"class_list":["post-1600","page","type-page","status-publish","hentry"],"yoast_head":"<!-- This site is optimized with the Yoast SEO plugin v23.1 - https:\/\/yoast.com\/wordpress\/plugins\/seo\/ -->\n<title>Contact - Wanderlust Granada tours<\/title>\n<meta name=\"description\" content=\"Si vous avez une histoire \u00e0 partager ou une question qui n\u2019a pas \u00e9t\u00e9 r\u00e9pondue sur notre site Web, veuillez prendre contact avec nous.\" \/>\n<meta name=\"robots\" content=\"index, follow, max-snippet:-1, max-image-preview:large, max-video-preview:-1\" \/>\n<link rel=\"canonical\" href=\"https:\/\/wanderlustgranadatours.com\/fr\/contact\/\" \/>\n<meta property=\"og:locale\" content=\"fr_FR\" \/>\n<meta property=\"og:type\" content=\"article\" \/>\n<meta property=\"og:title\" content=\"Contact - Wanderlust Granada tours\" \/>\n<meta property=\"og:description\" content=\"Si vous avez une histoire \u00e0 partager ou une question qui n\u2019a pas \u00e9t\u00e9 r\u00e9pondue sur notre site Web, veuillez prendre contact avec nous.\" \/>\n<meta property=\"og:url\" content=\"https:\/\/wanderlustgranadatours.com\/fr\/contact\/\" \/>\n<meta property=\"og:site_name\" content=\"Wanderlust Granada tours\" \/>\n<meta property=\"article:publisher\" content=\"https:\/\/www.facebook.com\/wanderlustgranadatours\/\" \/>\n<meta property=\"article:modified_time\" content=\"2022-12-28T15:00:25+00:00\" \/>\n<meta property=\"og:image\" content=\"http:\/\/wanderlustgranadatours.com\/wp-content\/uploads\/2016\/05\/logo-01-wanderlust-granada-tours.png\" \/>\n<meta name=\"twitter:card\" content=\"summary_large_image\" \/>\n<meta name=\"twitter:label1\" content=\"Dur\u00e9e de lecture estim\u00e9e\" \/>\n\t<meta name=\"twitter:data1\" content=\"2 minutes\" \/>\n<script type=\"application\/ld+json\" class=\"yoast-schema-graph\">{\"@context\":\"https:\/\/schema.org\",\"@graph\":[{\"@type\":\"WebPage\",\"@id\":\"https:\/\/wanderlustgranadatours.com\/fr\/contact\/\",\"url\":\"https:\/\/wanderlustgranadatours.com\/fr\/contact\/\",\"name\":\"Contact - Wanderlust Granada tours\",\"isPartOf\":{\"@id\":\"https:\/\/wanderlustgranadatours.com\/#website\"},\"primaryImageOfPage\":{\"@id\":\"https:\/\/wanderlustgranadatours.com\/fr\/contact\/#primaryimage\"},\"image\":{\"@id\":\"https:\/\/wanderlustgranadatours.com\/fr\/contact\/#primaryimage\"},\"thumbnailUrl\":\"http:\/\/wanderlustgranadatours.com\/wp-content\/uploads\/2016\/05\/logo-01-wanderlust-granada-tours.png\",\"datePublished\":\"2016-08-09T10:58:15+00:00\",\"dateModified\":\"2022-12-28T15:00:25+00:00\",\"description\":\"Si vous avez une histoire \u00e0 partager ou une question qui n\u2019a pas \u00e9t\u00e9 r\u00e9pondue sur notre site Web, veuillez prendre contact avec nous.\",\"breadcrumb\":{\"@id\":\"https:\/\/wanderlustgranadatours.com\/fr\/contact\/#breadcrumb\"},\"inLanguage\":\"fr-FR\",\"potentialAction\":[{\"@type\":\"ReadAction\",\"target\":[\"https:\/\/wanderlustgranadatours.com\/fr\/contact\/\"]}]},{\"@type\":\"ImageObject\",\"inLanguage\":\"fr-FR\",\"@id\":\"https:\/\/wanderlustgranadatours.com\/fr\/contact\/#primaryimage\",\"url\":\"http:\/\/wanderlustgranadatours.com\/wp-content\/uploads\/2016\/05\/logo-01-wanderlust-granada-tours.png\",\"contentUrl\":\"http:\/\/wanderlustgranadatours.com\/wp-content\/uploads\/2016\/05\/logo-01-wanderlust-granada-tours.png\"},{\"@type\":\"BreadcrumbList\",\"@id\":\"https:\/\/wanderlustgranadatours.com\/fr\/contact\/#breadcrumb\",\"itemListElement\":[{\"@type\":\"ListItem\",\"position\":1,\"name\":\"Portada\",\"item\":\"https:\/\/wanderlustgranadatours.com\/fr\/\"},{\"@type\":\"ListItem\",\"position\":2,\"name\":\"Contact\"}]},{\"@type\":\"WebSite\",\"@id\":\"https:\/\/wanderlustgranadatours.com\/#website\",\"url\":\"https:\/\/wanderlustgranadatours.com\/\",\"name\":\"Wanderlust Granada tours\",\"description\":\"Magic tours around Granada\",\"potentialAction\":[{\"@type\":\"SearchAction\",\"target\":{\"@type\":\"EntryPoint\",\"urlTemplate\":\"https:\/\/wanderlustgranadatours.com\/?s={search_term_string}\"},\"query-input\":\"required name=search_term_string\"}],\"inLanguage\":\"fr-FR\"}]}<\/script>\n<!-- \/ Yoast SEO plugin. -->","yoast_head_json":{"title":"Contact - Wanderlust Granada tours","description":"Si vous avez une histoire \u00e0 partager ou une question qui n\u2019a pas \u00e9t\u00e9 r\u00e9pondue sur notre site Web, veuillez prendre contact avec nous.","robots":{"index":"index","follow":"follow","max-snippet":"max-snippet:-1","max-image-preview":"max-image-preview:large","max-video-preview":"max-video-preview:-1"},"canonical":"https:\/\/wanderlustgranadatours.com\/fr\/contact\/","og_locale":"fr_FR","og_type":"article","og_title":"Contact - Wanderlust Granada tours","og_description":"Si vous avez une histoire \u00e0 partager ou une question qui n\u2019a pas \u00e9t\u00e9 r\u00e9pondue sur notre site Web, veuillez prendre contact avec nous.","og_url":"https:\/\/wanderlustgranadatours.com\/fr\/contact\/","og_site_name":"Wanderlust Granada tours","article_publisher":"https:\/\/www.facebook.com\/wanderlustgranadatours\/","article_modified_time":"2022-12-28T15:00:25+00:00","og_image":[{"url":"http:\/\/wanderlustgranadatours.com\/wp-content\/uploads\/2016\/05\/logo-01-wanderlust-granada-tours.png"}],"twitter_card":"summary_large_image","twitter_misc":{"Dur\u00e9e de lecture estim\u00e9e":"2 minutes"},"schema":{"@context":"https:\/\/schema.org","@graph":[{"@type":"WebPage","@id":"https:\/\/wanderlustgranadatours.com\/fr\/contact\/","url":"https:\/\/wanderlustgranadatours.com\/fr\/contact\/","name":"Contact - Wanderlust Granada tours","isPartOf":{"@id":"https:\/\/wanderlustgranadatours.com\/#website"},"primaryImageOfPage":{"@id":"https:\/\/wanderlustgranadatours.com\/fr\/contact\/#primaryimage"},"image":{"@id":"https:\/\/wanderlustgranadatours.com\/fr\/contact\/#primaryimage"},"thumbnailUrl":"http:\/\/wanderlustgranadatours.com\/wp-content\/uploads\/2016\/05\/logo-01-wanderlust-granada-tours.png","datePublished":"2016-08-09T10:58:15+00:00","dateModified":"2022-12-28T15:00:25+00:00","description":"Si vous avez une histoire \u00e0 partager ou une question qui n\u2019a pas \u00e9t\u00e9 r\u00e9pondue sur notre site Web, veuillez prendre contact avec nous.","breadcrumb":{"@id":"https:\/\/wanderlustgranadatours.com\/fr\/contact\/#breadcrumb"},"inLanguage":"fr-FR","potentialAction":[{"@type":"ReadAction","target":["https:\/\/wanderlustgranadatours.com\/fr\/contact\/"]}]},{"@type":"ImageObject","inLanguage":"fr-FR","@id":"https:\/\/wanderlustgranadatours.com\/fr\/contact\/#primaryimage","url":"http:\/\/wanderlustgranadatours.com\/wp-content\/uploads\/2016\/05\/logo-01-wanderlust-granada-tours.png","contentUrl":"http:\/\/wanderlustgranadatours.com\/wp-content\/uploads\/2016\/05\/logo-01-wanderlust-granada-tours.png"},{"@type":"BreadcrumbList","@id":"https:\/\/wanderlustgranadatours.com\/fr\/contact\/#breadcrumb","itemListElement":[{"@type":"ListItem","position":1,"name":"Portada","item":"https:\/\/wanderlustgranadatours.com\/fr\/"},{"@type":"ListItem","position":2,"name":"Contact"}]},{"@type":"WebSite","@id":"https:\/\/wanderlustgranadatours.com\/#website","url":"https:\/\/wanderlustgranadatours.com\/","name":"Wanderlust Granada tours","description":"Magic tours around Granada","potentialAction":[{"@type":"SearchAction","target":{"@type":"EntryPoint","urlTemplate":"https:\/\/wanderlustgranadatours.com\/?s={search_term_string}"},"query-input":"required name=search_term_string"}],"inLanguage":"fr-FR"}]}},"_links":{"self":[{"href":"https:\/\/wanderlustgranadatours.com\/fr\/wp-json\/wp\/v2\/pages\/1600"}],"collection":[{"href":"https:\/\/wanderlustgranadatours.com\/fr\/wp-json\/wp\/v2\/pages"}],"about":[{"href":"https:\/\/wanderlustgranadatours.com\/fr\/wp-json\/wp\/v2\/types\/page"}],"author":[{"embeddable":true,"href":"https:\/\/wanderlustgranadatours.com\/fr\/wp-json\/wp\/v2\/users\/1"}],"replies":[{"embeddable":true,"href":"https:\/\/wanderlustgranadatours.com\/fr\/wp-json\/wp\/v2\/comments?post=1600"}],"version-history":[{"count":0,"href":"https:\/\/wanderlustgranadatours.com\/fr\/wp-json\/wp\/v2\/pages\/1600\/revisions"}],"wp:attachment":[{"href":"https:\/\/wanderlustgranadatours.com\/fr\/wp-json\/wp\/v2\/media?parent=1600"}],"curies":[{"name":"wp","href":"https:\/\/api.w.org\/{rel}","templated":true}]}}