{"id":1530,"date":"2016-08-05T11:16:37","date_gmt":"2016-08-05T11:16:37","guid":{"rendered":"http:\/\/wanderlustgranadatours.com\/fr\/?page_id=1530"},"modified":"2016-11-06T10:20:56","modified_gmt":"2016-11-06T10:20:56","slug":"accueil","status":"publish","type":"page","link":"https:\/\/wanderlustgranadatours.com\/fr\/","title":{"rendered":"Accueil"},"content":{"rendered":"<p>[vc_row][vc_column offset=\u00a0\u00bbvc_col-md-9&Prime;]<div class=\"title title--big\">\n\t\t<h3 class=\"title__primary\">POURQUOI NOUS CHOISIR?<\/h3>\n<\/div>\n<div class=\"icons-set\">\n\t<div class=\"row icons-set__row\">\n\t\t\t\t\t<div class=\"col-sm-4\">\n\t\t\t<div class=\"icons-set__item\">\n\t\t\t\t\t\t\t<div class=\"icons-set__item__field icons-set__item__field--fix-size\">\n\t\t\t\t<div class=\"icons-set__item__icon-wrap\"><i class=\"icons-set__item__icon td-banknote-1\"><\/i><\/div>\t\t\t\t<\/div>\n\t\t\t\t\t\t\t<div class=\"icons-set__item__field\">\n\t\t\t\t<h3 class=\"icons-set__item__title\">Prix<\/h3>\t\t\t\t\t<div class=\"icons-set__item__description\">Nous proposons des visites guid\u00e9es accessibles \u00e0 tous. Nos prix sont r\u00e9alistes!<\/div>\n\t\t\t\t<\/div>\n\t\t\t<\/div>\n\t\t<\/div>\n\t\t\t\t\t<div class=\"col-sm-4\">\n\t\t\t<div class=\"icons-set__item\">\n\t\t\t\t\t\t\t<div class=\"icons-set__item__field icons-set__item__field--fix-size\">\n\t\t\t\t<div class=\"icons-set__item__icon-wrap\"><i class=\"icons-set__item__icon td-plane-1\"><\/i><\/div>\t\t\t\t<\/div>\n\t\t\t\t\t\t\t<div class=\"icons-set__item__field\">\n\t\t\t\t<h3 class=\"icons-set__item__title\">La Bougeotte<\/h3>\t\t\t\t\t<div class=\"icons-set__item__description\">\u00ab Wanderlust \u00bb se traduit par \u00abla passion pour voyager\u00bb. Partagez notre philosophie de vie!<\/div>\n\t\t\t\t<\/div>\n\t\t\t<\/div>\n\t\t<\/div>\n\t\t\t\t\t<div class=\"col-sm-4\">\n\t\t\t<div class=\"icons-set__item\">\n\t\t\t\t\t\t\t<div class=\"icons-set__item__field icons-set__item__field--fix-size\">\n\t\t\t\t<div class=\"icons-set__item__icon-wrap\"><i class=\"icons-set__item__icon td-bank-card\"><\/i><\/div>\t\t\t\t<\/div>\n\t\t\t\t\t\t\t<div class=\"icons-set__item__field\">\n\t\t\t\t<h3 class=\"icons-set__item__title\">R\u00e9servations rapides<\/h3>\t\t\t\t\t<div class=\"icons-set__item__description\">R\u00e9servez votre visite en ligne par carte de cr\u00e9dit. C&rsquo;est rapide et s\u00e9curis\u00e9.<\/div>\n\t\t\t\t<\/div>\n\t\t\t<\/div>\n\t\t<\/div>\n\t\t\t<\/div><div class=\"row icons-set__row\">\t\t<div class=\"col-sm-4\">\n\t\t\t<div class=\"icons-set__item\">\n\t\t\t\t\t\t\t<div class=\"icons-set__item__field icons-set__item__field--fix-size\">\n\t\t\t\t<div class=\"icons-set__item__icon-wrap\"><i class=\"icons-set__item__icon td-star\"><\/i><\/div>\t\t\t\t<\/div>\n\t\t\t\t\t\t\t<div class=\"icons-set__item__field\">\n\t\t\t\t<h3 class=\"icons-set__item__title\">Nos visites<\/h3>\t\t\t\t\t<div class=\"icons-set__item__description\">Dans nos tours, pas de place pour l&rsquo;ennui. Laissez-nous vous surprendre.<\/div>\n\t\t\t\t<\/div>\n\t\t\t<\/div>\n\t\t<\/div>\n\t\t\t\t\t<div class=\"col-sm-4\">\n\t\t\t<div class=\"icons-set__item\">\n\t\t\t\t\t\t\t<div class=\"icons-set__item__field icons-set__item__field--fix-size\">\n\t\t\t\t<div class=\"icons-set__item__icon-wrap\"><i class=\"icons-set__item__icon td-users\"><\/i><\/div>\t\t\t\t<\/div>\n\t\t\t\t\t\t\t<div class=\"icons-set__item__field\">\n\t\t\t\t<h3 class=\"icons-set__item__title\">Attention personnelle<\/h3>\t\t\t\t\t<div class=\"icons-set__item__description\">Chaque personne et chaque groupe est unique. Nous sommes l\u00e0 pour vous.<\/div>\n\t\t\t\t<\/div>\n\t\t\t<\/div>\n\t\t<\/div>\n\t\t\t\t\t<div class=\"col-sm-4\">\n\t\t\t<div class=\"icons-set__item\">\n\t\t\t\t\t\t\t<div class=\"icons-set__item__field icons-set__item__field--fix-size\">\n\t\t\t\t<div class=\"icons-set__item__icon-wrap\"><i class=\"icons-set__item__icon td-earphones-microphone\"><\/i><\/div>\t\t\t\t<\/div>\n\t\t\t\t\t\t\t<div class=\"icons-set__item__field\">\n\t\t\t\t<h3 class=\"icons-set__item__title\">Notre \u00e9quipe<\/h3>\t\t\t\t\t<div class=\"icons-set__item__description\">Nos guides officiels accr\u00e9dit\u00e9s cherchent \u00e0 se surmonter tous les jours.<\/div>\n\t\t\t\t<\/div>\n\t\t\t<\/div>\n\t\t<\/div>\n\t\t<\/div>\n<\/div>\n[\/vc_column][vc_column offset=\u00a0\u00bbvc_col-md-3&Prime;][vc_empty_space height=\u00a0\u00bb40px\u00a0\u00bb el_class=\u00a0\u00bbvisible-sm visible-xs\u00a0\u00bb]<div class=\"form-block block-after-indent form-block--vertical\">\n\t<h3 class=\"form-block__title\">Recherchez votre visite guid\u00e9e<\/h3>\n\n\t<div class=\"form-block__description\">Trouvez aujourd&#039;hui la visite guid\u00e9e de vos r\u00eaves !<\/div>\n\n\t<form method=\"get\" action=\"https:\/\/wanderlustgranadatours.com\/fr\/\">\n\t\t<input type=\"hidden\" name=\"toursearch\" value=\"1\"\/>\n\n\t\t\t<input type=\"hidden\" name=\"lang\" value=\"fr\"\/>\n\t\n\t\t\t<div class=\"form-block__item form-block__field-width-icon\">\n\t\t\t<input type=\"text\" placeholder=\"Recherche des tours\" value=\"\" name=\"s\"\/>\n\t\t\t<i class=\"td-search-1\"><\/i>\n\t\t<\/div>\n\t\n\t<div class=\"form-block__item\"><div class=\"form-block__field-pair\"><input data-mindate=\"27\/04\/2026\" data-maxdate=\"27\/04\/2027\" data-dateformat=\"dd\/mm\/yy\" type=\"text\" name=\"min_date\" placeholder=\"Accueil\" value=\"\"\/><input data-mindate=\"27\/04\/2026\" data-maxdate=\"27\/04\/2027\" data-dateformat=\"dd\/mm\/yy\" type=\"text\" name=\"max_date\" placeholder=\"La fin\" value=\"\"\/><\/div><\/div>\t\t<button type=\"submit\" class=\"atbtn atbtn--full-width atbtn--primary\">Trouver des Tours<\/button>\n\t<\/form>\n<\/div>\n[\/vc_column][\/vc_row][vc_row full_width=\u00a0\u00bbstretch_row\u00a0\u00bb][vc_column][\/vc_column][\/vc_row][vc_row disable_element=\u00a0\u00bbyes\u00a0\u00bb el_class=\u00a0\u00bbsection-white padding-top-large padding-bottom\u00a0\u00bb][vc_column offset=\u00a0\u00bbvc_col-md-6&Prime;][\/vc_column][vc_column offset=\u00a0\u00bbvc_col-md-6&Prime;][vc_empty_space height=\u00a0\u00bb40px\u00a0\u00bb el_class=\u00a0\u00bbvisible-sm visible-xs\u00a0\u00bb][\/vc_column][\/vc_row][vc_row][vc_column][\/vc_column][\/vc_row][vc_row disable_element=\u00a0\u00bbyes\u00a0\u00bb][vc_column]<div class=\"form-subscribe parallax-section stick-to-bottom form-subscribe--full-width\">\n\t<div class=\"parallax-image\" style=\"background-image:url(http:\/\/adventure-tours.themedelight.com\/wp-content\/uploads\/2015\/09\/mountain-river-optimized2.jpg); background-repeat:repeat;\"><\/div>\n\t<div class=\"form-subscribe__shadow\"><\/div>\n<div class=\"form-subscribe__title\">REJOIGNEZ LA NEWSLETTER<\/div><div class=\"form-subscribe__description\">Pour recevoir les meilleures offres du mois<\/div><div id=\"adventure-tours-mainchimp-form-1\" class=\"form-subscribe__form-wrap\"><div class=\"invalid-api-key-error\"><p>Whoops, you're not connected to Mailchimp. You need to enter a valid Mailchimp API key.<\/p><\/div><\/div><\/div>\n[\/vc_column][\/vc_row]<\/p>\n","protected":false},"excerpt":{"rendered":"<p>[vc_row][vc_column offset=\u00a0\u00bbvc_col-md-9&Prime;][\/vc_column][vc_column offset=\u00a0\u00bbvc_col-md-3&Prime;][vc_empty_space height=\u00a0\u00bb40px\u00a0\u00bb el_class=\u00a0\u00bbvisible-sm visible-xs\u00a0\u00bb][\/vc_column][\/vc_row][vc_row full_width=\u00a0\u00bbstretch_row\u00a0\u00bb][vc_column][\/vc_column][\/vc_row][vc_row disable_element=\u00a0\u00bbyes\u00a0\u00bb el_class=\u00a0\u00bbsection-white padding-top-large padding-bottom\u00a0\u00bb][vc_column offset=\u00a0\u00bbvc_col-md-6&Prime;][\/vc_column][vc_column offset=\u00a0\u00bbvc_col-md-6&Prime;][vc_empty_space height=\u00a0\u00bb40px\u00a0\u00bb el_class=\u00a0\u00bbvisible-sm visible-xs\u00a0\u00bb][\/vc_column][\/vc_row][vc_row][vc_column][\/vc_column][\/vc_row][vc_row disable_element=\u00a0\u00bbyes\u00a0\u00bb][vc_column][\/vc_column][\/vc_row]<\/p>\n","protected":false},"author":1,"featured_media":0,"parent":0,"menu_order":0,"comment_status":"open","ping_status":"open","template":"","meta":{"_monsterinsights_skip_tracking":false,"_monsterinsights_sitenote_active":false,"_monsterinsights_sitenote_note":"","_monsterinsights_sitenote_category":0,"footnotes":""},"class_list":["post-1530","page","type-page","status-publish","hentry"],"yoast_head":"<!-- This site is optimized with the Yoast SEO plugin v23.1 - https:\/\/yoast.com\/wordpress\/plugins\/seo\/ -->\n<title>Recherchez votre visite guid\u00e9e - Wanderlust Granada Tours<\/title>\n<meta name=\"description\" content=\"\u00ab\u00a0Wanderlust\u00a0\u00bb\u00a0 est d\u00e9fini comme \u00abla passion pour voyager\u00bb. Partagez notre philosophie de vie! Les plus belles visites avec Wanderlust Granada Tours!\" \/>\n<meta name=\"robots\" content=\"index, follow, max-snippet:-1, max-image-preview:large, max-video-preview:-1\" \/>\n<link rel=\"canonical\" href=\"https:\/\/wanderlustgranadatours.com\/fr\/\" \/>\n<meta property=\"og:locale\" content=\"fr_FR\" \/>\n<meta property=\"og:type\" content=\"article\" \/>\n<meta property=\"og:title\" content=\"Recherchez votre visite guid\u00e9e - Wanderlust Granada Tours\" \/>\n<meta property=\"og:description\" content=\"\u00ab\u00a0Wanderlust\u00a0\u00bb\u00a0 est d\u00e9fini comme \u00abla passion pour voyager\u00bb. Partagez notre philosophie de vie! Les plus belles visites avec Wanderlust Granada Tours!\" \/>\n<meta property=\"og:url\" content=\"https:\/\/wanderlustgranadatours.com\/fr\/\" \/>\n<meta property=\"og:site_name\" content=\"Wanderlust Granada tours\" \/>\n<meta property=\"article:publisher\" content=\"https:\/\/www.facebook.com\/wanderlustgranadatours\/\" \/>\n<meta property=\"article:modified_time\" content=\"2016-11-06T10:20:56+00:00\" \/>\n<meta name=\"twitter:card\" content=\"summary_large_image\" \/>\n<meta name=\"twitter:label1\" content=\"Dur\u00e9e de lecture estim\u00e9e\" \/>\n\t<meta name=\"twitter:data1\" content=\"2 minutes\" \/>\n<script type=\"application\/ld+json\" class=\"yoast-schema-graph\">{\"@context\":\"https:\/\/schema.org\",\"@graph\":[{\"@type\":\"WebPage\",\"@id\":\"https:\/\/wanderlustgranadatours.com\/fr\/\",\"url\":\"https:\/\/wanderlustgranadatours.com\/fr\/\",\"name\":\"Recherchez votre visite guid\u00e9e - Wanderlust Granada Tours\",\"isPartOf\":{\"@id\":\"https:\/\/wanderlustgranadatours.com\/#website\"},\"datePublished\":\"2016-08-05T11:16:37+00:00\",\"dateModified\":\"2016-11-06T10:20:56+00:00\",\"description\":\"\u00ab\u00a0Wanderlust\u00a0\u00bb\u00a0 est d\u00e9fini comme \u00abla passion pour voyager\u00bb. Partagez notre philosophie de vie! Les plus belles visites avec Wanderlust Granada Tours!\",\"breadcrumb\":{\"@id\":\"https:\/\/wanderlustgranadatours.com\/fr\/#breadcrumb\"},\"inLanguage\":\"fr-FR\",\"potentialAction\":[{\"@type\":\"ReadAction\",\"target\":[\"https:\/\/wanderlustgranadatours.com\/fr\/\"]}]},{\"@type\":\"BreadcrumbList\",\"@id\":\"https:\/\/wanderlustgranadatours.com\/fr\/#breadcrumb\",\"itemListElement\":[{\"@type\":\"ListItem\",\"position\":1,\"name\":\"Portada\",\"item\":\"https:\/\/wanderlustgranadatours.com\/fr\/\"},{\"@type\":\"ListItem\",\"position\":2,\"name\":\"Accueil\"}]},{\"@type\":\"WebSite\",\"@id\":\"https:\/\/wanderlustgranadatours.com\/#website\",\"url\":\"https:\/\/wanderlustgranadatours.com\/\",\"name\":\"Wanderlust Granada tours\",\"description\":\"Magic tours around Granada\",\"potentialAction\":[{\"@type\":\"SearchAction\",\"target\":{\"@type\":\"EntryPoint\",\"urlTemplate\":\"https:\/\/wanderlustgranadatours.com\/?s={search_term_string}\"},\"query-input\":\"required name=search_term_string\"}],\"inLanguage\":\"fr-FR\"}]}<\/script>\n<!-- \/ Yoast SEO plugin. -->","yoast_head_json":{"title":"Recherchez votre visite guid\u00e9e - Wanderlust Granada Tours","description":"\u00ab\u00a0Wanderlust\u00a0\u00bb\u00a0 est d\u00e9fini comme \u00abla passion pour voyager\u00bb. Partagez notre philosophie de vie! Les plus belles visites avec Wanderlust Granada Tours!","robots":{"index":"index","follow":"follow","max-snippet":"max-snippet:-1","max-image-preview":"max-image-preview:large","max-video-preview":"max-video-preview:-1"},"canonical":"https:\/\/wanderlustgranadatours.com\/fr\/","og_locale":"fr_FR","og_type":"article","og_title":"Recherchez votre visite guid\u00e9e - Wanderlust Granada Tours","og_description":"\u00ab\u00a0Wanderlust\u00a0\u00bb\u00a0 est d\u00e9fini comme \u00abla passion pour voyager\u00bb. Partagez notre philosophie de vie! Les plus belles visites avec Wanderlust Granada Tours!","og_url":"https:\/\/wanderlustgranadatours.com\/fr\/","og_site_name":"Wanderlust Granada tours","article_publisher":"https:\/\/www.facebook.com\/wanderlustgranadatours\/","article_modified_time":"2016-11-06T10:20:56+00:00","twitter_card":"summary_large_image","twitter_misc":{"Dur\u00e9e de lecture estim\u00e9e":"2 minutes"},"schema":{"@context":"https:\/\/schema.org","@graph":[{"@type":"WebPage","@id":"https:\/\/wanderlustgranadatours.com\/fr\/","url":"https:\/\/wanderlustgranadatours.com\/fr\/","name":"Recherchez votre visite guid\u00e9e - Wanderlust Granada Tours","isPartOf":{"@id":"https:\/\/wanderlustgranadatours.com\/#website"},"datePublished":"2016-08-05T11:16:37+00:00","dateModified":"2016-11-06T10:20:56+00:00","description":"\u00ab\u00a0Wanderlust\u00a0\u00bb\u00a0 est d\u00e9fini comme \u00abla passion pour voyager\u00bb. Partagez notre philosophie de vie! Les plus belles visites avec Wanderlust Granada Tours!","breadcrumb":{"@id":"https:\/\/wanderlustgranadatours.com\/fr\/#breadcrumb"},"inLanguage":"fr-FR","potentialAction":[{"@type":"ReadAction","target":["https:\/\/wanderlustgranadatours.com\/fr\/"]}]},{"@type":"BreadcrumbList","@id":"https:\/\/wanderlustgranadatours.com\/fr\/#breadcrumb","itemListElement":[{"@type":"ListItem","position":1,"name":"Portada","item":"https:\/\/wanderlustgranadatours.com\/fr\/"},{"@type":"ListItem","position":2,"name":"Accueil"}]},{"@type":"WebSite","@id":"https:\/\/wanderlustgranadatours.com\/#website","url":"https:\/\/wanderlustgranadatours.com\/","name":"Wanderlust Granada tours","description":"Magic tours around Granada","potentialAction":[{"@type":"SearchAction","target":{"@type":"EntryPoint","urlTemplate":"https:\/\/wanderlustgranadatours.com\/?s={search_term_string}"},"query-input":"required name=search_term_string"}],"inLanguage":"fr-FR"}]}},"_links":{"self":[{"href":"https:\/\/wanderlustgranadatours.com\/fr\/wp-json\/wp\/v2\/pages\/1530"}],"collection":[{"href":"https:\/\/wanderlustgranadatours.com\/fr\/wp-json\/wp\/v2\/pages"}],"about":[{"href":"https:\/\/wanderlustgranadatours.com\/fr\/wp-json\/wp\/v2\/types\/page"}],"author":[{"embeddable":true,"href":"https:\/\/wanderlustgranadatours.com\/fr\/wp-json\/wp\/v2\/users\/1"}],"replies":[{"embeddable":true,"href":"https:\/\/wanderlustgranadatours.com\/fr\/wp-json\/wp\/v2\/comments?post=1530"}],"version-history":[{"count":0,"href":"https:\/\/wanderlustgranadatours.com\/fr\/wp-json\/wp\/v2\/pages\/1530\/revisions"}],"wp:attachment":[{"href":"https:\/\/wanderlustgranadatours.com\/fr\/wp-json\/wp\/v2\/media?parent=1530"}],"curies":[{"name":"wp","href":"https:\/\/api.w.org\/{rel}","templated":true}]}}