{"id":2401,"date":"2024-09-11T20:00:54","date_gmt":"2024-09-11T20:00:54","guid":{"rendered":"https:\/\/wanderlustgranadatours.com\/?post_type=product&#038;p=2401"},"modified":"2024-10-05T12:13:49","modified_gmt":"2024-10-05T12:13:49","slug":"lorca-en-granada","status":"publish","type":"product","link":"https:\/\/wanderlustgranadatours.com\/es\/tours\/lorca-en-granada\/","title":{"rendered":"Lorca en Granada"},"content":{"rendered":"<h4>Visita para amantes de la poes\u00eda, de Lorca y de la historia de la ciudad.<\/h4>\n<p>Recorreremos los lugares m\u00e1s emblem\u00e1ticos de Granada marcados por Federico Garc\u00eda Lorca, donde se convirti\u00f3 en la figura hist\u00f3rica que conocemos hoy d\u00eda. Descubriremos la casa familiar de verano de la familia Lorca, los lugares de tertulia donde el poeta se reun\u00eda con m\u00e1s artistas de la \u00e9poca, una casa que supone un antes y un despu\u00e9s en su destino y nos deleitaremos con algunos de sus versos.<\/p>\n<table class=\"table table-bordered tours-tabs__table\" style=\"height: 233px;\" width=\"862\">\n<tbody>\n<tr>\n<td><strong>IDIOMA<\/strong><\/td>\n<td>espa\u00f1ol<\/td>\n<\/tr>\n<tr>\n<td><strong>DURACI\u00d3N<\/strong><\/td>\n<td>2 horas y 30 minutos <\/td>\n<\/tr>\n<tr>\n<td><strong>RECORRIDO<\/strong><\/td>\n<td>Centro Federico Garc\u00eda Lorca, Hotel Reina Cristina, Centro Art\u00edstico, Literario y Cient\u00edfico de Granada, Chikito, Plaza Mariana Pineda, Museo Huerta de San Vicente.<\/td>\n<\/tr>\n<tr>\n<td><strong>PRECIO<\/strong><\/td>\n<td><b>65\u20ac\/ persona<\/b><br \/>\nTama\u00f1o del grupo: grupos reducidos de m\u00ednimo 2 y m\u00e1ximo 15 personas.<\/td>\n<\/tr>\n<tr>\n<td><strong>RECOMENDACIONES<\/strong><\/td>\n<td>Usar calzado y ropa c\u00f3moda<br \/>\nTraer agua<br \/>\nNo llevar bolsos grandes<br \/>\nNo traer carritos de beb\u00e9 .\n<\/td>\n<\/tr>\n<tr>\n<td><strong>INCLUYE<\/strong><\/td>\n<td><i class=\"fa fa-check icon-tick icon-tick--on\"><\/i>Gu\u00eda oficial acreditado<br \/>\n<i class=\"fa fa-check icon-tick icon-tick--on\"><\/i>Visita guiada al museo de la Huerta de la Familia Lorca<br \/>\n<\/td><\/tr>\n<\/tbody>\n<\/table>\n","protected":false},"excerpt":{"rendered":"<p>Visita para amantes de la poes\u00eda, de Lorca y de la historia de la ciudad.<\/p>\n","protected":false},"featured_media":2411,"comment_status":"open","ping_status":"closed","template":"","meta":{"_monsterinsights_skip_tracking":false,"_monsterinsights_sitenote_active":false,"_monsterinsights_sitenote_note":"","_monsterinsights_sitenote_category":0},"product_cat":[203,258],"product_tag":[75,70,149,77,143,76,146,119,120,145],"class_list":{"0":"post-2401","1":"product","2":"type-product","3":"status-publish","4":"has-post-thumbnail","6":"product_cat-tours","7":"product_cat-visitas-granada","8":"product_tag-alcazaba","9":"product_tag-alhambra","10":"product_tag-espanol","11":"product_tag-generalife","12":"product_tag-granada-es","13":"product_tag-palacio-de-carlos-v","14":"product_tag-palacios-nazaries","15":"product_tag-tour-es","16":"product_tag-visita","17":"product_tag-visita-guiada","19":"first","20":"instock","21":"featured","22":"taxable","23":"shipping-taxable","24":"purchasable","25":"product-type-tour"},"yoast_head":"<!-- This site is optimized with the Yoast SEO plugin v23.1 - https:\/\/yoast.com\/wordpress\/plugins\/seo\/ -->\n<title>Lorca en Granada - Wanderlust Granada tours<\/title>\n<meta name=\"description\" content=\"Recorreremos los lugares m\u00e1s emblem\u00e1ticos de Granada marcados por el poeta, en esta visita guiada sobre Lorca en Granada.\" \/>\n<meta name=\"robots\" content=\"index, follow, max-snippet:-1, max-image-preview:large, max-video-preview:-1\" \/>\n<link rel=\"canonical\" href=\"https:\/\/wanderlustgranadatours.com\/es\/tours\/lorca-en-granada\/\" \/>\n<meta property=\"og:locale\" content=\"es_ES\" \/>\n<meta property=\"og:type\" content=\"article\" \/>\n<meta property=\"og:title\" content=\"Lorca en Granada - Wanderlust Granada tours\" \/>\n<meta property=\"og:description\" content=\"Recorreremos los lugares m\u00e1s emblem\u00e1ticos de Granada marcados por el poeta, en esta visita guiada sobre Lorca en Granada.\" \/>\n<meta property=\"og:url\" content=\"https:\/\/wanderlustgranadatours.com\/es\/tours\/lorca-en-granada\/\" \/>\n<meta property=\"og:site_name\" content=\"Wanderlust Granada tours\" \/>\n<meta property=\"article:publisher\" content=\"https:\/\/www.facebook.com\/wanderlustgranadatours\/\" \/>\n<meta property=\"article:modified_time\" content=\"2024-10-05T12:13:49+00:00\" \/>\n<meta property=\"og:image\" content=\"https:\/\/wanderlustgranadatours.com\/wp-content\/uploads\/2024\/10\/lorca-granada-punto-portada.jpg\" \/>\n\t<meta property=\"og:image:width\" content=\"1966\" \/>\n\t<meta property=\"og:image:height\" content=\"1298\" \/>\n\t<meta property=\"og:image:type\" content=\"image\/jpeg\" \/>\n<meta name=\"twitter:card\" content=\"summary_large_image\" \/>\n<meta name=\"twitter:label1\" content=\"Tiempo de lectura\" \/>\n\t<meta name=\"twitter:data1\" content=\"1 minuto\" \/>\n<script type=\"application\/ld+json\" class=\"yoast-schema-graph\">{\"@context\":\"https:\/\/schema.org\",\"@graph\":[{\"@type\":\"WebPage\",\"@id\":\"https:\/\/wanderlustgranadatours.com\/es\/tours\/lorca-en-granada\/\",\"url\":\"https:\/\/wanderlustgranadatours.com\/es\/tours\/lorca-en-granada\/\",\"name\":\"Lorca en Granada - Wanderlust Granada tours\",\"isPartOf\":{\"@id\":\"https:\/\/wanderlustgranadatours.com\/#website\"},\"primaryImageOfPage\":{\"@id\":\"https:\/\/wanderlustgranadatours.com\/es\/tours\/lorca-en-granada\/#primaryimage\"},\"image\":{\"@id\":\"https:\/\/wanderlustgranadatours.com\/es\/tours\/lorca-en-granada\/#primaryimage\"},\"thumbnailUrl\":\"https:\/\/wanderlustgranadatours.com\/wp-content\/uploads\/2024\/10\/lorca-granada-punto-portada.jpg\",\"datePublished\":\"2024-09-11T20:00:54+00:00\",\"dateModified\":\"2024-10-05T12:13:49+00:00\",\"description\":\"Recorreremos los lugares m\u00e1s emblem\u00e1ticos de Granada marcados por el poeta, en esta visita guiada sobre Lorca en Granada.\",\"breadcrumb\":{\"@id\":\"https:\/\/wanderlustgranadatours.com\/es\/tours\/lorca-en-granada\/#breadcrumb\"},\"inLanguage\":\"es\",\"potentialAction\":[{\"@type\":\"ReadAction\",\"target\":[\"https:\/\/wanderlustgranadatours.com\/es\/tours\/lorca-en-granada\/\"]}]},{\"@type\":\"ImageObject\",\"inLanguage\":\"es\",\"@id\":\"https:\/\/wanderlustgranadatours.com\/es\/tours\/lorca-en-granada\/#primaryimage\",\"url\":\"https:\/\/wanderlustgranadatours.com\/wp-content\/uploads\/2024\/10\/lorca-granada-punto-portada.jpg\",\"contentUrl\":\"https:\/\/wanderlustgranadatours.com\/wp-content\/uploads\/2024\/10\/lorca-granada-punto-portada.jpg\",\"width\":1966,\"height\":1298,\"caption\":\"Lorca en Granada - Wanderlust Granada Tours\"},{\"@type\":\"BreadcrumbList\",\"@id\":\"https:\/\/wanderlustgranadatours.com\/es\/tours\/lorca-en-granada\/#breadcrumb\",\"itemListElement\":[{\"@type\":\"ListItem\",\"position\":1,\"name\":\"Portada\",\"item\":\"https:\/\/wanderlustgranadatours.com\/es\/\"},{\"@type\":\"ListItem\",\"position\":2,\"name\":\"Tienda\",\"item\":\"https:\/\/wanderlustgranadatours.com\/es\/tienda\/\"},{\"@type\":\"ListItem\",\"position\":3,\"name\":\"Lorca en Granada\"}]},{\"@type\":\"WebSite\",\"@id\":\"https:\/\/wanderlustgranadatours.com\/#website\",\"url\":\"https:\/\/wanderlustgranadatours.com\/\",\"name\":\"Wanderlust Granada tours\",\"description\":\"Tours m\u00e1gicos por Granada\",\"potentialAction\":[{\"@type\":\"SearchAction\",\"target\":{\"@type\":\"EntryPoint\",\"urlTemplate\":\"https:\/\/wanderlustgranadatours.com\/?s={search_term_string}\"},\"query-input\":\"required name=search_term_string\"}],\"inLanguage\":\"es\"}]}<\/script>\n<!-- \/ Yoast SEO plugin. -->","yoast_head_json":{"title":"Lorca en Granada - Wanderlust Granada tours","description":"Recorreremos los lugares m\u00e1s emblem\u00e1ticos de Granada marcados por el poeta, en esta visita guiada sobre Lorca en Granada.","robots":{"index":"index","follow":"follow","max-snippet":"max-snippet:-1","max-image-preview":"max-image-preview:large","max-video-preview":"max-video-preview:-1"},"canonical":"https:\/\/wanderlustgranadatours.com\/es\/tours\/lorca-en-granada\/","og_locale":"es_ES","og_type":"article","og_title":"Lorca en Granada - Wanderlust Granada tours","og_description":"Recorreremos los lugares m\u00e1s emblem\u00e1ticos de Granada marcados por el poeta, en esta visita guiada sobre Lorca en Granada.","og_url":"https:\/\/wanderlustgranadatours.com\/es\/tours\/lorca-en-granada\/","og_site_name":"Wanderlust Granada tours","article_publisher":"https:\/\/www.facebook.com\/wanderlustgranadatours\/","article_modified_time":"2024-10-05T12:13:49+00:00","og_image":[{"width":1966,"height":1298,"url":"https:\/\/wanderlustgranadatours.com\/wp-content\/uploads\/2024\/10\/lorca-granada-punto-portada.jpg","type":"image\/jpeg"}],"twitter_card":"summary_large_image","twitter_misc":{"Tiempo de lectura":"1 minuto"},"schema":{"@context":"https:\/\/schema.org","@graph":[{"@type":"WebPage","@id":"https:\/\/wanderlustgranadatours.com\/es\/tours\/lorca-en-granada\/","url":"https:\/\/wanderlustgranadatours.com\/es\/tours\/lorca-en-granada\/","name":"Lorca en Granada - Wanderlust Granada tours","isPartOf":{"@id":"https:\/\/wanderlustgranadatours.com\/#website"},"primaryImageOfPage":{"@id":"https:\/\/wanderlustgranadatours.com\/es\/tours\/lorca-en-granada\/#primaryimage"},"image":{"@id":"https:\/\/wanderlustgranadatours.com\/es\/tours\/lorca-en-granada\/#primaryimage"},"thumbnailUrl":"https:\/\/wanderlustgranadatours.com\/wp-content\/uploads\/2024\/10\/lorca-granada-punto-portada.jpg","datePublished":"2024-09-11T20:00:54+00:00","dateModified":"2024-10-05T12:13:49+00:00","description":"Recorreremos los lugares m\u00e1s emblem\u00e1ticos de Granada marcados por el poeta, en esta visita guiada sobre Lorca en Granada.","breadcrumb":{"@id":"https:\/\/wanderlustgranadatours.com\/es\/tours\/lorca-en-granada\/#breadcrumb"},"inLanguage":"es","potentialAction":[{"@type":"ReadAction","target":["https:\/\/wanderlustgranadatours.com\/es\/tours\/lorca-en-granada\/"]}]},{"@type":"ImageObject","inLanguage":"es","@id":"https:\/\/wanderlustgranadatours.com\/es\/tours\/lorca-en-granada\/#primaryimage","url":"https:\/\/wanderlustgranadatours.com\/wp-content\/uploads\/2024\/10\/lorca-granada-punto-portada.jpg","contentUrl":"https:\/\/wanderlustgranadatours.com\/wp-content\/uploads\/2024\/10\/lorca-granada-punto-portada.jpg","width":1966,"height":1298,"caption":"Lorca en Granada - Wanderlust Granada Tours"},{"@type":"BreadcrumbList","@id":"https:\/\/wanderlustgranadatours.com\/es\/tours\/lorca-en-granada\/#breadcrumb","itemListElement":[{"@type":"ListItem","position":1,"name":"Portada","item":"https:\/\/wanderlustgranadatours.com\/es\/"},{"@type":"ListItem","position":2,"name":"Tienda","item":"https:\/\/wanderlustgranadatours.com\/es\/tienda\/"},{"@type":"ListItem","position":3,"name":"Lorca en Granada"}]},{"@type":"WebSite","@id":"https:\/\/wanderlustgranadatours.com\/#website","url":"https:\/\/wanderlustgranadatours.com\/","name":"Wanderlust Granada tours","description":"Tours m\u00e1gicos por Granada","potentialAction":[{"@type":"SearchAction","target":{"@type":"EntryPoint","urlTemplate":"https:\/\/wanderlustgranadatours.com\/?s={search_term_string}"},"query-input":"required name=search_term_string"}],"inLanguage":"es"}]}},"_links":{"self":[{"href":"https:\/\/wanderlustgranadatours.com\/es\/wp-json\/wp\/v2\/product\/2401"}],"collection":[{"href":"https:\/\/wanderlustgranadatours.com\/es\/wp-json\/wp\/v2\/product"}],"about":[{"href":"https:\/\/wanderlustgranadatours.com\/es\/wp-json\/wp\/v2\/types\/product"}],"replies":[{"embeddable":true,"href":"https:\/\/wanderlustgranadatours.com\/es\/wp-json\/wp\/v2\/comments?post=2401"}],"wp:featuredmedia":[{"embeddable":true,"href":"https:\/\/wanderlustgranadatours.com\/es\/wp-json\/wp\/v2\/media\/2411"}],"wp:attachment":[{"href":"https:\/\/wanderlustgranadatours.com\/es\/wp-json\/wp\/v2\/media?parent=2401"}],"wp:term":[{"taxonomy":"product_cat","embeddable":true,"href":"https:\/\/wanderlustgranadatours.com\/es\/wp-json\/wp\/v2\/product_cat?post=2401"},{"taxonomy":"product_tag","embeddable":true,"href":"https:\/\/wanderlustgranadatours.com\/es\/wp-json\/wp\/v2\/product_tag?post=2401"}],"curies":[{"name":"wp","href":"https:\/\/api.w.org\/{rel}","templated":true}]}}