{"id":2356,"date":"2024-07-29T20:33:47","date_gmt":"2024-07-29T20:33:47","guid":{"rendered":"https:\/\/wanderlustgranadatours.com\/?post_type=product&#038;p=2356"},"modified":"2024-08-02T20:38:28","modified_gmt":"2024-08-02T20:38:28","slug":"granada-de-postal","status":"publish","type":"product","link":"https:\/\/wanderlustgranadatours.com\/es\/tours\/granada-de-postal\/","title":{"rendered":"Granada de postal"},"content":{"rendered":"<h4>Si disfrutas como nadie de la fotograf\u00eda y quieres capturar los momentos y lugares m\u00e1s bonitos de la ciudad esta visita a Granada de postal es perfecta para ti.<\/h4>\n<p>Con nosotros podr\u00e9is inmortalizar esa puesta de sol de pel\u00edcula, encontrar puertas \u00e1rabes llenas de color, preciosos jardines verdes y calles y rincones \u00fanicos. Conocemos lugares preciosos y poco comunes. En esta visita tan especial los hemos unido todos para que no te los pierdas.<\/p>\n<table class=\"table table-bordered tours-tabs__table\" style=\"height: 233px;\" width=\"862\">\n<tbody>\n<tr>\n<td><strong>IDIOMA<\/strong><\/td>\n<td>espa\u00f1ol<\/td>\n<\/tr>\n<tr>\n<td><strong>DURACI\u00d3N<\/strong><\/td>\n<td>3 horas<\/td>\n<\/tr>\n<tr>\n<td><strong>RECORRIDO<\/strong><\/td>\n<td> Albaic\u00edn y Sacromonte.<\/td>\n<\/tr>\n<tr>\n<td><strong>PRECIO<\/strong><\/td>\n<td><b>65\u20ac\/ persona<\/b><br \/>\nTama\u00f1o del grupo: \u00a0Visita guiada en grupos reducidos.<\/td>\n<\/tr>\n<tr>\n<td><strong>RECOMENDACIONES<\/strong><\/td>\n<td>Usar calzado y ropa c\u00f3moda.<br \/>\nTraer agua.<br \/>\nTraer c\u00e1mara fotogr\u00e1fica.<br \/>\nTraer Tu mejor sonrisa.\n<\/td>\n<\/tr>\n<tr>\n<td><strong>INCLUYE<\/strong><\/td>\n<td><i class=\"fa fa-check icon-tick icon-tick--on\"><\/i>Visita con gu\u00eda oficial acreditado<br \/>\n<\/td><\/tr>\n<tr>\n<td><strong>NO INCLUYE<\/strong><\/td>\n<td><i class=\"fa fa-times icon-tick icon-tick--off\"><\/i>Material fotogr\u00e1fico<br \/>\n<i class=\"fa fa-times icon-tick icon-tick--off\"><\/i>Fot\u00f3grafo profesional<br \/>\n<\/td><\/tr>\n<tr>\n<td><strong>IMPORTANTE<\/strong><\/td>\n<td><i class=\"fa fa-times icon-tick icon-tick--off\"><\/i>Visita no apta para personas con movilidad reducida <\/td>\n<\/tr>\n<\/tbody>\n<\/table>\n","protected":false},"excerpt":{"rendered":"<p>Disfruta la fotograf\u00eda y captura los momentos y lugares m\u00e1s bonitos de Granada.<\/p>\n","protected":false},"featured_media":2372,"comment_status":"open","ping_status":"closed","template":"","meta":{"_monsterinsights_skip_tracking":false,"_monsterinsights_sitenote_active":false,"_monsterinsights_sitenote_note":"","_monsterinsights_sitenote_category":0},"product_cat":[203,258],"product_tag":[75,70,149,77,143,76,146,119,120,145],"class_list":{"0":"post-2356","1":"product","2":"type-product","3":"status-publish","4":"has-post-thumbnail","6":"product_cat-tours","7":"product_cat-visitas-granada","8":"product_tag-alcazaba","9":"product_tag-alhambra","10":"product_tag-espanol","11":"product_tag-generalife","12":"product_tag-granada-es","13":"product_tag-palacio-de-carlos-v","14":"product_tag-palacios-nazaries","15":"product_tag-tour-es","16":"product_tag-visita","17":"product_tag-visita-guiada","19":"first","20":"instock","21":"featured","22":"taxable","23":"shipping-taxable","24":"purchasable","25":"product-type-tour"},"yoast_head":"<!-- This site is optimized with the Yoast SEO plugin v23.1 - https:\/\/yoast.com\/wordpress\/plugins\/seo\/ -->\n<title>Granada de postal - Wanderlust Granada tours<\/title>\n<meta name=\"description\" content=\"Si disfrutas de la fotograf\u00eda y quieres capturar los momentos y lugares m\u00e1s bonitos de la ciudad esta visita a Granada de postal es perfecta para ti.\" \/>\n<meta name=\"robots\" content=\"index, follow, max-snippet:-1, max-image-preview:large, max-video-preview:-1\" \/>\n<link rel=\"canonical\" href=\"https:\/\/wanderlustgranadatours.com\/es\/tours\/granada-de-postal\/\" \/>\n<meta property=\"og:locale\" content=\"es_ES\" \/>\n<meta property=\"og:type\" content=\"article\" \/>\n<meta property=\"og:title\" content=\"Granada de postal - Wanderlust Granada tours\" \/>\n<meta property=\"og:description\" content=\"Si disfrutas de la fotograf\u00eda y quieres capturar los momentos y lugares m\u00e1s bonitos de la ciudad esta visita a Granada de postal es perfecta para ti.\" \/>\n<meta property=\"og:url\" content=\"https:\/\/wanderlustgranadatours.com\/es\/tours\/granada-de-postal\/\" \/>\n<meta property=\"og:site_name\" content=\"Wanderlust Granada tours\" \/>\n<meta property=\"article:publisher\" content=\"https:\/\/www.facebook.com\/wanderlustgranadatours\/\" \/>\n<meta property=\"article:modified_time\" content=\"2024-08-02T20:38:28+00:00\" \/>\n<meta property=\"og:image\" content=\"https:\/\/wanderlustgranadatours.com\/wp-content\/uploads\/2024\/08\/Granada-postal-06.jpg\" \/>\n\t<meta property=\"og:image:width\" content=\"1966\" \/>\n\t<meta property=\"og:image:height\" content=\"1298\" \/>\n\t<meta property=\"og:image:type\" content=\"image\/jpeg\" \/>\n<meta name=\"twitter:card\" content=\"summary_large_image\" \/>\n<meta name=\"twitter:label1\" content=\"Tiempo de lectura\" \/>\n\t<meta name=\"twitter:data1\" content=\"1 minuto\" \/>\n<script type=\"application\/ld+json\" class=\"yoast-schema-graph\">{\"@context\":\"https:\/\/schema.org\",\"@graph\":[{\"@type\":\"WebPage\",\"@id\":\"https:\/\/wanderlustgranadatours.com\/es\/tours\/granada-de-postal\/\",\"url\":\"https:\/\/wanderlustgranadatours.com\/es\/tours\/granada-de-postal\/\",\"name\":\"Granada de postal - Wanderlust Granada tours\",\"isPartOf\":{\"@id\":\"https:\/\/wanderlustgranadatours.com\/#website\"},\"primaryImageOfPage\":{\"@id\":\"https:\/\/wanderlustgranadatours.com\/es\/tours\/granada-de-postal\/#primaryimage\"},\"image\":{\"@id\":\"https:\/\/wanderlustgranadatours.com\/es\/tours\/granada-de-postal\/#primaryimage\"},\"thumbnailUrl\":\"https:\/\/wanderlustgranadatours.com\/wp-content\/uploads\/2024\/08\/Granada-postal-06.jpg\",\"datePublished\":\"2024-07-29T20:33:47+00:00\",\"dateModified\":\"2024-08-02T20:38:28+00:00\",\"description\":\"Si disfrutas de la fotograf\u00eda y quieres capturar los momentos y lugares m\u00e1s bonitos de la ciudad esta visita a Granada de postal es perfecta para ti.\",\"breadcrumb\":{\"@id\":\"https:\/\/wanderlustgranadatours.com\/es\/tours\/granada-de-postal\/#breadcrumb\"},\"inLanguage\":\"es\",\"potentialAction\":[{\"@type\":\"ReadAction\",\"target\":[\"https:\/\/wanderlustgranadatours.com\/es\/tours\/granada-de-postal\/\"]}]},{\"@type\":\"ImageObject\",\"inLanguage\":\"es\",\"@id\":\"https:\/\/wanderlustgranadatours.com\/es\/tours\/granada-de-postal\/#primaryimage\",\"url\":\"https:\/\/wanderlustgranadatours.com\/wp-content\/uploads\/2024\/08\/Granada-postal-06.jpg\",\"contentUrl\":\"https:\/\/wanderlustgranadatours.com\/wp-content\/uploads\/2024\/08\/Granada-postal-06.jpg\",\"width\":1966,\"height\":1298,\"caption\":\"Granada de postal - Wanderlust Granada Tours\"},{\"@type\":\"BreadcrumbList\",\"@id\":\"https:\/\/wanderlustgranadatours.com\/es\/tours\/granada-de-postal\/#breadcrumb\",\"itemListElement\":[{\"@type\":\"ListItem\",\"position\":1,\"name\":\"Portada\",\"item\":\"https:\/\/wanderlustgranadatours.com\/es\/\"},{\"@type\":\"ListItem\",\"position\":2,\"name\":\"Tienda\",\"item\":\"https:\/\/wanderlustgranadatours.com\/es\/tienda\/\"},{\"@type\":\"ListItem\",\"position\":3,\"name\":\"Granada de postal\"}]},{\"@type\":\"WebSite\",\"@id\":\"https:\/\/wanderlustgranadatours.com\/#website\",\"url\":\"https:\/\/wanderlustgranadatours.com\/\",\"name\":\"Wanderlust Granada tours\",\"description\":\"Tours m\u00e1gicos por Granada\",\"potentialAction\":[{\"@type\":\"SearchAction\",\"target\":{\"@type\":\"EntryPoint\",\"urlTemplate\":\"https:\/\/wanderlustgranadatours.com\/?s={search_term_string}\"},\"query-input\":\"required name=search_term_string\"}],\"inLanguage\":\"es\"}]}<\/script>\n<!-- \/ Yoast SEO plugin. -->","yoast_head_json":{"title":"Granada de postal - Wanderlust Granada tours","description":"Si disfrutas de la fotograf\u00eda y quieres capturar los momentos y lugares m\u00e1s bonitos de la ciudad esta visita a Granada de postal es perfecta para ti.","robots":{"index":"index","follow":"follow","max-snippet":"max-snippet:-1","max-image-preview":"max-image-preview:large","max-video-preview":"max-video-preview:-1"},"canonical":"https:\/\/wanderlustgranadatours.com\/es\/tours\/granada-de-postal\/","og_locale":"es_ES","og_type":"article","og_title":"Granada de postal - Wanderlust Granada tours","og_description":"Si disfrutas de la fotograf\u00eda y quieres capturar los momentos y lugares m\u00e1s bonitos de la ciudad esta visita a Granada de postal es perfecta para ti.","og_url":"https:\/\/wanderlustgranadatours.com\/es\/tours\/granada-de-postal\/","og_site_name":"Wanderlust Granada tours","article_publisher":"https:\/\/www.facebook.com\/wanderlustgranadatours\/","article_modified_time":"2024-08-02T20:38:28+00:00","og_image":[{"width":1966,"height":1298,"url":"https:\/\/wanderlustgranadatours.com\/wp-content\/uploads\/2024\/08\/Granada-postal-06.jpg","type":"image\/jpeg"}],"twitter_card":"summary_large_image","twitter_misc":{"Tiempo de lectura":"1 minuto"},"schema":{"@context":"https:\/\/schema.org","@graph":[{"@type":"WebPage","@id":"https:\/\/wanderlustgranadatours.com\/es\/tours\/granada-de-postal\/","url":"https:\/\/wanderlustgranadatours.com\/es\/tours\/granada-de-postal\/","name":"Granada de postal - Wanderlust Granada tours","isPartOf":{"@id":"https:\/\/wanderlustgranadatours.com\/#website"},"primaryImageOfPage":{"@id":"https:\/\/wanderlustgranadatours.com\/es\/tours\/granada-de-postal\/#primaryimage"},"image":{"@id":"https:\/\/wanderlustgranadatours.com\/es\/tours\/granada-de-postal\/#primaryimage"},"thumbnailUrl":"https:\/\/wanderlustgranadatours.com\/wp-content\/uploads\/2024\/08\/Granada-postal-06.jpg","datePublished":"2024-07-29T20:33:47+00:00","dateModified":"2024-08-02T20:38:28+00:00","description":"Si disfrutas de la fotograf\u00eda y quieres capturar los momentos y lugares m\u00e1s bonitos de la ciudad esta visita a Granada de postal es perfecta para ti.","breadcrumb":{"@id":"https:\/\/wanderlustgranadatours.com\/es\/tours\/granada-de-postal\/#breadcrumb"},"inLanguage":"es","potentialAction":[{"@type":"ReadAction","target":["https:\/\/wanderlustgranadatours.com\/es\/tours\/granada-de-postal\/"]}]},{"@type":"ImageObject","inLanguage":"es","@id":"https:\/\/wanderlustgranadatours.com\/es\/tours\/granada-de-postal\/#primaryimage","url":"https:\/\/wanderlustgranadatours.com\/wp-content\/uploads\/2024\/08\/Granada-postal-06.jpg","contentUrl":"https:\/\/wanderlustgranadatours.com\/wp-content\/uploads\/2024\/08\/Granada-postal-06.jpg","width":1966,"height":1298,"caption":"Granada de postal - Wanderlust Granada Tours"},{"@type":"BreadcrumbList","@id":"https:\/\/wanderlustgranadatours.com\/es\/tours\/granada-de-postal\/#breadcrumb","itemListElement":[{"@type":"ListItem","position":1,"name":"Portada","item":"https:\/\/wanderlustgranadatours.com\/es\/"},{"@type":"ListItem","position":2,"name":"Tienda","item":"https:\/\/wanderlustgranadatours.com\/es\/tienda\/"},{"@type":"ListItem","position":3,"name":"Granada de postal"}]},{"@type":"WebSite","@id":"https:\/\/wanderlustgranadatours.com\/#website","url":"https:\/\/wanderlustgranadatours.com\/","name":"Wanderlust Granada tours","description":"Tours m\u00e1gicos por Granada","potentialAction":[{"@type":"SearchAction","target":{"@type":"EntryPoint","urlTemplate":"https:\/\/wanderlustgranadatours.com\/?s={search_term_string}"},"query-input":"required name=search_term_string"}],"inLanguage":"es"}]}},"_links":{"self":[{"href":"https:\/\/wanderlustgranadatours.com\/es\/wp-json\/wp\/v2\/product\/2356"}],"collection":[{"href":"https:\/\/wanderlustgranadatours.com\/es\/wp-json\/wp\/v2\/product"}],"about":[{"href":"https:\/\/wanderlustgranadatours.com\/es\/wp-json\/wp\/v2\/types\/product"}],"replies":[{"embeddable":true,"href":"https:\/\/wanderlustgranadatours.com\/es\/wp-json\/wp\/v2\/comments?post=2356"}],"wp:featuredmedia":[{"embeddable":true,"href":"https:\/\/wanderlustgranadatours.com\/es\/wp-json\/wp\/v2\/media\/2372"}],"wp:attachment":[{"href":"https:\/\/wanderlustgranadatours.com\/es\/wp-json\/wp\/v2\/media?parent=2356"}],"wp:term":[{"taxonomy":"product_cat","embeddable":true,"href":"https:\/\/wanderlustgranadatours.com\/es\/wp-json\/wp\/v2\/product_cat?post=2356"},{"taxonomy":"product_tag","embeddable":true,"href":"https:\/\/wanderlustgranadatours.com\/es\/wp-json\/wp\/v2\/product_tag?post=2356"}],"curies":[{"name":"wp","href":"https:\/\/api.w.org\/{rel}","templated":true}]}}