{"id":2281,"date":"2024-05-25T18:35:54","date_gmt":"2024-05-25T18:35:54","guid":{"rendered":"https:\/\/wanderlustgranadatours.com\/?post_type=product&#038;p=2281"},"modified":"2024-05-25T19:18:28","modified_gmt":"2024-05-25T19:18:28","slug":"los-cahorros-y-sus-puentes-colgantes","status":"publish","type":"product","link":"https:\/\/wanderlustgranadatours.com\/es\/tours\/los-cahorros-y-sus-puentes-colgantes\/","title":{"rendered":"Senderismo: Los Cahorros y sus puentes colgantes desde Granada"},"content":{"rendered":"<p>Visita guiada en grupos reducidos para amantes de la naturaleza, porque Granada es mucho m\u00e1s que la Alhambra y su casco hist\u00f3rico. Est\u00e1 rodeada de monta\u00f1as, parques naturales y r\u00edos que la hacen perfecta para hacer senderismo y poder disfrutar de la serenidad que nos aportan esos lugares.<\/p>\n<p>Los Cahorros es nuestra ruta favorita. De dificultad baja-media, es perfecta para adentrarse en una aventura natural entre frondosos senderos, con el r\u00edo Monachil acompa\u00f1\u00e1ndonos y largos puentes colgantes de madera. Un lugar precioso donde poder disfrutar de una ruta de senderismo en plena naturaleza.<\/p>\n<h4>Un lugar precioso donde poder disfrutar de una ruta de senderismo en plena naturaleza.<\/h4>\n<table class=\"table table-bordered tours-tabs__table\" style=\"height: 233px;\" width=\"862\">\n<tbody>\n<tr>\n<td><strong>IDIOMA<\/strong><\/td>\n<td>espa\u00f1ol<\/td>\n<\/tr>\n<tr>\n<td><strong>DURACI\u00d3N<\/strong><\/td>\n<td>3 horas y 30 minutos<\/td>\n<\/tr>\n<tr>\n<td><strong>RECORRIDO<\/strong><\/td>\n<td>Granada &#8211; Monachil &#8211; ruta Cahorros &#8211; vuelta a Granada<\/td>\n<\/tr>\n<tr>\n<td><strong>TAMA\u00d1O DEL GRUPO<\/strong><\/td>\n<td> Salida con un m\u00ednimo de 2 personas y un m\u00e1ximo de 7 personas.<\/td>\n<\/tr>\n<tr>\n<td><strong>PRECIO<\/strong><\/td>\n<td>85\u20ac por persona.<\/td>\n<\/tr>\n<tr>\n<td><strong>PUNTO DE ENCUENTRO<\/strong><\/td>\n<td>Recogida desde hotel o en caso de no ser accesible, desde alg\u00fan punto cercano a \u00e9ste.<\/td>\n<\/tr>\n<tr>\n<td><strong>HORA DE SALIDA<\/strong><\/td>\n<td>8:00 <\/td>\n<\/tr>\n<tr>\n<td><strong>INCLUYE<\/strong><\/td>\n<td>\n<table class=\"table table-bordered\" style=\"height: 62px;\" width=\"300\">\n<tbody>\n<tr>\n<td><i class=\"fa fa-check icon-tick icon-tick--on\"><\/i>Gu\u00eda oficial acreditado.<\/td>\n<td><i class=\"fa fa-check icon-tick icon-tick--on\"><\/i>Transporte desde Granada ida y vuelta.<\/td>\n<\/tr>\n<\/tbody>\n<\/table>\n<\/td>\n<\/tr>\n<tr>\n<td><strong>RECOMENDACIONES<\/strong><\/td>\n<td>Usar calzado y ropa adecuada para senderismo.<br \/>\nTraer agua.<br \/>\nNo llevar bolsos grandes.<\/td>\n<\/tr>\n<tr>\n<td><strong>IMPORTANTE<\/strong><\/td>\n<td>Visita sujeta a condiciones clim\u00e1ticas.<br \/>\nNo apto para personas con dificultad para caminar, para agacharse, con alg\u00fan tipo de lesi\u00f3n o con v\u00e9rtigo.<br \/>\nSi prefieres realizar este tour de forma  privada puedes escribirnos un email a: <a href=\"mailto:info@wanderlustgranadatours.com\">info@wanderlustgranadatours.com<\/a><\/td>\n<\/tr>\n<\/tbody>\n<\/table>\n","protected":false},"excerpt":{"rendered":"<p>Un lugar precioso donde poder disfrutar de una ruta de senderismo en plena naturaleza.<\/p>\n","protected":false},"featured_media":2296,"comment_status":"open","ping_status":"closed","template":"","meta":{"_monsterinsights_skip_tracking":false,"_monsterinsights_sitenote_active":false,"_monsterinsights_sitenote_note":"","_monsterinsights_sitenote_category":0},"product_cat":[265],"product_tag":[],"class_list":{"0":"post-2281","1":"product","2":"type-product","3":"status-publish","4":"has-post-thumbnail","6":"product_cat-experiencias-excursiones","8":"first","9":"instock","10":"taxable","11":"shipping-taxable","12":"purchasable","13":"product-type-tour"},"yoast_head":"<!-- This site is optimized with the Yoast SEO plugin v23.1 - https:\/\/yoast.com\/wordpress\/plugins\/seo\/ -->\n<title>Los Cahorros y sus puentes colgantes - Wanderlust Granada tours<\/title>\n<meta name=\"description\" content=\"Los Cahorros es nuestra ruta favorita. Un lugar precioso donde poder disfrutar de una ruta de senderismo en plena naturaleza.\" \/>\n<meta name=\"robots\" content=\"index, follow, max-snippet:-1, max-image-preview:large, max-video-preview:-1\" \/>\n<link rel=\"canonical\" href=\"https:\/\/wanderlustgranadatours.com\/es\/tours\/los-cahorros-y-sus-puentes-colgantes\/\" \/>\n<meta property=\"og:locale\" content=\"es_ES\" \/>\n<meta property=\"og:type\" content=\"article\" \/>\n<meta property=\"og:title\" content=\"Los Cahorros y sus puentes colgantes - Wanderlust Granada tours\" \/>\n<meta property=\"og:description\" content=\"Los Cahorros es nuestra ruta favorita. Un lugar precioso donde poder disfrutar de una ruta de senderismo en plena naturaleza.\" \/>\n<meta property=\"og:url\" content=\"https:\/\/wanderlustgranadatours.com\/es\/tours\/los-cahorros-y-sus-puentes-colgantes\/\" \/>\n<meta property=\"og:site_name\" content=\"Wanderlust Granada tours\" \/>\n<meta property=\"article:publisher\" content=\"https:\/\/www.facebook.com\/wanderlustgranadatours\/\" \/>\n<meta property=\"article:modified_time\" content=\"2024-05-25T19:18:28+00:00\" \/>\n<meta property=\"og:image\" content=\"https:\/\/wanderlustgranadatours.com\/wp-content\/uploads\/2024\/05\/cahorros-portada-01.jpg\" \/>\n\t<meta property=\"og:image:width\" content=\"1966\" \/>\n\t<meta property=\"og:image:height\" content=\"1298\" \/>\n\t<meta property=\"og:image:type\" content=\"image\/jpeg\" \/>\n<meta name=\"twitter:card\" content=\"summary_large_image\" \/>\n<meta name=\"twitter:label1\" content=\"Tiempo de lectura\" \/>\n\t<meta name=\"twitter:data1\" content=\"2 minutos\" \/>\n<script type=\"application\/ld+json\" class=\"yoast-schema-graph\">{\"@context\":\"https:\/\/schema.org\",\"@graph\":[{\"@type\":\"WebPage\",\"@id\":\"https:\/\/wanderlustgranadatours.com\/es\/tours\/los-cahorros-y-sus-puentes-colgantes\/\",\"url\":\"https:\/\/wanderlustgranadatours.com\/es\/tours\/los-cahorros-y-sus-puentes-colgantes\/\",\"name\":\"Los Cahorros y sus puentes colgantes - Wanderlust Granada tours\",\"isPartOf\":{\"@id\":\"https:\/\/wanderlustgranadatours.com\/#website\"},\"primaryImageOfPage\":{\"@id\":\"https:\/\/wanderlustgranadatours.com\/es\/tours\/los-cahorros-y-sus-puentes-colgantes\/#primaryimage\"},\"image\":{\"@id\":\"https:\/\/wanderlustgranadatours.com\/es\/tours\/los-cahorros-y-sus-puentes-colgantes\/#primaryimage\"},\"thumbnailUrl\":\"https:\/\/wanderlustgranadatours.com\/wp-content\/uploads\/2024\/05\/cahorros-portada-01.jpg\",\"datePublished\":\"2024-05-25T18:35:54+00:00\",\"dateModified\":\"2024-05-25T19:18:28+00:00\",\"description\":\"Los Cahorros es nuestra ruta favorita. Un lugar precioso donde poder disfrutar de una ruta de senderismo en plena naturaleza.\",\"breadcrumb\":{\"@id\":\"https:\/\/wanderlustgranadatours.com\/es\/tours\/los-cahorros-y-sus-puentes-colgantes\/#breadcrumb\"},\"inLanguage\":\"es\",\"potentialAction\":[{\"@type\":\"ReadAction\",\"target\":[\"https:\/\/wanderlustgranadatours.com\/es\/tours\/los-cahorros-y-sus-puentes-colgantes\/\"]}]},{\"@type\":\"ImageObject\",\"inLanguage\":\"es\",\"@id\":\"https:\/\/wanderlustgranadatours.com\/es\/tours\/los-cahorros-y-sus-puentes-colgantes\/#primaryimage\",\"url\":\"https:\/\/wanderlustgranadatours.com\/wp-content\/uploads\/2024\/05\/cahorros-portada-01.jpg\",\"contentUrl\":\"https:\/\/wanderlustgranadatours.com\/wp-content\/uploads\/2024\/05\/cahorros-portada-01.jpg\",\"width\":1966,\"height\":1298,\"caption\":\"Los Cahorros y sus puentes colgantes - Wanderlust Granada Tours\"},{\"@type\":\"BreadcrumbList\",\"@id\":\"https:\/\/wanderlustgranadatours.com\/es\/tours\/los-cahorros-y-sus-puentes-colgantes\/#breadcrumb\",\"itemListElement\":[{\"@type\":\"ListItem\",\"position\":1,\"name\":\"Portada\",\"item\":\"https:\/\/wanderlustgranadatours.com\/es\/\"},{\"@type\":\"ListItem\",\"position\":2,\"name\":\"Tienda\",\"item\":\"https:\/\/wanderlustgranadatours.com\/es\/tienda\/\"},{\"@type\":\"ListItem\",\"position\":3,\"name\":\"Senderismo: Los Cahorros y sus puentes colgantes desde Granada\"}]},{\"@type\":\"WebSite\",\"@id\":\"https:\/\/wanderlustgranadatours.com\/#website\",\"url\":\"https:\/\/wanderlustgranadatours.com\/\",\"name\":\"Wanderlust Granada tours\",\"description\":\"Tours m\u00e1gicos por Granada\",\"potentialAction\":[{\"@type\":\"SearchAction\",\"target\":{\"@type\":\"EntryPoint\",\"urlTemplate\":\"https:\/\/wanderlustgranadatours.com\/?s={search_term_string}\"},\"query-input\":\"required name=search_term_string\"}],\"inLanguage\":\"es\"}]}<\/script>\n<!-- \/ Yoast SEO plugin. -->","yoast_head_json":{"title":"Los Cahorros y sus puentes colgantes - Wanderlust Granada tours","description":"Los Cahorros es nuestra ruta favorita. Un lugar precioso donde poder disfrutar de una ruta de senderismo en plena naturaleza.","robots":{"index":"index","follow":"follow","max-snippet":"max-snippet:-1","max-image-preview":"max-image-preview:large","max-video-preview":"max-video-preview:-1"},"canonical":"https:\/\/wanderlustgranadatours.com\/es\/tours\/los-cahorros-y-sus-puentes-colgantes\/","og_locale":"es_ES","og_type":"article","og_title":"Los Cahorros y sus puentes colgantes - Wanderlust Granada tours","og_description":"Los Cahorros es nuestra ruta favorita. Un lugar precioso donde poder disfrutar de una ruta de senderismo en plena naturaleza.","og_url":"https:\/\/wanderlustgranadatours.com\/es\/tours\/los-cahorros-y-sus-puentes-colgantes\/","og_site_name":"Wanderlust Granada tours","article_publisher":"https:\/\/www.facebook.com\/wanderlustgranadatours\/","article_modified_time":"2024-05-25T19:18:28+00:00","og_image":[{"width":1966,"height":1298,"url":"https:\/\/wanderlustgranadatours.com\/wp-content\/uploads\/2024\/05\/cahorros-portada-01.jpg","type":"image\/jpeg"}],"twitter_card":"summary_large_image","twitter_misc":{"Tiempo de lectura":"2 minutos"},"schema":{"@context":"https:\/\/schema.org","@graph":[{"@type":"WebPage","@id":"https:\/\/wanderlustgranadatours.com\/es\/tours\/los-cahorros-y-sus-puentes-colgantes\/","url":"https:\/\/wanderlustgranadatours.com\/es\/tours\/los-cahorros-y-sus-puentes-colgantes\/","name":"Los Cahorros y sus puentes colgantes - Wanderlust Granada tours","isPartOf":{"@id":"https:\/\/wanderlustgranadatours.com\/#website"},"primaryImageOfPage":{"@id":"https:\/\/wanderlustgranadatours.com\/es\/tours\/los-cahorros-y-sus-puentes-colgantes\/#primaryimage"},"image":{"@id":"https:\/\/wanderlustgranadatours.com\/es\/tours\/los-cahorros-y-sus-puentes-colgantes\/#primaryimage"},"thumbnailUrl":"https:\/\/wanderlustgranadatours.com\/wp-content\/uploads\/2024\/05\/cahorros-portada-01.jpg","datePublished":"2024-05-25T18:35:54+00:00","dateModified":"2024-05-25T19:18:28+00:00","description":"Los Cahorros es nuestra ruta favorita. Un lugar precioso donde poder disfrutar de una ruta de senderismo en plena naturaleza.","breadcrumb":{"@id":"https:\/\/wanderlustgranadatours.com\/es\/tours\/los-cahorros-y-sus-puentes-colgantes\/#breadcrumb"},"inLanguage":"es","potentialAction":[{"@type":"ReadAction","target":["https:\/\/wanderlustgranadatours.com\/es\/tours\/los-cahorros-y-sus-puentes-colgantes\/"]}]},{"@type":"ImageObject","inLanguage":"es","@id":"https:\/\/wanderlustgranadatours.com\/es\/tours\/los-cahorros-y-sus-puentes-colgantes\/#primaryimage","url":"https:\/\/wanderlustgranadatours.com\/wp-content\/uploads\/2024\/05\/cahorros-portada-01.jpg","contentUrl":"https:\/\/wanderlustgranadatours.com\/wp-content\/uploads\/2024\/05\/cahorros-portada-01.jpg","width":1966,"height":1298,"caption":"Los Cahorros y sus puentes colgantes - Wanderlust Granada Tours"},{"@type":"BreadcrumbList","@id":"https:\/\/wanderlustgranadatours.com\/es\/tours\/los-cahorros-y-sus-puentes-colgantes\/#breadcrumb","itemListElement":[{"@type":"ListItem","position":1,"name":"Portada","item":"https:\/\/wanderlustgranadatours.com\/es\/"},{"@type":"ListItem","position":2,"name":"Tienda","item":"https:\/\/wanderlustgranadatours.com\/es\/tienda\/"},{"@type":"ListItem","position":3,"name":"Senderismo: Los Cahorros y sus puentes colgantes desde Granada"}]},{"@type":"WebSite","@id":"https:\/\/wanderlustgranadatours.com\/#website","url":"https:\/\/wanderlustgranadatours.com\/","name":"Wanderlust Granada tours","description":"Tours m\u00e1gicos por Granada","potentialAction":[{"@type":"SearchAction","target":{"@type":"EntryPoint","urlTemplate":"https:\/\/wanderlustgranadatours.com\/?s={search_term_string}"},"query-input":"required name=search_term_string"}],"inLanguage":"es"}]}},"_links":{"self":[{"href":"https:\/\/wanderlustgranadatours.com\/es\/wp-json\/wp\/v2\/product\/2281"}],"collection":[{"href":"https:\/\/wanderlustgranadatours.com\/es\/wp-json\/wp\/v2\/product"}],"about":[{"href":"https:\/\/wanderlustgranadatours.com\/es\/wp-json\/wp\/v2\/types\/product"}],"replies":[{"embeddable":true,"href":"https:\/\/wanderlustgranadatours.com\/es\/wp-json\/wp\/v2\/comments?post=2281"}],"wp:featuredmedia":[{"embeddable":true,"href":"https:\/\/wanderlustgranadatours.com\/es\/wp-json\/wp\/v2\/media\/2296"}],"wp:attachment":[{"href":"https:\/\/wanderlustgranadatours.com\/es\/wp-json\/wp\/v2\/media?parent=2281"}],"wp:term":[{"taxonomy":"product_cat","embeddable":true,"href":"https:\/\/wanderlustgranadatours.com\/es\/wp-json\/wp\/v2\/product_cat?post=2281"},{"taxonomy":"product_tag","embeddable":true,"href":"https:\/\/wanderlustgranadatours.com\/es\/wp-json\/wp\/v2\/product_tag?post=2281"}],"curies":[{"name":"wp","href":"https:\/\/api.w.org\/{rel}","templated":true}]}}