{"id":2254,"date":"2024-05-14T17:41:39","date_gmt":"2024-05-14T17:41:39","guid":{"rendered":"https:\/\/wanderlustgranadatours.com\/?post_type=product&#038;p=2254"},"modified":"2024-05-25T19:22:20","modified_gmt":"2024-05-25T19:22:20","slug":"ruta-a-caballo-en-colomera","status":"publish","type":"product","link":"https:\/\/wanderlustgranadatours.com\/es\/tours\/ruta-a-caballo-en-colomera\/","title":{"rendered":"Ruta a caballo en Colomera con transporte desde Granada"},"content":{"rendered":"<p>Si eres un amante de los animales y la naturaleza, esta es tu visita. Descubre los paisajes de la sierra de Colomera con esta Ruta a caballo apta para todos los niveles.<br \/>\nEl paseo se realiza a campo abierto donde te sentir\u00e1s en una conexi\u00f3n total y \u00fanica con el caballo y la monta\u00f1a. Nuestro gu\u00eda experto te acompa\u00f1ar\u00e1 en todo momento para que puedas disfrutar y aprender al m\u00e1ximo.<br \/>\nGranada es conocida por el enclave natural que la rodea y qu\u00e9 mejor manera de conocer este paraje que a caballo.<\/p>\n<h4>No pierdas esta magn\u00edfica oportunidad de descubrir Granada de una manera distinta a lomos de este magn\u00edfico animal.<\/h4>\n<table class=\"table table-bordered tours-tabs__table\" style=\"height: 233px;\" width=\"862\">\n<tbody>\n<tr>\n<td><strong>IDIOMA<\/strong><\/td>\n<td>espa\u00f1ol<\/td>\n<\/tr>\n<tr>\n<td><strong>DURACI\u00d3N<\/strong><\/td>\n<td>2 horas<\/td>\n<\/tr>\n<tr>\n<td><strong>RECORRIDO<\/strong><\/td>\n<td>Variable, a campo abierto en la poblaci\u00f3n de Colomera.<\/td>\n<\/tr>\n<tr>\n<td><strong>N\u00ba DE PERSONAS<\/strong><\/td>\n<td>Visita guiada en grupos reducidos. Salida con un m\u00ednimo de 2 personas y un m\u00e1ximo de 6 personas. <\/td>\n<\/tr>\n<tr>\n<td><strong>PRECIO<\/strong><\/td>\n<td>85\u20ac por persona.<br \/>\nSe saldr\u00e1 con un m\u00ednimo de 2 personas y un m\u00e1ximo de 8 personas.<\/td>\n<\/tr>\n<tr>\n<td><strong>PUNTO DE ENCUENTRO<\/strong><\/td>\n<td>Nos encontraremos en la <a href=\"https:\/\/goo.gl\/maps\/Gd2Tz6BZLgGUfze2A\" rel=\"noopener\" target=\"_blank\">plaza Mariana Pineda<\/a>.<\/td>\n<\/tr>\n<tr>\n<td><strong>HORA DE COMIENZO<\/strong><\/td>\n<td>9:00h<br \/>\nSe ruega llegar <b>15 minutos antes<\/b> de la hora de encuentro indicada en los detalles de su visita guiada reservada. En caso de retraso no podremos asegurarle su incorporaci\u00f3n a \u00e9sta y no se efectuar\u00e1 el reembolso de su compra.<\/td>\n<\/tr>\n<tr>\n<td><strong>IMPORTANTE<\/strong><\/td>\n<td><b>No apto<\/b> para personas de <b>movilidad reducida<\/b>.<\/td>\n<\/tr>\n<tr>\n<td><strong>INCLUYE<\/strong><\/td>\n<td>\n<table class=\"table table-bordered\" style=\"height: 62px;\" width=\"300\">\n<tbody>\n<tr>\n<td><i class=\"fa fa-check icon-tick icon-tick--on\"><\/i>Gu\u00eda ecuestre.<\/td>\n<td><i class=\"fa fa-check icon-tick icon-tick--on\"><\/i>Transporte ida y vuelta.<\/td>\n<\/tr>\n<\/tbody>\n<\/table>\n<\/td>\n<\/tr>\n<tr>\n<td><strong>IMPORTANTE<\/strong><\/td>\n<td>No apto para personas con movilidad reducida o limitada.<br \/>\nVisita sujeta a condiciones clim\u00e1ticas.<\/td>\n<\/tr>\n<tr>\n<td><strong>RECOMENDACIONES<\/strong><\/td>\n<td>Usar calzado adecuado y ropa c\u00f3moda.<br \/>\nLlevar agua.<\/td>\n<\/tr>\n<\/tbody>\n<\/table>\n<p>Descubre Antequera desde Granada y enam\u00f3rate de la ciudad.<\/p>\n","protected":false},"excerpt":{"rendered":"<p>Descubre los paisajes de la sierra de Granada con esta ruta a caballo para todos los niveles.<\/p>\n","protected":false},"featured_media":2275,"comment_status":"open","ping_status":"closed","template":"","meta":{"_monsterinsights_skip_tracking":false,"_monsterinsights_sitenote_active":false,"_monsterinsights_sitenote_note":"","_monsterinsights_sitenote_category":0},"product_cat":[265],"product_tag":[],"class_list":{"0":"post-2254","1":"product","2":"type-product","3":"status-publish","4":"has-post-thumbnail","6":"product_cat-experiencias-excursiones","8":"first","9":"instock","10":"taxable","11":"shipping-taxable","12":"purchasable","13":"product-type-tour"},"yoast_head":"<!-- This site is optimized with the Yoast SEO plugin v23.1 - https:\/\/yoast.com\/wordpress\/plugins\/seo\/ -->\n<title>Ruta a caballo en Colomera - Wanderlust Granada tours<\/title>\n<meta name=\"description\" content=\"Descubre los paisajes de la sierra de Granada con esta ruta a caballo en Colomera apta para todos los niveles con transporte desde la ciudad.\" \/>\n<meta name=\"robots\" content=\"index, follow, max-snippet:-1, max-image-preview:large, max-video-preview:-1\" \/>\n<link rel=\"canonical\" href=\"https:\/\/wanderlustgranadatours.com\/es\/tours\/ruta-a-caballo-en-colomera\/\" \/>\n<meta property=\"og:locale\" content=\"es_ES\" \/>\n<meta property=\"og:type\" content=\"article\" \/>\n<meta property=\"og:title\" content=\"Ruta a caballo en Colomera - Wanderlust Granada tours\" \/>\n<meta property=\"og:description\" content=\"Descubre los paisajes de la sierra de Granada con esta ruta a caballo en Colomera apta para todos los niveles con transporte desde la ciudad.\" \/>\n<meta property=\"og:url\" content=\"https:\/\/wanderlustgranadatours.com\/es\/tours\/ruta-a-caballo-en-colomera\/\" \/>\n<meta property=\"og:site_name\" content=\"Wanderlust Granada tours\" \/>\n<meta property=\"article:publisher\" content=\"https:\/\/www.facebook.com\/wanderlustgranadatours\/\" \/>\n<meta property=\"article:modified_time\" content=\"2024-05-25T19:22:20+00:00\" \/>\n<meta property=\"og:image\" content=\"https:\/\/wanderlustgranadatours.com\/wp-content\/uploads\/2024\/05\/caballo-Colomera-portada-01.jpg\" \/>\n\t<meta property=\"og:image:width\" content=\"1966\" \/>\n\t<meta property=\"og:image:height\" content=\"1298\" \/>\n\t<meta property=\"og:image:type\" content=\"image\/jpeg\" \/>\n<meta name=\"twitter:card\" content=\"summary_large_image\" \/>\n<meta name=\"twitter:label1\" content=\"Tiempo de lectura\" \/>\n\t<meta name=\"twitter:data1\" content=\"2 minutos\" \/>\n<script type=\"application\/ld+json\" class=\"yoast-schema-graph\">{\"@context\":\"https:\/\/schema.org\",\"@graph\":[{\"@type\":\"WebPage\",\"@id\":\"https:\/\/wanderlustgranadatours.com\/es\/tours\/ruta-a-caballo-en-colomera\/\",\"url\":\"https:\/\/wanderlustgranadatours.com\/es\/tours\/ruta-a-caballo-en-colomera\/\",\"name\":\"Ruta a caballo en Colomera - Wanderlust Granada tours\",\"isPartOf\":{\"@id\":\"https:\/\/wanderlustgranadatours.com\/#website\"},\"primaryImageOfPage\":{\"@id\":\"https:\/\/wanderlustgranadatours.com\/es\/tours\/ruta-a-caballo-en-colomera\/#primaryimage\"},\"image\":{\"@id\":\"https:\/\/wanderlustgranadatours.com\/es\/tours\/ruta-a-caballo-en-colomera\/#primaryimage\"},\"thumbnailUrl\":\"https:\/\/wanderlustgranadatours.com\/wp-content\/uploads\/2024\/05\/caballo-Colomera-portada-01.jpg\",\"datePublished\":\"2024-05-14T17:41:39+00:00\",\"dateModified\":\"2024-05-25T19:22:20+00:00\",\"description\":\"Descubre los paisajes de la sierra de Granada con esta ruta a caballo en Colomera apta para todos los niveles con transporte desde la ciudad.\",\"breadcrumb\":{\"@id\":\"https:\/\/wanderlustgranadatours.com\/es\/tours\/ruta-a-caballo-en-colomera\/#breadcrumb\"},\"inLanguage\":\"es\",\"potentialAction\":[{\"@type\":\"ReadAction\",\"target\":[\"https:\/\/wanderlustgranadatours.com\/es\/tours\/ruta-a-caballo-en-colomera\/\"]}]},{\"@type\":\"ImageObject\",\"inLanguage\":\"es\",\"@id\":\"https:\/\/wanderlustgranadatours.com\/es\/tours\/ruta-a-caballo-en-colomera\/#primaryimage\",\"url\":\"https:\/\/wanderlustgranadatours.com\/wp-content\/uploads\/2024\/05\/caballo-Colomera-portada-01.jpg\",\"contentUrl\":\"https:\/\/wanderlustgranadatours.com\/wp-content\/uploads\/2024\/05\/caballo-Colomera-portada-01.jpg\",\"width\":1966,\"height\":1298,\"caption\":\"Ruta a caballo en Colomera - Wanderlust Granada Tours\"},{\"@type\":\"BreadcrumbList\",\"@id\":\"https:\/\/wanderlustgranadatours.com\/es\/tours\/ruta-a-caballo-en-colomera\/#breadcrumb\",\"itemListElement\":[{\"@type\":\"ListItem\",\"position\":1,\"name\":\"Portada\",\"item\":\"https:\/\/wanderlustgranadatours.com\/es\/\"},{\"@type\":\"ListItem\",\"position\":2,\"name\":\"Tienda\",\"item\":\"https:\/\/wanderlustgranadatours.com\/es\/tienda\/\"},{\"@type\":\"ListItem\",\"position\":3,\"name\":\"Ruta a caballo en Colomera con transporte desde Granada\"}]},{\"@type\":\"WebSite\",\"@id\":\"https:\/\/wanderlustgranadatours.com\/#website\",\"url\":\"https:\/\/wanderlustgranadatours.com\/\",\"name\":\"Wanderlust Granada tours\",\"description\":\"Tours m\u00e1gicos por Granada\",\"potentialAction\":[{\"@type\":\"SearchAction\",\"target\":{\"@type\":\"EntryPoint\",\"urlTemplate\":\"https:\/\/wanderlustgranadatours.com\/?s={search_term_string}\"},\"query-input\":\"required name=search_term_string\"}],\"inLanguage\":\"es\"}]}<\/script>\n<!-- \/ Yoast SEO plugin. -->","yoast_head_json":{"title":"Ruta a caballo en Colomera - Wanderlust Granada tours","description":"Descubre los paisajes de la sierra de Granada con esta ruta a caballo en Colomera apta para todos los niveles con transporte desde la ciudad.","robots":{"index":"index","follow":"follow","max-snippet":"max-snippet:-1","max-image-preview":"max-image-preview:large","max-video-preview":"max-video-preview:-1"},"canonical":"https:\/\/wanderlustgranadatours.com\/es\/tours\/ruta-a-caballo-en-colomera\/","og_locale":"es_ES","og_type":"article","og_title":"Ruta a caballo en Colomera - Wanderlust Granada tours","og_description":"Descubre los paisajes de la sierra de Granada con esta ruta a caballo en Colomera apta para todos los niveles con transporte desde la ciudad.","og_url":"https:\/\/wanderlustgranadatours.com\/es\/tours\/ruta-a-caballo-en-colomera\/","og_site_name":"Wanderlust Granada tours","article_publisher":"https:\/\/www.facebook.com\/wanderlustgranadatours\/","article_modified_time":"2024-05-25T19:22:20+00:00","og_image":[{"width":1966,"height":1298,"url":"https:\/\/wanderlustgranadatours.com\/wp-content\/uploads\/2024\/05\/caballo-Colomera-portada-01.jpg","type":"image\/jpeg"}],"twitter_card":"summary_large_image","twitter_misc":{"Tiempo de lectura":"2 minutos"},"schema":{"@context":"https:\/\/schema.org","@graph":[{"@type":"WebPage","@id":"https:\/\/wanderlustgranadatours.com\/es\/tours\/ruta-a-caballo-en-colomera\/","url":"https:\/\/wanderlustgranadatours.com\/es\/tours\/ruta-a-caballo-en-colomera\/","name":"Ruta a caballo en Colomera - Wanderlust Granada tours","isPartOf":{"@id":"https:\/\/wanderlustgranadatours.com\/#website"},"primaryImageOfPage":{"@id":"https:\/\/wanderlustgranadatours.com\/es\/tours\/ruta-a-caballo-en-colomera\/#primaryimage"},"image":{"@id":"https:\/\/wanderlustgranadatours.com\/es\/tours\/ruta-a-caballo-en-colomera\/#primaryimage"},"thumbnailUrl":"https:\/\/wanderlustgranadatours.com\/wp-content\/uploads\/2024\/05\/caballo-Colomera-portada-01.jpg","datePublished":"2024-05-14T17:41:39+00:00","dateModified":"2024-05-25T19:22:20+00:00","description":"Descubre los paisajes de la sierra de Granada con esta ruta a caballo en Colomera apta para todos los niveles con transporte desde la ciudad.","breadcrumb":{"@id":"https:\/\/wanderlustgranadatours.com\/es\/tours\/ruta-a-caballo-en-colomera\/#breadcrumb"},"inLanguage":"es","potentialAction":[{"@type":"ReadAction","target":["https:\/\/wanderlustgranadatours.com\/es\/tours\/ruta-a-caballo-en-colomera\/"]}]},{"@type":"ImageObject","inLanguage":"es","@id":"https:\/\/wanderlustgranadatours.com\/es\/tours\/ruta-a-caballo-en-colomera\/#primaryimage","url":"https:\/\/wanderlustgranadatours.com\/wp-content\/uploads\/2024\/05\/caballo-Colomera-portada-01.jpg","contentUrl":"https:\/\/wanderlustgranadatours.com\/wp-content\/uploads\/2024\/05\/caballo-Colomera-portada-01.jpg","width":1966,"height":1298,"caption":"Ruta a caballo en Colomera - Wanderlust Granada Tours"},{"@type":"BreadcrumbList","@id":"https:\/\/wanderlustgranadatours.com\/es\/tours\/ruta-a-caballo-en-colomera\/#breadcrumb","itemListElement":[{"@type":"ListItem","position":1,"name":"Portada","item":"https:\/\/wanderlustgranadatours.com\/es\/"},{"@type":"ListItem","position":2,"name":"Tienda","item":"https:\/\/wanderlustgranadatours.com\/es\/tienda\/"},{"@type":"ListItem","position":3,"name":"Ruta a caballo en Colomera con transporte desde Granada"}]},{"@type":"WebSite","@id":"https:\/\/wanderlustgranadatours.com\/#website","url":"https:\/\/wanderlustgranadatours.com\/","name":"Wanderlust Granada tours","description":"Tours m\u00e1gicos por Granada","potentialAction":[{"@type":"SearchAction","target":{"@type":"EntryPoint","urlTemplate":"https:\/\/wanderlustgranadatours.com\/?s={search_term_string}"},"query-input":"required name=search_term_string"}],"inLanguage":"es"}]}},"_links":{"self":[{"href":"https:\/\/wanderlustgranadatours.com\/es\/wp-json\/wp\/v2\/product\/2254"}],"collection":[{"href":"https:\/\/wanderlustgranadatours.com\/es\/wp-json\/wp\/v2\/product"}],"about":[{"href":"https:\/\/wanderlustgranadatours.com\/es\/wp-json\/wp\/v2\/types\/product"}],"replies":[{"embeddable":true,"href":"https:\/\/wanderlustgranadatours.com\/es\/wp-json\/wp\/v2\/comments?post=2254"}],"wp:featuredmedia":[{"embeddable":true,"href":"https:\/\/wanderlustgranadatours.com\/es\/wp-json\/wp\/v2\/media\/2275"}],"wp:attachment":[{"href":"https:\/\/wanderlustgranadatours.com\/es\/wp-json\/wp\/v2\/media?parent=2254"}],"wp:term":[{"taxonomy":"product_cat","embeddable":true,"href":"https:\/\/wanderlustgranadatours.com\/es\/wp-json\/wp\/v2\/product_cat?post=2254"},{"taxonomy":"product_tag","embeddable":true,"href":"https:\/\/wanderlustgranadatours.com\/es\/wp-json\/wp\/v2\/product_tag?post=2254"}],"curies":[{"name":"wp","href":"https:\/\/api.w.org\/{rel}","templated":true}]}}