{"id":2232,"date":"2024-05-14T16:47:01","date_gmt":"2024-05-14T16:47:01","guid":{"rendered":"https:\/\/wanderlustgranadatours.com\/?post_type=product&#038;p=2232"},"modified":"2024-06-22T20:08:26","modified_gmt":"2024-06-22T20:08:26","slug":"alpujarra-pueblos-blancos-desde-granada","status":"publish","type":"product","link":"https:\/\/wanderlustgranadatours.com\/es\/tours\/alpujarra-pueblos-blancos-desde-granada\/","title":{"rendered":"La Alpujarra y sus pueblos blancos desde Granada"},"content":{"rendered":"<p>La regi\u00f3n de los pueblos blancos conocida como La Alpujarra se extiende por la mitad sur del Parque Natural y Nacional de Sierra Nevada. Los pueblos blancos son mundialmente conocidos por sus calles estrechas y laber\u00ednticas, de inter\u00e9s cultural y paisaj\u00edstico.<\/p>\n<p>En esta visita con transporte desde Granada, comida y gu\u00eda oficial pasaremos por Lanjar\u00f3n, conocido por su balneario; la singular \u00d3rgiva, con seis manantiales de aguas mineromedicinales y por una serie de pintorescos pueblos blancos:  Pampaneira (el pueblo m\u00e1s bonito de toda la Alpujarra), Pitres, P\u00f3rtugos con su Fuente Agria ( con manantial de aguas ferruginosas) y Trev\u00e9lez (el pueblo m\u00e1s alto de Espa\u00f1a, conocido por sus jamones). Continuaremos por Bubi\u00f3n hasta Capileira, donde tendr\u00e1 lugar el almuerzo t\u00edpico Alpujarre\u00f1o.<\/p>\n<h4>Descubre La Alpujarra con nosotros y enam\u00f3rate de sus pueblos blancos.<\/h4>\n<table class=\"table table-bordered tours-tabs__table\" style=\"height: 233px;\" width=\"862\">\n<tbody>\n<tr>\n<td><strong>IDIOMA<\/strong><\/td>\n<td>espa\u00f1ol<\/td>\n<\/tr>\n<tr>\n<td><strong>DURACI\u00d3N<\/strong><\/td>\n<td>8 horas aproximadamente<\/td>\n<\/tr>\n<tr>\n<td><strong>RECORRIDO<\/strong><\/td>\n<td>Se visitar\u00e1n los pueblos m\u00e1s caracter\u00edsticos de la Alpujarra como: Lanjar\u00f3n, \u00d3rgiva, Pampaneira, Pitres, P\u00f3rtugos, Bubi\u00f3n, Capileira<\/td>\n<\/tr>\n<tr>\n<td><strong>N\u00aa DE PERSONAS <\/strong><\/td>\n<td>Visita guiada en grupos. Salida con un m\u00ednimo total de 8 personas. <\/td>\n<\/tr>\n<tr>\n<td><strong>PRECIO<\/strong><\/td>\n<td>70 \u20ac por persona (grupo reducido).<br \/>\nSe saldr\u00e1 con un m\u00ednimo de 2 personas y un m\u00e1ximo de 8 personas.<\/td>\n<\/tr>\n<tr>\n<td><strong>PUNTO DE ENCUENTRO<\/strong><\/td>\n<td>El punto de encuentro se os indicar\u00e1 por correo electr\u00f3nico.<\/td>\n<\/tr>\n<tr>\n<td><strong>HORA DE COMIENZO<\/strong><\/td>\n<td>9:00h<br \/>\nSe ruega llegar <b>15 minutos antes<\/b> de la hora de encuentro indicada en los detalles de su visita guiada reservada. En caso de retraso no podremos asegurarle su incorporaci\u00f3n a \u00e9sta y no se efectuar\u00e1 el reembolso de su compra.<\/td>\n<\/tr>\n<tr>\n<td><strong>IMPORTANTE<\/strong><\/td>\n<td><b>No apto<\/b> para personas de <b>movilidad reducida<\/b>.<br \/>\nVisita sujeta a condiciones clim\u00e1ticas.<\/td>\n<\/tr>\n<tr>\n<td><strong>INCLUYE<\/strong><\/td>\n<td>\n<table class=\"table table-bordered\" style=\"height: 62px;\" width=\"300\">\n<tbody>\n<tr>\n<td><i class=\"fa fa-check icon-tick icon-tick--on\"><\/i>Visita con gu\u00eda oficial acreditado.<\/td>\n<td><i class=\"fa fa-check icon-tick icon-tick--on\"><\/i>Transporte.<\/td>\n<\/tr>\n<\/tbody>\n<\/table>\n<\/td>\n<\/tr><tr>\n<td><strong>RECOMENDACIONES<\/strong><\/td>\n<td>Usar calzado y ropa c\u00f3moda.<\/td>\n<td>Traer agua.<\/td>\n<\/tr>\n<\/tbody>\n<\/table>\n","protected":false},"excerpt":{"rendered":"<p>Descubre La Alpujarra con nosotros y enam\u00f3rate de sus pueblos blancos.<\/p>\n","protected":false},"featured_media":2233,"comment_status":"open","ping_status":"closed","template":"","meta":{"_monsterinsights_skip_tracking":false,"_monsterinsights_sitenote_active":false,"_monsterinsights_sitenote_note":"","_monsterinsights_sitenote_category":0},"product_cat":[265],"product_tag":[],"class_list":{"0":"post-2232","1":"product","2":"type-product","3":"status-publish","4":"has-post-thumbnail","6":"product_cat-experiencias-excursiones","8":"first","9":"instock","10":"taxable","11":"shipping-taxable","12":"purchasable","13":"product-type-tour"},"yoast_head":"<!-- This site is optimized with the Yoast SEO plugin v23.1 - https:\/\/yoast.com\/wordpress\/plugins\/seo\/ -->\n<title>Antequera desde Granada - Wanderlust Granada tours<\/title>\n<meta name=\"description\" content=\"Descubre La Alpujarra desde Granada con nosotros y enam\u00f3rate de sus pueblos blancos, con sus calles estrechas y laber\u00ednticas.\" \/>\n<meta name=\"robots\" content=\"index, follow, max-snippet:-1, max-image-preview:large, max-video-preview:-1\" \/>\n<link rel=\"canonical\" href=\"https:\/\/wanderlustgranadatours.com\/es\/tours\/alpujarra-pueblos-blancos-desde-granada\/\" \/>\n<meta property=\"og:locale\" content=\"es_ES\" \/>\n<meta property=\"og:type\" content=\"article\" \/>\n<meta property=\"og:title\" content=\"Antequera desde Granada - Wanderlust Granada tours\" \/>\n<meta property=\"og:description\" content=\"Descubre La Alpujarra desde Granada con nosotros y enam\u00f3rate de sus pueblos blancos, con sus calles estrechas y laber\u00ednticas.\" \/>\n<meta property=\"og:url\" content=\"https:\/\/wanderlustgranadatours.com\/es\/tours\/alpujarra-pueblos-blancos-desde-granada\/\" \/>\n<meta property=\"og:site_name\" content=\"Wanderlust Granada tours\" \/>\n<meta property=\"article:publisher\" content=\"https:\/\/www.facebook.com\/wanderlustgranadatours\/\" \/>\n<meta property=\"article:modified_time\" content=\"2024-06-22T20:08:26+00:00\" \/>\n<meta property=\"og:image\" content=\"https:\/\/wanderlustgranadatours.com\/wp-content\/uploads\/2024\/05\/Alpujarra-pueblos-blancos-desde-Granada-portada-1024x676.jpg\" \/>\n\t<meta property=\"og:image:width\" content=\"1024\" \/>\n\t<meta property=\"og:image:height\" content=\"676\" \/>\n\t<meta property=\"og:image:type\" content=\"image\/jpeg\" \/>\n<meta name=\"twitter:card\" content=\"summary_large_image\" \/>\n<meta name=\"twitter:label1\" content=\"Tiempo de lectura\" \/>\n\t<meta name=\"twitter:data1\" content=\"2 minutos\" \/>\n<script type=\"application\/ld+json\" class=\"yoast-schema-graph\">{\"@context\":\"https:\/\/schema.org\",\"@graph\":[{\"@type\":\"WebPage\",\"@id\":\"https:\/\/wanderlustgranadatours.com\/es\/tours\/alpujarra-pueblos-blancos-desde-granada\/\",\"url\":\"https:\/\/wanderlustgranadatours.com\/es\/tours\/alpujarra-pueblos-blancos-desde-granada\/\",\"name\":\"Antequera desde Granada - Wanderlust Granada tours\",\"isPartOf\":{\"@id\":\"https:\/\/wanderlustgranadatours.com\/#website\"},\"primaryImageOfPage\":{\"@id\":\"https:\/\/wanderlustgranadatours.com\/es\/tours\/alpujarra-pueblos-blancos-desde-granada\/#primaryimage\"},\"image\":{\"@id\":\"https:\/\/wanderlustgranadatours.com\/es\/tours\/alpujarra-pueblos-blancos-desde-granada\/#primaryimage\"},\"thumbnailUrl\":\"https:\/\/wanderlustgranadatours.com\/wp-content\/uploads\/2024\/05\/Alpujarra-pueblos-blancos-desde-Granada-portada.jpg\",\"datePublished\":\"2024-05-14T16:47:01+00:00\",\"dateModified\":\"2024-06-22T20:08:26+00:00\",\"description\":\"Descubre La Alpujarra desde Granada con nosotros y enam\u00f3rate de sus pueblos blancos, con sus calles estrechas y laber\u00ednticas.\",\"breadcrumb\":{\"@id\":\"https:\/\/wanderlustgranadatours.com\/es\/tours\/alpujarra-pueblos-blancos-desde-granada\/#breadcrumb\"},\"inLanguage\":\"es\",\"potentialAction\":[{\"@type\":\"ReadAction\",\"target\":[\"https:\/\/wanderlustgranadatours.com\/es\/tours\/alpujarra-pueblos-blancos-desde-granada\/\"]}]},{\"@type\":\"ImageObject\",\"inLanguage\":\"es\",\"@id\":\"https:\/\/wanderlustgranadatours.com\/es\/tours\/alpujarra-pueblos-blancos-desde-granada\/#primaryimage\",\"url\":\"https:\/\/wanderlustgranadatours.com\/wp-content\/uploads\/2024\/05\/Alpujarra-pueblos-blancos-desde-Granada-portada.jpg\",\"contentUrl\":\"https:\/\/wanderlustgranadatours.com\/wp-content\/uploads\/2024\/05\/Alpujarra-pueblos-blancos-desde-Granada-portada.jpg\",\"width\":1966,\"height\":1298,\"caption\":\"La Alpujarra desde Granada - Wanderlust Granada Tours\"},{\"@type\":\"BreadcrumbList\",\"@id\":\"https:\/\/wanderlustgranadatours.com\/es\/tours\/alpujarra-pueblos-blancos-desde-granada\/#breadcrumb\",\"itemListElement\":[{\"@type\":\"ListItem\",\"position\":1,\"name\":\"Portada\",\"item\":\"https:\/\/wanderlustgranadatours.com\/es\/\"},{\"@type\":\"ListItem\",\"position\":2,\"name\":\"Tienda\",\"item\":\"https:\/\/wanderlustgranadatours.com\/es\/tienda\/\"},{\"@type\":\"ListItem\",\"position\":3,\"name\":\"La Alpujarra y sus pueblos blancos desde Granada\"}]},{\"@type\":\"WebSite\",\"@id\":\"https:\/\/wanderlustgranadatours.com\/#website\",\"url\":\"https:\/\/wanderlustgranadatours.com\/\",\"name\":\"Wanderlust Granada tours\",\"description\":\"Tours m\u00e1gicos por Granada\",\"potentialAction\":[{\"@type\":\"SearchAction\",\"target\":{\"@type\":\"EntryPoint\",\"urlTemplate\":\"https:\/\/wanderlustgranadatours.com\/?s={search_term_string}\"},\"query-input\":\"required name=search_term_string\"}],\"inLanguage\":\"es\"}]}<\/script>\n<!-- \/ Yoast SEO plugin. -->","yoast_head_json":{"title":"Antequera desde Granada - Wanderlust Granada tours","description":"Descubre La Alpujarra desde Granada con nosotros y enam\u00f3rate de sus pueblos blancos, con sus calles estrechas y laber\u00ednticas.","robots":{"index":"index","follow":"follow","max-snippet":"max-snippet:-1","max-image-preview":"max-image-preview:large","max-video-preview":"max-video-preview:-1"},"canonical":"https:\/\/wanderlustgranadatours.com\/es\/tours\/alpujarra-pueblos-blancos-desde-granada\/","og_locale":"es_ES","og_type":"article","og_title":"Antequera desde Granada - Wanderlust Granada tours","og_description":"Descubre La Alpujarra desde Granada con nosotros y enam\u00f3rate de sus pueblos blancos, con sus calles estrechas y laber\u00ednticas.","og_url":"https:\/\/wanderlustgranadatours.com\/es\/tours\/alpujarra-pueblos-blancos-desde-granada\/","og_site_name":"Wanderlust Granada tours","article_publisher":"https:\/\/www.facebook.com\/wanderlustgranadatours\/","article_modified_time":"2024-06-22T20:08:26+00:00","og_image":[{"width":1024,"height":676,"url":"https:\/\/wanderlustgranadatours.com\/wp-content\/uploads\/2024\/05\/Alpujarra-pueblos-blancos-desde-Granada-portada-1024x676.jpg","type":"image\/jpeg"}],"twitter_card":"summary_large_image","twitter_misc":{"Tiempo de lectura":"2 minutos"},"schema":{"@context":"https:\/\/schema.org","@graph":[{"@type":"WebPage","@id":"https:\/\/wanderlustgranadatours.com\/es\/tours\/alpujarra-pueblos-blancos-desde-granada\/","url":"https:\/\/wanderlustgranadatours.com\/es\/tours\/alpujarra-pueblos-blancos-desde-granada\/","name":"Antequera desde Granada - Wanderlust Granada tours","isPartOf":{"@id":"https:\/\/wanderlustgranadatours.com\/#website"},"primaryImageOfPage":{"@id":"https:\/\/wanderlustgranadatours.com\/es\/tours\/alpujarra-pueblos-blancos-desde-granada\/#primaryimage"},"image":{"@id":"https:\/\/wanderlustgranadatours.com\/es\/tours\/alpujarra-pueblos-blancos-desde-granada\/#primaryimage"},"thumbnailUrl":"https:\/\/wanderlustgranadatours.com\/wp-content\/uploads\/2024\/05\/Alpujarra-pueblos-blancos-desde-Granada-portada.jpg","datePublished":"2024-05-14T16:47:01+00:00","dateModified":"2024-06-22T20:08:26+00:00","description":"Descubre La Alpujarra desde Granada con nosotros y enam\u00f3rate de sus pueblos blancos, con sus calles estrechas y laber\u00ednticas.","breadcrumb":{"@id":"https:\/\/wanderlustgranadatours.com\/es\/tours\/alpujarra-pueblos-blancos-desde-granada\/#breadcrumb"},"inLanguage":"es","potentialAction":[{"@type":"ReadAction","target":["https:\/\/wanderlustgranadatours.com\/es\/tours\/alpujarra-pueblos-blancos-desde-granada\/"]}]},{"@type":"ImageObject","inLanguage":"es","@id":"https:\/\/wanderlustgranadatours.com\/es\/tours\/alpujarra-pueblos-blancos-desde-granada\/#primaryimage","url":"https:\/\/wanderlustgranadatours.com\/wp-content\/uploads\/2024\/05\/Alpujarra-pueblos-blancos-desde-Granada-portada.jpg","contentUrl":"https:\/\/wanderlustgranadatours.com\/wp-content\/uploads\/2024\/05\/Alpujarra-pueblos-blancos-desde-Granada-portada.jpg","width":1966,"height":1298,"caption":"La Alpujarra desde Granada - Wanderlust Granada Tours"},{"@type":"BreadcrumbList","@id":"https:\/\/wanderlustgranadatours.com\/es\/tours\/alpujarra-pueblos-blancos-desde-granada\/#breadcrumb","itemListElement":[{"@type":"ListItem","position":1,"name":"Portada","item":"https:\/\/wanderlustgranadatours.com\/es\/"},{"@type":"ListItem","position":2,"name":"Tienda","item":"https:\/\/wanderlustgranadatours.com\/es\/tienda\/"},{"@type":"ListItem","position":3,"name":"La Alpujarra y sus pueblos blancos desde Granada"}]},{"@type":"WebSite","@id":"https:\/\/wanderlustgranadatours.com\/#website","url":"https:\/\/wanderlustgranadatours.com\/","name":"Wanderlust Granada tours","description":"Tours m\u00e1gicos por Granada","potentialAction":[{"@type":"SearchAction","target":{"@type":"EntryPoint","urlTemplate":"https:\/\/wanderlustgranadatours.com\/?s={search_term_string}"},"query-input":"required name=search_term_string"}],"inLanguage":"es"}]}},"_links":{"self":[{"href":"https:\/\/wanderlustgranadatours.com\/es\/wp-json\/wp\/v2\/product\/2232"}],"collection":[{"href":"https:\/\/wanderlustgranadatours.com\/es\/wp-json\/wp\/v2\/product"}],"about":[{"href":"https:\/\/wanderlustgranadatours.com\/es\/wp-json\/wp\/v2\/types\/product"}],"replies":[{"embeddable":true,"href":"https:\/\/wanderlustgranadatours.com\/es\/wp-json\/wp\/v2\/comments?post=2232"}],"wp:featuredmedia":[{"embeddable":true,"href":"https:\/\/wanderlustgranadatours.com\/es\/wp-json\/wp\/v2\/media\/2233"}],"wp:attachment":[{"href":"https:\/\/wanderlustgranadatours.com\/es\/wp-json\/wp\/v2\/media?parent=2232"}],"wp:term":[{"taxonomy":"product_cat","embeddable":true,"href":"https:\/\/wanderlustgranadatours.com\/es\/wp-json\/wp\/v2\/product_cat?post=2232"},{"taxonomy":"product_tag","embeddable":true,"href":"https:\/\/wanderlustgranadatours.com\/es\/wp-json\/wp\/v2\/product_tag?post=2232"}],"curies":[{"name":"wp","href":"https:\/\/api.w.org\/{rel}","templated":true}]}}