{"id":2103,"date":"2024-05-06T14:06:37","date_gmt":"2024-05-06T14:06:37","guid":{"rendered":"https:\/\/wanderlustgranadatours.com\/?post_type=product&#038;p=2103"},"modified":"2024-06-22T20:04:12","modified_gmt":"2024-06-22T20:04:12","slug":"alhambra-y-granada-pass","status":"publish","type":"product","link":"https:\/\/wanderlustgranadatours.com\/es\/tours\/alhambra-y-granada-pass\/","title":{"rendered":"ALHAMBRA Y GRANADA PASS"},"content":{"rendered":"<p>Conoce Granada y la Alhambra de una forma c\u00f3moda y sencilla. Tendr\u00e1s incluida la entrada a los Palacios Nazar\u00edes y Generalife, as\u00ed como a los  monumentos m\u00e1s imprescindibles y emblem\u00e1ticos de la ciudad. Disfruta de Granada de forma completa con La Granada Pass con transporte inclu\u00eddo.<\/p>\n<table class=\"table table-bordered tours-tabs__table\" style=\"height: 233px;\" width=\"862\">\n<tbody>\n<tr>\n<td><strong>IDIOMA<\/strong><\/td>\n<td>espa\u00f1ol<\/td>\n<\/tr>\n<tr>\n<td><strong>DURACI\u00d3N<\/strong><\/td>\n<td>48 horas<\/td>\n<\/tr>\n<tr>\n<td><strong>RECORRIDO<\/strong><\/td>\n<td>Palacios Nazar\u00edes, Alcazaba, Palacio de Carlos V, Generalife.<\/td>\n<\/tr>\n<tr>\n<\/tr><tr>\n<td><strong>N\u00daMERO DE PERSONAS<\/strong><\/td>\n<td>2- 8 personas<\/td>\n<\/tr>\n<tr>\n<td><strong>PRECIO POR TICKET<\/strong><\/td>\n<td><b>85 \u20ac<\/b> \/ persona<\/td>\n<\/tr>\n<tr>\n<td><strong>INCLUYE<\/strong><\/td>\n<td>\nEntrada a los siguientes monumentos:<br \/>\n<i class=\"fa fa-check icon-tick icon-tick--on\"><\/i>Alhambra completa (Alcazaba, Palacios Nazar\u00edes y Generalife)<br \/>\n<i class=\"fa fa-check icon-tick icon-tick--on\"><\/i>Catedral<br \/>\n<i class=\"fa fa-check icon-tick icon-tick--on\"><\/i>Capilla Real<br \/>\n<i class=\"fa fa-check icon-tick icon-tick--on\"><\/i>Monasterio de la Cartuja<br \/>\n<i class=\"fa fa-check icon-tick icon-tick--on\"><\/i>Monasterio de San Jer\u00f3nimo<br \/>\n<i class=\"fa fa-check icon-tick icon-tick--on\"><\/i>Museo del Parque de las Ciencias<br \/>\n<i class=\"fa fa-check icon-tick icon-tick--on\"><\/i>Casa de Zafra<br \/>\n<i class=\"fa fa-check icon-tick icon-tick--on\"><\/i>Cuarto Real<br \/>\n<i class=\"fa fa-check icon-tick icon-tick--on\"><\/i>Abad\u00eda del Sacromonte<br \/>\n<i class=\"fa fa-check icon-tick icon-tick--on\"><\/i>Museo Casa de los Tiros<br \/>\n<i class=\"fa fa-check icon-tick icon-tick--on\"><\/i>Museo de Bellas Artes<br \/>\n<i class=\"fa fa-check icon-tick icon-tick--on\"><\/i>Museo Arqueol\u00f3gico<br \/>\n<br \/>\n<i class=\"fa fa-check icon-tick icon-tick--on\"><\/i>Transporte (9 viajes en autobuses urbanos y un viaje completo en el tren tur\u00edstico)\n<\/td>\n<\/tr>\n<tr>\n<td><strong>NO INCLUYE<\/strong><\/td>\n<td>\n<i class=\"fa fa-times icon-tick icon-tick--off\"><\/i>Visita guiada\n<\/td>\n<\/tr>\n<tr>\n<td><strong>RECOMENDACIONES<\/strong><\/td>\n<td>Usar calzado y ropa c\u00f3moda<br \/>\nLlevar agua.<br \/>\n<i class=\"fa fa-times icon-tick icon-tick--off\"><\/i>No usar bolsos grandes.\n<\/td>\n<\/tr>\n<tr>\n<td><strong>IMPORTANTE<\/strong><\/td>\n<td> Dentro de las 48 horas de su Granada Pass, el horario para visitar los Palacios Nazar\u00edes de la Alhambra no se podr\u00e1 elegir, ya que estar\u00e1 sujeto a disponibilidad. Llevar consigo el mismo documento ( DNI\/pasaporte \/ID) original de cada persona facilitado durante el proceso de compra. <b>Es obligatorio para el acceso al monumento.<\/b><\/td>\n<\/tr>\n<\/tbody>\n<\/table>\n","protected":false},"excerpt":{"rendered":"<p>La Alhambra es el monumento m\u00e1s visitado de Espa\u00f1a y est\u00e1 considerado m\u00e1ximo exponente del arte nazar\u00ed y joya del arte musulm\u00e1n.<\/p>\n","protected":false},"featured_media":2140,"comment_status":"open","ping_status":"closed","template":"","meta":{"_monsterinsights_skip_tracking":false,"_monsterinsights_sitenote_active":false,"_monsterinsights_sitenote_note":"","_monsterinsights_sitenote_category":0},"product_cat":[257,258],"product_tag":[75,70,149,77,143,76,146],"class_list":{"0":"post-2103","1":"product","2":"type-product","3":"status-publish","4":"has-post-thumbnail","6":"product_cat-visitas-alhambra","7":"product_cat-visitas-granada","8":"product_tag-alcazaba","9":"product_tag-alhambra","10":"product_tag-espanol","11":"product_tag-generalife","12":"product_tag-granada-es","13":"product_tag-palacio-de-carlos-v","14":"product_tag-palacios-nazaries","16":"first","17":"instock","18":"featured","19":"taxable","20":"shipping-taxable","21":"purchasable","22":"product-type-tour"},"yoast_head":"<!-- This site is optimized with the Yoast SEO plugin v23.1 - https:\/\/yoast.com\/wordpress\/plugins\/seo\/ -->\n<title>ALHAMBRA Y GRANADA PASS - Wanderlust Granada tours<\/title>\n<meta name=\"description\" content=\"Este combo incluye entrada a la Alhambra y Granada Pass. Podr\u00e1s visitar la Alhambra y los monumentos m\u00e1s emblem\u00e1ticos de la ciudad.\" \/>\n<meta name=\"robots\" content=\"index, follow, max-snippet:-1, max-image-preview:large, max-video-preview:-1\" \/>\n<link rel=\"canonical\" href=\"https:\/\/wanderlustgranadatours.com\/es\/tours\/alhambra-y-granada-pass\/\" \/>\n<meta property=\"og:locale\" content=\"es_ES\" \/>\n<meta property=\"og:type\" content=\"article\" \/>\n<meta property=\"og:title\" content=\"ALHAMBRA Y GRANADA PASS - Wanderlust Granada tours\" \/>\n<meta property=\"og:description\" content=\"Este combo incluye entrada a la Alhambra y Granada Pass. Podr\u00e1s visitar la Alhambra y los monumentos m\u00e1s emblem\u00e1ticos de la ciudad.\" \/>\n<meta property=\"og:url\" content=\"https:\/\/wanderlustgranadatours.com\/es\/tours\/alhambra-y-granada-pass\/\" \/>\n<meta property=\"og:site_name\" content=\"Wanderlust Granada tours\" \/>\n<meta property=\"article:publisher\" content=\"https:\/\/www.facebook.com\/wanderlustgranadatours\/\" \/>\n<meta property=\"article:modified_time\" content=\"2024-06-22T20:04:12+00:00\" \/>\n<meta property=\"og:image\" content=\"https:\/\/wanderlustgranadatours.com\/wp-content\/uploads\/2024\/04\/Alhambra-ganada-pass-11.jpg\" \/>\n\t<meta property=\"og:image:width\" content=\"1966\" \/>\n\t<meta property=\"og:image:height\" content=\"1298\" \/>\n\t<meta property=\"og:image:type\" content=\"image\/jpeg\" \/>\n<meta name=\"twitter:card\" content=\"summary_large_image\" \/>\n<meta name=\"twitter:label1\" content=\"Tiempo de lectura\" \/>\n\t<meta name=\"twitter:data1\" content=\"2 minutos\" \/>\n<script type=\"application\/ld+json\" class=\"yoast-schema-graph\">{\"@context\":\"https:\/\/schema.org\",\"@graph\":[{\"@type\":\"WebPage\",\"@id\":\"https:\/\/wanderlustgranadatours.com\/es\/tours\/alhambra-y-granada-pass\/\",\"url\":\"https:\/\/wanderlustgranadatours.com\/es\/tours\/alhambra-y-granada-pass\/\",\"name\":\"ALHAMBRA Y GRANADA PASS - Wanderlust Granada tours\",\"isPartOf\":{\"@id\":\"https:\/\/wanderlustgranadatours.com\/#website\"},\"primaryImageOfPage\":{\"@id\":\"https:\/\/wanderlustgranadatours.com\/es\/tours\/alhambra-y-granada-pass\/#primaryimage\"},\"image\":{\"@id\":\"https:\/\/wanderlustgranadatours.com\/es\/tours\/alhambra-y-granada-pass\/#primaryimage\"},\"thumbnailUrl\":\"https:\/\/wanderlustgranadatours.com\/wp-content\/uploads\/2024\/04\/Alhambra-ganada-pass-11.jpg\",\"datePublished\":\"2024-05-06T14:06:37+00:00\",\"dateModified\":\"2024-06-22T20:04:12+00:00\",\"description\":\"Este combo incluye entrada a la Alhambra y Granada Pass. Podr\u00e1s visitar la Alhambra y los monumentos m\u00e1s emblem\u00e1ticos de la ciudad.\",\"breadcrumb\":{\"@id\":\"https:\/\/wanderlustgranadatours.com\/es\/tours\/alhambra-y-granada-pass\/#breadcrumb\"},\"inLanguage\":\"es\",\"potentialAction\":[{\"@type\":\"ReadAction\",\"target\":[\"https:\/\/wanderlustgranadatours.com\/es\/tours\/alhambra-y-granada-pass\/\"]}]},{\"@type\":\"ImageObject\",\"inLanguage\":\"es\",\"@id\":\"https:\/\/wanderlustgranadatours.com\/es\/tours\/alhambra-y-granada-pass\/#primaryimage\",\"url\":\"https:\/\/wanderlustgranadatours.com\/wp-content\/uploads\/2024\/04\/Alhambra-ganada-pass-11.jpg\",\"contentUrl\":\"https:\/\/wanderlustgranadatours.com\/wp-content\/uploads\/2024\/04\/Alhambra-ganada-pass-11.jpg\",\"width\":1966,\"height\":1298,\"caption\":\"Alhambra y Granada Pass - Wanderlust Granada Tours\"},{\"@type\":\"BreadcrumbList\",\"@id\":\"https:\/\/wanderlustgranadatours.com\/es\/tours\/alhambra-y-granada-pass\/#breadcrumb\",\"itemListElement\":[{\"@type\":\"ListItem\",\"position\":1,\"name\":\"Portada\",\"item\":\"https:\/\/wanderlustgranadatours.com\/es\/\"},{\"@type\":\"ListItem\",\"position\":2,\"name\":\"Tienda\",\"item\":\"https:\/\/wanderlustgranadatours.com\/es\/tienda\/\"},{\"@type\":\"ListItem\",\"position\":3,\"name\":\"ALHAMBRA Y GRANADA PASS\"}]},{\"@type\":\"WebSite\",\"@id\":\"https:\/\/wanderlustgranadatours.com\/#website\",\"url\":\"https:\/\/wanderlustgranadatours.com\/\",\"name\":\"Wanderlust Granada tours\",\"description\":\"Tours m\u00e1gicos por Granada\",\"potentialAction\":[{\"@type\":\"SearchAction\",\"target\":{\"@type\":\"EntryPoint\",\"urlTemplate\":\"https:\/\/wanderlustgranadatours.com\/?s={search_term_string}\"},\"query-input\":\"required name=search_term_string\"}],\"inLanguage\":\"es\"}]}<\/script>\n<!-- \/ Yoast SEO plugin. -->","yoast_head_json":{"title":"ALHAMBRA Y GRANADA PASS - Wanderlust Granada tours","description":"Este combo incluye entrada a la Alhambra y Granada Pass. Podr\u00e1s visitar la Alhambra y los monumentos m\u00e1s emblem\u00e1ticos de la ciudad.","robots":{"index":"index","follow":"follow","max-snippet":"max-snippet:-1","max-image-preview":"max-image-preview:large","max-video-preview":"max-video-preview:-1"},"canonical":"https:\/\/wanderlustgranadatours.com\/es\/tours\/alhambra-y-granada-pass\/","og_locale":"es_ES","og_type":"article","og_title":"ALHAMBRA Y GRANADA PASS - Wanderlust Granada tours","og_description":"Este combo incluye entrada a la Alhambra y Granada Pass. Podr\u00e1s visitar la Alhambra y los monumentos m\u00e1s emblem\u00e1ticos de la ciudad.","og_url":"https:\/\/wanderlustgranadatours.com\/es\/tours\/alhambra-y-granada-pass\/","og_site_name":"Wanderlust Granada tours","article_publisher":"https:\/\/www.facebook.com\/wanderlustgranadatours\/","article_modified_time":"2024-06-22T20:04:12+00:00","og_image":[{"width":1966,"height":1298,"url":"https:\/\/wanderlustgranadatours.com\/wp-content\/uploads\/2024\/04\/Alhambra-ganada-pass-11.jpg","type":"image\/jpeg"}],"twitter_card":"summary_large_image","twitter_misc":{"Tiempo de lectura":"2 minutos"},"schema":{"@context":"https:\/\/schema.org","@graph":[{"@type":"WebPage","@id":"https:\/\/wanderlustgranadatours.com\/es\/tours\/alhambra-y-granada-pass\/","url":"https:\/\/wanderlustgranadatours.com\/es\/tours\/alhambra-y-granada-pass\/","name":"ALHAMBRA Y GRANADA PASS - Wanderlust Granada tours","isPartOf":{"@id":"https:\/\/wanderlustgranadatours.com\/#website"},"primaryImageOfPage":{"@id":"https:\/\/wanderlustgranadatours.com\/es\/tours\/alhambra-y-granada-pass\/#primaryimage"},"image":{"@id":"https:\/\/wanderlustgranadatours.com\/es\/tours\/alhambra-y-granada-pass\/#primaryimage"},"thumbnailUrl":"https:\/\/wanderlustgranadatours.com\/wp-content\/uploads\/2024\/04\/Alhambra-ganada-pass-11.jpg","datePublished":"2024-05-06T14:06:37+00:00","dateModified":"2024-06-22T20:04:12+00:00","description":"Este combo incluye entrada a la Alhambra y Granada Pass. Podr\u00e1s visitar la Alhambra y los monumentos m\u00e1s emblem\u00e1ticos de la ciudad.","breadcrumb":{"@id":"https:\/\/wanderlustgranadatours.com\/es\/tours\/alhambra-y-granada-pass\/#breadcrumb"},"inLanguage":"es","potentialAction":[{"@type":"ReadAction","target":["https:\/\/wanderlustgranadatours.com\/es\/tours\/alhambra-y-granada-pass\/"]}]},{"@type":"ImageObject","inLanguage":"es","@id":"https:\/\/wanderlustgranadatours.com\/es\/tours\/alhambra-y-granada-pass\/#primaryimage","url":"https:\/\/wanderlustgranadatours.com\/wp-content\/uploads\/2024\/04\/Alhambra-ganada-pass-11.jpg","contentUrl":"https:\/\/wanderlustgranadatours.com\/wp-content\/uploads\/2024\/04\/Alhambra-ganada-pass-11.jpg","width":1966,"height":1298,"caption":"Alhambra y Granada Pass - Wanderlust Granada Tours"},{"@type":"BreadcrumbList","@id":"https:\/\/wanderlustgranadatours.com\/es\/tours\/alhambra-y-granada-pass\/#breadcrumb","itemListElement":[{"@type":"ListItem","position":1,"name":"Portada","item":"https:\/\/wanderlustgranadatours.com\/es\/"},{"@type":"ListItem","position":2,"name":"Tienda","item":"https:\/\/wanderlustgranadatours.com\/es\/tienda\/"},{"@type":"ListItem","position":3,"name":"ALHAMBRA Y GRANADA PASS"}]},{"@type":"WebSite","@id":"https:\/\/wanderlustgranadatours.com\/#website","url":"https:\/\/wanderlustgranadatours.com\/","name":"Wanderlust Granada tours","description":"Tours m\u00e1gicos por Granada","potentialAction":[{"@type":"SearchAction","target":{"@type":"EntryPoint","urlTemplate":"https:\/\/wanderlustgranadatours.com\/?s={search_term_string}"},"query-input":"required name=search_term_string"}],"inLanguage":"es"}]}},"_links":{"self":[{"href":"https:\/\/wanderlustgranadatours.com\/es\/wp-json\/wp\/v2\/product\/2103"}],"collection":[{"href":"https:\/\/wanderlustgranadatours.com\/es\/wp-json\/wp\/v2\/product"}],"about":[{"href":"https:\/\/wanderlustgranadatours.com\/es\/wp-json\/wp\/v2\/types\/product"}],"replies":[{"embeddable":true,"href":"https:\/\/wanderlustgranadatours.com\/es\/wp-json\/wp\/v2\/comments?post=2103"}],"wp:featuredmedia":[{"embeddable":true,"href":"https:\/\/wanderlustgranadatours.com\/es\/wp-json\/wp\/v2\/media\/2140"}],"wp:attachment":[{"href":"https:\/\/wanderlustgranadatours.com\/es\/wp-json\/wp\/v2\/media?parent=2103"}],"wp:term":[{"taxonomy":"product_cat","embeddable":true,"href":"https:\/\/wanderlustgranadatours.com\/es\/wp-json\/wp\/v2\/product_cat?post=2103"},{"taxonomy":"product_tag","embeddable":true,"href":"https:\/\/wanderlustgranadatours.com\/es\/wp-json\/wp\/v2\/product_tag?post=2103"}],"curies":[{"name":"wp","href":"https:\/\/api.w.org\/{rel}","templated":true}]}}