{"id":2059,"date":"2024-05-08T05:12:33","date_gmt":"2024-05-08T05:12:33","guid":{"rendered":"https:\/\/wanderlustgranadatours.com\/?post_type=product&#038;p=2059"},"modified":"2024-06-27T20:23:41","modified_gmt":"2024-06-27T20:23:41","slug":"visita-privada-a-la-alhambra","status":"publish","type":"product","link":"https:\/\/wanderlustgranadatours.com\/es\/tours\/visita-privada-a-la-alhambra\/","title":{"rendered":"VISITA PRIVADA A LA ALHAMBRA"},"content":{"rendered":"<p>Si est\u00e1s cansado del turismo de masas y quieres una experiencia privada, esta es tu visita. Comprometidos con los tours de calidad, te ofrecemos un recorrido inigualable s\u00f3lo para vosotros. Durante tu visita privada a la Alhambra, tu gu\u00eda oficial acreditado, comprometido con el turismo de calidad, te contar\u00e1 todos los secretos y te har\u00e1 entrega en mano del ticket del monumento, por lo que no deber\u00e1s preocuparte por nada, s\u00f3lo tendr\u00e1s que acudir a tu cita y dejarte embrujar por La Alhambra.<\/p>\n<p>Sum\u00e9rgete en esta joya \u00fanica y conoce en primera persona el Generalife, los Palacios Nazar\u00edes, la Medina, el Palacio de Carlos V y el resto de maravillas que esconde en su interior. Embri\u00e1gate de sus perfumes, de su belleza, sus colores y del susurro de sus fuentes. Escucha todos los detalles que explica tu gu\u00eda, toma las fotos que quieras y si\u00e9ntete en familia en esta visita privada.<\/p>\n<h4>Si quieres que tu experiencia visitando este monumento Patrimonio de la Humanidad, sea \u00fanica e irrepetible, no lo dudes, nosotros lo haremos realidad.<\/h4>\n<table class=\"table table-bordered tours-tabs__table\" style=\"height: 233px;\" width=\"862\">\n<tbody>\n<tr>\n<td><strong>IDIOMA<\/strong><\/td>\n<td>espa\u00f1ol<\/td>\n<\/tr>\n<tr>\n<td><strong>DURACI\u00d3N<\/strong><\/td>\n<td>3 horas<\/td>\n<\/tr>\n<tr>\n<td><strong>RECORRIDO<\/strong><\/td>\n<td>Palacios Nazar\u00edes, Alcazaba, Palacio de Carlos V , Generalife.<\/td>\n<\/tr>\n<tr>\n<td><strong>PRECIO<\/strong><\/td>\n<td>1 persona- 224\u20ac<br \/>\n2 personas- 254\u20ac<br \/>\n3 personas 284\u20ac<br \/>\n4 personas- 304\u20ac<br \/>\n5 personas-324\u20ac<br \/>\n6 personas- 344\u20ac<br \/>\n7 personas- 384\u20ac<br \/>\n8 personas- 404\u20ac<br \/>\n9 personas- 424\u20ac<\/td>\n<\/tr>\n<tr>\n<td><strong>INCLUYE<\/strong><\/td>\n<td><i class=\"fa fa-check icon-tick icon-tick--on\"><\/i>Visita en un idioma<br \/>\n<i class=\"fa fa-check icon-tick icon-tick--on\"><\/i>Gu\u00eda oficial acreditado<br \/>\n<i class=\"fa fa-check icon-tick icon-tick--on\"><\/i>Equipo de audio a partir de 6 personas<br \/>\n<i class=\"fa fa-check icon-tick icon-tick--on\"><\/i>Tickets a la Alhambra<\/td>\n<\/tr>\n<tr>\n<td><strong>IMPORTANTE<\/strong><\/td>\n<td> Llevar consigo el mismo documento ( DNI\/pasaporte \/ID)  original de cada persona facilitado durante el proceso de compra. Es obligatorio para el acceso al monumento. <\/td>\n<\/tr>\n<tr>\n<td><strong>RECOMENDACIONES<\/strong><\/td>\n<td>Llevar ropa y calzado c\u00f3modos.<br \/>\nLlevar una botella de agua.<br \/>\n<i class=\"fa fa-times icon-tick icon-tick--off\"><\/i>No se permiten llevar bolsos o mochilas grandes.<br \/>\n<i class=\"fa fa-times icon-tick icon-tick--off\"><\/i>No se permiten carritos de beb\u00e9s.<\/td>\n<\/tr>\n<\/tbody>\n<\/table>\n","protected":false},"excerpt":{"rendered":"<p>La Alhambra es el monumento m\u00e1s visitado de Espa\u00f1a y est\u00e1 considerado m\u00e1ximo exponente del arte nazar\u00ed y joya del arte musulm\u00e1n.<\/p>\n","protected":false},"featured_media":2011,"comment_status":"open","ping_status":"closed","template":"","meta":{"_monsterinsights_skip_tracking":false,"_monsterinsights_sitenote_active":false,"_monsterinsights_sitenote_note":"","_monsterinsights_sitenote_category":0},"product_cat":[203,257],"product_tag":[75,70,149,77,143,76,146,119,120,145],"class_list":{"0":"post-2059","1":"product","2":"type-product","3":"status-publish","4":"has-post-thumbnail","6":"product_cat-tours","7":"product_cat-visitas-alhambra","8":"product_tag-alcazaba","9":"product_tag-alhambra","10":"product_tag-espanol","11":"product_tag-generalife","12":"product_tag-granada-es","13":"product_tag-palacio-de-carlos-v","14":"product_tag-palacios-nazaries","15":"product_tag-tour-es","16":"product_tag-visita","17":"product_tag-visita-guiada","18":"tour_category-unete-al-grupo","20":"first","21":"instock","22":"featured","23":"taxable","24":"shipping-taxable","25":"purchasable","26":"product-type-tour"},"yoast_head":"<!-- This site is optimized with the Yoast SEO plugin v23.1 - https:\/\/yoast.com\/wordpress\/plugins\/seo\/ -->\n<title>VISITA PRIVADA A LA ALHAMBRA - Wanderlust Granada tours<\/title>\n<meta name=\"description\" content=\"La Alhambra es el monumento m\u00e1s visitado de Espa\u00f1a. Nuestros gu\u00edas te la mostrar\u00e1n encantados. Disfruta de nuestra visita privada a la Alhambra.\" \/>\n<meta name=\"robots\" content=\"index, follow, max-snippet:-1, max-image-preview:large, max-video-preview:-1\" \/>\n<link rel=\"canonical\" href=\"https:\/\/wanderlustgranadatours.com\/es\/tours\/visita-privada-a-la-alhambra\/\" \/>\n<meta property=\"og:locale\" content=\"es_ES\" \/>\n<meta property=\"og:type\" content=\"article\" \/>\n<meta property=\"og:title\" content=\"VISITA PRIVADA A LA ALHAMBRA - Wanderlust Granada tours\" \/>\n<meta property=\"og:description\" content=\"La Alhambra es el monumento m\u00e1s visitado de Espa\u00f1a. Nuestros gu\u00edas te la mostrar\u00e1n encantados. Disfruta de nuestra visita privada a la Alhambra.\" \/>\n<meta property=\"og:url\" content=\"https:\/\/wanderlustgranadatours.com\/es\/tours\/visita-privada-a-la-alhambra\/\" \/>\n<meta property=\"og:site_name\" content=\"Wanderlust Granada tours\" \/>\n<meta property=\"article:publisher\" content=\"https:\/\/www.facebook.com\/wanderlustgranadatours\/\" \/>\n<meta property=\"article:modified_time\" content=\"2024-06-27T20:23:41+00:00\" \/>\n<meta property=\"og:image\" content=\"https:\/\/wanderlustgranadatours.com\/wp-content\/uploads\/2024\/04\/Alhambra-grupos-reducidos-06.jpg\" \/>\n\t<meta property=\"og:image:width\" content=\"1966\" \/>\n\t<meta property=\"og:image:height\" content=\"1298\" \/>\n\t<meta property=\"og:image:type\" content=\"image\/jpeg\" \/>\n<meta name=\"twitter:card\" content=\"summary_large_image\" \/>\n<meta name=\"twitter:label1\" content=\"Tiempo de lectura\" \/>\n\t<meta name=\"twitter:data1\" content=\"2 minutos\" \/>\n<script type=\"application\/ld+json\" class=\"yoast-schema-graph\">{\"@context\":\"https:\/\/schema.org\",\"@graph\":[{\"@type\":\"WebPage\",\"@id\":\"https:\/\/wanderlustgranadatours.com\/es\/tours\/visita-privada-a-la-alhambra\/\",\"url\":\"https:\/\/wanderlustgranadatours.com\/es\/tours\/visita-privada-a-la-alhambra\/\",\"name\":\"VISITA PRIVADA A LA ALHAMBRA - Wanderlust Granada tours\",\"isPartOf\":{\"@id\":\"https:\/\/wanderlustgranadatours.com\/#website\"},\"primaryImageOfPage\":{\"@id\":\"https:\/\/wanderlustgranadatours.com\/es\/tours\/visita-privada-a-la-alhambra\/#primaryimage\"},\"image\":{\"@id\":\"https:\/\/wanderlustgranadatours.com\/es\/tours\/visita-privada-a-la-alhambra\/#primaryimage\"},\"thumbnailUrl\":\"https:\/\/wanderlustgranadatours.com\/wp-content\/uploads\/2024\/04\/Alhambra-grupos-reducidos-06.jpg\",\"datePublished\":\"2024-05-08T05:12:33+00:00\",\"dateModified\":\"2024-06-27T20:23:41+00:00\",\"description\":\"La Alhambra es el monumento m\u00e1s visitado de Espa\u00f1a. Nuestros gu\u00edas te la mostrar\u00e1n encantados. Disfruta de nuestra visita privada a la Alhambra.\",\"breadcrumb\":{\"@id\":\"https:\/\/wanderlustgranadatours.com\/es\/tours\/visita-privada-a-la-alhambra\/#breadcrumb\"},\"inLanguage\":\"es\",\"potentialAction\":[{\"@type\":\"ReadAction\",\"target\":[\"https:\/\/wanderlustgranadatours.com\/es\/tours\/visita-privada-a-la-alhambra\/\"]}]},{\"@type\":\"ImageObject\",\"inLanguage\":\"es\",\"@id\":\"https:\/\/wanderlustgranadatours.com\/es\/tours\/visita-privada-a-la-alhambra\/#primaryimage\",\"url\":\"https:\/\/wanderlustgranadatours.com\/wp-content\/uploads\/2024\/04\/Alhambra-grupos-reducidos-06.jpg\",\"contentUrl\":\"https:\/\/wanderlustgranadatours.com\/wp-content\/uploads\/2024\/04\/Alhambra-grupos-reducidos-06.jpg\",\"width\":1966,\"height\":1298,\"caption\":\"Visita a la Alhambra para grupos reducidos - Wanderlust Granada Tours\"},{\"@type\":\"BreadcrumbList\",\"@id\":\"https:\/\/wanderlustgranadatours.com\/es\/tours\/visita-privada-a-la-alhambra\/#breadcrumb\",\"itemListElement\":[{\"@type\":\"ListItem\",\"position\":1,\"name\":\"Portada\",\"item\":\"https:\/\/wanderlustgranadatours.com\/es\/\"},{\"@type\":\"ListItem\",\"position\":2,\"name\":\"Tienda\",\"item\":\"https:\/\/wanderlustgranadatours.com\/es\/tienda\/\"},{\"@type\":\"ListItem\",\"position\":3,\"name\":\"VISITA PRIVADA A LA ALHAMBRA\"}]},{\"@type\":\"WebSite\",\"@id\":\"https:\/\/wanderlustgranadatours.com\/#website\",\"url\":\"https:\/\/wanderlustgranadatours.com\/\",\"name\":\"Wanderlust Granada tours\",\"description\":\"Tours m\u00e1gicos por Granada\",\"potentialAction\":[{\"@type\":\"SearchAction\",\"target\":{\"@type\":\"EntryPoint\",\"urlTemplate\":\"https:\/\/wanderlustgranadatours.com\/?s={search_term_string}\"},\"query-input\":\"required name=search_term_string\"}],\"inLanguage\":\"es\"}]}<\/script>\n<!-- \/ Yoast SEO plugin. -->","yoast_head_json":{"title":"VISITA PRIVADA A LA ALHAMBRA - Wanderlust Granada tours","description":"La Alhambra es el monumento m\u00e1s visitado de Espa\u00f1a. Nuestros gu\u00edas te la mostrar\u00e1n encantados. Disfruta de nuestra visita privada a la Alhambra.","robots":{"index":"index","follow":"follow","max-snippet":"max-snippet:-1","max-image-preview":"max-image-preview:large","max-video-preview":"max-video-preview:-1"},"canonical":"https:\/\/wanderlustgranadatours.com\/es\/tours\/visita-privada-a-la-alhambra\/","og_locale":"es_ES","og_type":"article","og_title":"VISITA PRIVADA A LA ALHAMBRA - Wanderlust Granada tours","og_description":"La Alhambra es el monumento m\u00e1s visitado de Espa\u00f1a. Nuestros gu\u00edas te la mostrar\u00e1n encantados. Disfruta de nuestra visita privada a la Alhambra.","og_url":"https:\/\/wanderlustgranadatours.com\/es\/tours\/visita-privada-a-la-alhambra\/","og_site_name":"Wanderlust Granada tours","article_publisher":"https:\/\/www.facebook.com\/wanderlustgranadatours\/","article_modified_time":"2024-06-27T20:23:41+00:00","og_image":[{"width":1966,"height":1298,"url":"https:\/\/wanderlustgranadatours.com\/wp-content\/uploads\/2024\/04\/Alhambra-grupos-reducidos-06.jpg","type":"image\/jpeg"}],"twitter_card":"summary_large_image","twitter_misc":{"Tiempo de lectura":"2 minutos"},"schema":{"@context":"https:\/\/schema.org","@graph":[{"@type":"WebPage","@id":"https:\/\/wanderlustgranadatours.com\/es\/tours\/visita-privada-a-la-alhambra\/","url":"https:\/\/wanderlustgranadatours.com\/es\/tours\/visita-privada-a-la-alhambra\/","name":"VISITA PRIVADA A LA ALHAMBRA - Wanderlust Granada tours","isPartOf":{"@id":"https:\/\/wanderlustgranadatours.com\/#website"},"primaryImageOfPage":{"@id":"https:\/\/wanderlustgranadatours.com\/es\/tours\/visita-privada-a-la-alhambra\/#primaryimage"},"image":{"@id":"https:\/\/wanderlustgranadatours.com\/es\/tours\/visita-privada-a-la-alhambra\/#primaryimage"},"thumbnailUrl":"https:\/\/wanderlustgranadatours.com\/wp-content\/uploads\/2024\/04\/Alhambra-grupos-reducidos-06.jpg","datePublished":"2024-05-08T05:12:33+00:00","dateModified":"2024-06-27T20:23:41+00:00","description":"La Alhambra es el monumento m\u00e1s visitado de Espa\u00f1a. Nuestros gu\u00edas te la mostrar\u00e1n encantados. Disfruta de nuestra visita privada a la Alhambra.","breadcrumb":{"@id":"https:\/\/wanderlustgranadatours.com\/es\/tours\/visita-privada-a-la-alhambra\/#breadcrumb"},"inLanguage":"es","potentialAction":[{"@type":"ReadAction","target":["https:\/\/wanderlustgranadatours.com\/es\/tours\/visita-privada-a-la-alhambra\/"]}]},{"@type":"ImageObject","inLanguage":"es","@id":"https:\/\/wanderlustgranadatours.com\/es\/tours\/visita-privada-a-la-alhambra\/#primaryimage","url":"https:\/\/wanderlustgranadatours.com\/wp-content\/uploads\/2024\/04\/Alhambra-grupos-reducidos-06.jpg","contentUrl":"https:\/\/wanderlustgranadatours.com\/wp-content\/uploads\/2024\/04\/Alhambra-grupos-reducidos-06.jpg","width":1966,"height":1298,"caption":"Visita a la Alhambra para grupos reducidos - Wanderlust Granada Tours"},{"@type":"BreadcrumbList","@id":"https:\/\/wanderlustgranadatours.com\/es\/tours\/visita-privada-a-la-alhambra\/#breadcrumb","itemListElement":[{"@type":"ListItem","position":1,"name":"Portada","item":"https:\/\/wanderlustgranadatours.com\/es\/"},{"@type":"ListItem","position":2,"name":"Tienda","item":"https:\/\/wanderlustgranadatours.com\/es\/tienda\/"},{"@type":"ListItem","position":3,"name":"VISITA PRIVADA A LA ALHAMBRA"}]},{"@type":"WebSite","@id":"https:\/\/wanderlustgranadatours.com\/#website","url":"https:\/\/wanderlustgranadatours.com\/","name":"Wanderlust Granada tours","description":"Tours m\u00e1gicos por Granada","potentialAction":[{"@type":"SearchAction","target":{"@type":"EntryPoint","urlTemplate":"https:\/\/wanderlustgranadatours.com\/?s={search_term_string}"},"query-input":"required name=search_term_string"}],"inLanguage":"es"}]}},"_links":{"self":[{"href":"https:\/\/wanderlustgranadatours.com\/es\/wp-json\/wp\/v2\/product\/2059"}],"collection":[{"href":"https:\/\/wanderlustgranadatours.com\/es\/wp-json\/wp\/v2\/product"}],"about":[{"href":"https:\/\/wanderlustgranadatours.com\/es\/wp-json\/wp\/v2\/types\/product"}],"replies":[{"embeddable":true,"href":"https:\/\/wanderlustgranadatours.com\/es\/wp-json\/wp\/v2\/comments?post=2059"}],"wp:featuredmedia":[{"embeddable":true,"href":"https:\/\/wanderlustgranadatours.com\/es\/wp-json\/wp\/v2\/media\/2011"}],"wp:attachment":[{"href":"https:\/\/wanderlustgranadatours.com\/es\/wp-json\/wp\/v2\/media?parent=2059"}],"wp:term":[{"taxonomy":"product_cat","embeddable":true,"href":"https:\/\/wanderlustgranadatours.com\/es\/wp-json\/wp\/v2\/product_cat?post=2059"},{"taxonomy":"product_tag","embeddable":true,"href":"https:\/\/wanderlustgranadatours.com\/es\/wp-json\/wp\/v2\/product_tag?post=2059"}],"curies":[{"name":"wp","href":"https:\/\/api.w.org\/{rel}","templated":true}]}}