{"id":2035,"date":"2024-05-05T17:25:47","date_gmt":"2024-05-05T17:25:47","guid":{"rendered":"https:\/\/wanderlustgranadatours.com\/?post_type=product&#038;p=2035"},"modified":"2024-06-22T20:05:26","modified_gmt":"2024-06-22T20:05:26","slug":"visita-guiada-a-la-alhambra-nocturna-grupos-pequenos","status":"publish","type":"product","link":"https:\/\/wanderlustgranadatours.com\/es\/tours\/visita-guiada-a-la-alhambra-nocturna-grupos-pequenos\/","title":{"rendered":"VISITA GUIADA A LA ALHAMBRA NOCTURNA &#8211; grupos peque\u00f1os"},"content":{"rendered":"<p>Si est\u00e1s cansado del turismo de masas y quieres una experiencia m\u00e1s \u00edntima, personal y de calidad, esta es tu visita. Disfruta con nosotros de todos los rincones de los Palacios Nazar\u00edes  en un recorrido nocturno inigualable en un peque\u00f1o grupo. Tu gu\u00eda oficial acreditado, comprometido con el turismo de calidad, te contar\u00e1 todos los secretos y te har\u00e1 entrega del ticket del monumento, por lo que no deber\u00e1s preocuparte por nada, s\u00f3lo tendr\u00e1s que acudir a tu cita y dejarte embrujar por La Alhambra.<br \/>\nSum\u00e9rgete en esta joya \u00fanica y conoce en primera persona todos los entresijos de los Palacios Nazar\u00edes. Embri\u00e1gate  de su belleza, sus colores y del susurro de sus fuentes. Deleitate con el juego de luces y sombras de sus salas y las impresionantes vistas del Albaic\u00edn iluminado. Escucha todos los detalles que explica tu gu\u00eda, toma las fotos que quieras y si\u00e9ntete en familia en esta visita en grupo reducido. Si quieres que tu experiencia visitando este monumento Patrimonio de la Humanidad, sea \u00fanica e irrepetible, no lo dudes, \u00fanete a nuestro peque\u00f1o grupo.<\/p>\n<h4>\u00a1Con nosotros no habr\u00e1 lugar para el aburrimiento!<\/h4>\n<table class=\"table table-bordered tours-tabs__table\" style=\"height: 233px;\" width=\"862\">\n<tbody>\n<tr>\n<td><strong>IDIOMA<\/strong><\/td>\n<td>espa\u00f1ol<\/td>\n<\/tr>\n<tr>\n<td><strong>DURACI\u00d3N<\/strong><\/td>\n<td>2 horas<\/td>\n<\/tr>\n<tr>\n<td><strong>RECORRIDO<\/strong><\/td>\n<td> Palacios Nazar\u00edes, Palacio de Carlos V, Puerta de la Justicia, Puerta del vino.<\/td>\n<\/tr>\n<tr>\n<td><strong>PRECIO<\/strong><\/td>\n<td><b>69\u20ac \/ persona<\/b> (adultos y mayores de 12 a\u00f1os).<br \/>\n<b>19\u20ac beb\u00e9s y ni\u00f1os<\/b> mayores de 2 a\u00f1os (se requiere ticket)<br \/>\n<b>29\u20ac ni\u00f1os<\/b> entre 3 y 11 a\u00f1os<br \/>\nTama\u00f1o del grupo: \u00a015 personas m\u00e1xima. (Salidas con un m\u00ednimo de 2 personas)<\/td>\n<\/tr>\n<tr>\n<td><strong>INCLUYE<\/strong><\/td>\n<td><i class=\"fa fa-check icon-tick icon-tick--on\"><\/i>Visita en un idioma<br \/>\n<i class=\"fa fa-check icon-tick icon-tick--on\"><\/i>Gu\u00eda oficial acreditado<br \/>\n<i class=\"fa fa-check icon-tick icon-tick--on\"><\/i>Equipo de audio a partir de 6 personas<br \/>\n<i class=\"fa fa-check icon-tick icon-tick--on\"><\/i>Entradas a la Alhambra<\/td>\n<\/tr>\n<tr>\n<td><strong>RECOMENDACIONES<\/strong><\/td>\n<td>Llevar ropa y calzado c\u00f3modos.<br \/>\nLlevar una botella de agua.<br \/>\n<i class=\"fa fa-times icon-tick icon-tick--off\"><\/i>No se permiten llevar bolsos o mochilas grandes.<br \/>\n<i class=\"fa fa-times icon-tick icon-tick--off\"><\/i>No se permiten carritos de beb\u00e9s.<\/td>\n<\/tr>\n<tr>\n<td><strong>IMPORTANTE<\/strong><\/td>\n<td>Llevar consigo el mismo documento ( DNI\/pasaporte \/ID) original de cada persona facilitado durante el proceso de compra. Es obligatorio para el acceso al monumento..<\/td>\n<\/tr>\n<\/tbody>\n<\/table>\n","protected":false},"excerpt":{"rendered":"<p>La Alhambra es el monumento m\u00e1s visitado de Espa\u00f1a y est\u00e1 considerado m\u00e1ximo exponente del arte nazar\u00ed y joya del arte musulm\u00e1n.<\/p>\n","protected":false},"featured_media":2051,"comment_status":"open","ping_status":"closed","template":"","meta":{"_monsterinsights_skip_tracking":false,"_monsterinsights_sitenote_active":false,"_monsterinsights_sitenote_note":"","_monsterinsights_sitenote_category":0},"product_cat":[203,257],"product_tag":[75,70,149,77,143,76,146,119,120,145],"class_list":{"0":"post-2035","1":"product","2":"type-product","3":"status-publish","4":"has-post-thumbnail","6":"product_cat-tours","7":"product_cat-visitas-alhambra","8":"product_tag-alcazaba","9":"product_tag-alhambra","10":"product_tag-espanol","11":"product_tag-generalife","12":"product_tag-granada-es","13":"product_tag-palacio-de-carlos-v","14":"product_tag-palacios-nazaries","15":"product_tag-tour-es","16":"product_tag-visita","17":"product_tag-visita-guiada","18":"tour_category-unete-al-grupo","20":"first","21":"instock","22":"featured","23":"taxable","24":"shipping-taxable","25":"purchasable","26":"product-type-tour","27":"has-default-attributes"},"yoast_head":"<!-- This site is optimized with the Yoast SEO plugin v23.1 - https:\/\/yoast.com\/wordpress\/plugins\/seo\/ -->\n<title>VISITA GUIADA A LA ALHAMBRA NOCTURNA - grupos peque\u00f1os - Wanderlust Granada tours<\/title>\n<meta name=\"description\" content=\"La Alhambra es el monumento m\u00e1s visitado de Espa\u00f1a. Nuestros gu\u00edas te la mostrar\u00e1n encantados. Disfruta de nuestra visita guiada a la Alhambra nocturna.\" \/>\n<meta name=\"robots\" content=\"index, follow, max-snippet:-1, max-image-preview:large, max-video-preview:-1\" \/>\n<link rel=\"canonical\" href=\"https:\/\/wanderlustgranadatours.com\/es\/tours\/visita-guiada-a-la-alhambra-nocturna-grupos-pequenos\/\" \/>\n<meta property=\"og:locale\" content=\"es_ES\" \/>\n<meta property=\"og:type\" content=\"article\" \/>\n<meta property=\"og:title\" content=\"VISITA GUIADA A LA ALHAMBRA NOCTURNA - grupos peque\u00f1os - Wanderlust Granada tours\" \/>\n<meta property=\"og:description\" content=\"La Alhambra es el monumento m\u00e1s visitado de Espa\u00f1a. Nuestros gu\u00edas te la mostrar\u00e1n encantados. Disfruta de nuestra visita guiada a la Alhambra nocturna.\" \/>\n<meta property=\"og:url\" content=\"https:\/\/wanderlustgranadatours.com\/es\/tours\/visita-guiada-a-la-alhambra-nocturna-grupos-pequenos\/\" \/>\n<meta property=\"og:site_name\" content=\"Wanderlust Granada tours\" \/>\n<meta property=\"article:publisher\" content=\"https:\/\/www.facebook.com\/wanderlustgranadatours\/\" \/>\n<meta property=\"article:modified_time\" content=\"2024-06-22T20:05:26+00:00\" \/>\n<meta property=\"og:image\" content=\"https:\/\/wanderlustgranadatours.com\/wp-content\/uploads\/2024\/04\/Alhambra-nocturna-grupos-reducidos-portada.jpg\" \/>\n\t<meta property=\"og:image:width\" content=\"1966\" \/>\n\t<meta property=\"og:image:height\" content=\"1298\" \/>\n\t<meta property=\"og:image:type\" content=\"image\/jpeg\" \/>\n<meta name=\"twitter:card\" content=\"summary_large_image\" \/>\n<meta name=\"twitter:label1\" content=\"Tiempo de lectura\" \/>\n\t<meta name=\"twitter:data1\" content=\"2 minutos\" \/>\n<script type=\"application\/ld+json\" class=\"yoast-schema-graph\">{\"@context\":\"https:\/\/schema.org\",\"@graph\":[{\"@type\":\"WebPage\",\"@id\":\"https:\/\/wanderlustgranadatours.com\/es\/tours\/visita-guiada-a-la-alhambra-nocturna-grupos-pequenos\/\",\"url\":\"https:\/\/wanderlustgranadatours.com\/es\/tours\/visita-guiada-a-la-alhambra-nocturna-grupos-pequenos\/\",\"name\":\"VISITA GUIADA A LA ALHAMBRA NOCTURNA - grupos peque\u00f1os - Wanderlust Granada tours\",\"isPartOf\":{\"@id\":\"https:\/\/wanderlustgranadatours.com\/#website\"},\"primaryImageOfPage\":{\"@id\":\"https:\/\/wanderlustgranadatours.com\/es\/tours\/visita-guiada-a-la-alhambra-nocturna-grupos-pequenos\/#primaryimage\"},\"image\":{\"@id\":\"https:\/\/wanderlustgranadatours.com\/es\/tours\/visita-guiada-a-la-alhambra-nocturna-grupos-pequenos\/#primaryimage\"},\"thumbnailUrl\":\"https:\/\/wanderlustgranadatours.com\/wp-content\/uploads\/2024\/04\/Alhambra-nocturna-grupos-reducidos-portada.jpg\",\"datePublished\":\"2024-05-05T17:25:47+00:00\",\"dateModified\":\"2024-06-22T20:05:26+00:00\",\"description\":\"La Alhambra es el monumento m\u00e1s visitado de Espa\u00f1a. Nuestros gu\u00edas te la mostrar\u00e1n encantados. Disfruta de nuestra visita guiada a la Alhambra nocturna.\",\"breadcrumb\":{\"@id\":\"https:\/\/wanderlustgranadatours.com\/es\/tours\/visita-guiada-a-la-alhambra-nocturna-grupos-pequenos\/#breadcrumb\"},\"inLanguage\":\"es\",\"potentialAction\":[{\"@type\":\"ReadAction\",\"target\":[\"https:\/\/wanderlustgranadatours.com\/es\/tours\/visita-guiada-a-la-alhambra-nocturna-grupos-pequenos\/\"]}]},{\"@type\":\"ImageObject\",\"inLanguage\":\"es\",\"@id\":\"https:\/\/wanderlustgranadatours.com\/es\/tours\/visita-guiada-a-la-alhambra-nocturna-grupos-pequenos\/#primaryimage\",\"url\":\"https:\/\/wanderlustgranadatours.com\/wp-content\/uploads\/2024\/04\/Alhambra-nocturna-grupos-reducidos-portada.jpg\",\"contentUrl\":\"https:\/\/wanderlustgranadatours.com\/wp-content\/uploads\/2024\/04\/Alhambra-nocturna-grupos-reducidos-portada.jpg\",\"width\":1966,\"height\":1298,\"caption\":\"Visita nocturna a la Alhambra para grupos reducidos - Wanderlust Granada Tours\"},{\"@type\":\"BreadcrumbList\",\"@id\":\"https:\/\/wanderlustgranadatours.com\/es\/tours\/visita-guiada-a-la-alhambra-nocturna-grupos-pequenos\/#breadcrumb\",\"itemListElement\":[{\"@type\":\"ListItem\",\"position\":1,\"name\":\"Portada\",\"item\":\"https:\/\/wanderlustgranadatours.com\/es\/\"},{\"@type\":\"ListItem\",\"position\":2,\"name\":\"Tienda\",\"item\":\"https:\/\/wanderlustgranadatours.com\/es\/tienda\/\"},{\"@type\":\"ListItem\",\"position\":3,\"name\":\"VISITA GUIADA A LA ALHAMBRA NOCTURNA &#8211; grupos peque\u00f1os\"}]},{\"@type\":\"WebSite\",\"@id\":\"https:\/\/wanderlustgranadatours.com\/#website\",\"url\":\"https:\/\/wanderlustgranadatours.com\/\",\"name\":\"Wanderlust Granada tours\",\"description\":\"Tours m\u00e1gicos por Granada\",\"potentialAction\":[{\"@type\":\"SearchAction\",\"target\":{\"@type\":\"EntryPoint\",\"urlTemplate\":\"https:\/\/wanderlustgranadatours.com\/?s={search_term_string}\"},\"query-input\":\"required name=search_term_string\"}],\"inLanguage\":\"es\"}]}<\/script>\n<!-- \/ Yoast SEO plugin. -->","yoast_head_json":{"title":"VISITA GUIADA A LA ALHAMBRA NOCTURNA - grupos peque\u00f1os - Wanderlust Granada tours","description":"La Alhambra es el monumento m\u00e1s visitado de Espa\u00f1a. Nuestros gu\u00edas te la mostrar\u00e1n encantados. Disfruta de nuestra visita guiada a la Alhambra nocturna.","robots":{"index":"index","follow":"follow","max-snippet":"max-snippet:-1","max-image-preview":"max-image-preview:large","max-video-preview":"max-video-preview:-1"},"canonical":"https:\/\/wanderlustgranadatours.com\/es\/tours\/visita-guiada-a-la-alhambra-nocturna-grupos-pequenos\/","og_locale":"es_ES","og_type":"article","og_title":"VISITA GUIADA A LA ALHAMBRA NOCTURNA - grupos peque\u00f1os - Wanderlust Granada tours","og_description":"La Alhambra es el monumento m\u00e1s visitado de Espa\u00f1a. Nuestros gu\u00edas te la mostrar\u00e1n encantados. Disfruta de nuestra visita guiada a la Alhambra nocturna.","og_url":"https:\/\/wanderlustgranadatours.com\/es\/tours\/visita-guiada-a-la-alhambra-nocturna-grupos-pequenos\/","og_site_name":"Wanderlust Granada tours","article_publisher":"https:\/\/www.facebook.com\/wanderlustgranadatours\/","article_modified_time":"2024-06-22T20:05:26+00:00","og_image":[{"width":1966,"height":1298,"url":"https:\/\/wanderlustgranadatours.com\/wp-content\/uploads\/2024\/04\/Alhambra-nocturna-grupos-reducidos-portada.jpg","type":"image\/jpeg"}],"twitter_card":"summary_large_image","twitter_misc":{"Tiempo de lectura":"2 minutos"},"schema":{"@context":"https:\/\/schema.org","@graph":[{"@type":"WebPage","@id":"https:\/\/wanderlustgranadatours.com\/es\/tours\/visita-guiada-a-la-alhambra-nocturna-grupos-pequenos\/","url":"https:\/\/wanderlustgranadatours.com\/es\/tours\/visita-guiada-a-la-alhambra-nocturna-grupos-pequenos\/","name":"VISITA GUIADA A LA ALHAMBRA NOCTURNA - grupos peque\u00f1os - Wanderlust Granada tours","isPartOf":{"@id":"https:\/\/wanderlustgranadatours.com\/#website"},"primaryImageOfPage":{"@id":"https:\/\/wanderlustgranadatours.com\/es\/tours\/visita-guiada-a-la-alhambra-nocturna-grupos-pequenos\/#primaryimage"},"image":{"@id":"https:\/\/wanderlustgranadatours.com\/es\/tours\/visita-guiada-a-la-alhambra-nocturna-grupos-pequenos\/#primaryimage"},"thumbnailUrl":"https:\/\/wanderlustgranadatours.com\/wp-content\/uploads\/2024\/04\/Alhambra-nocturna-grupos-reducidos-portada.jpg","datePublished":"2024-05-05T17:25:47+00:00","dateModified":"2024-06-22T20:05:26+00:00","description":"La Alhambra es el monumento m\u00e1s visitado de Espa\u00f1a. Nuestros gu\u00edas te la mostrar\u00e1n encantados. Disfruta de nuestra visita guiada a la Alhambra nocturna.","breadcrumb":{"@id":"https:\/\/wanderlustgranadatours.com\/es\/tours\/visita-guiada-a-la-alhambra-nocturna-grupos-pequenos\/#breadcrumb"},"inLanguage":"es","potentialAction":[{"@type":"ReadAction","target":["https:\/\/wanderlustgranadatours.com\/es\/tours\/visita-guiada-a-la-alhambra-nocturna-grupos-pequenos\/"]}]},{"@type":"ImageObject","inLanguage":"es","@id":"https:\/\/wanderlustgranadatours.com\/es\/tours\/visita-guiada-a-la-alhambra-nocturna-grupos-pequenos\/#primaryimage","url":"https:\/\/wanderlustgranadatours.com\/wp-content\/uploads\/2024\/04\/Alhambra-nocturna-grupos-reducidos-portada.jpg","contentUrl":"https:\/\/wanderlustgranadatours.com\/wp-content\/uploads\/2024\/04\/Alhambra-nocturna-grupos-reducidos-portada.jpg","width":1966,"height":1298,"caption":"Visita nocturna a la Alhambra para grupos reducidos - Wanderlust Granada Tours"},{"@type":"BreadcrumbList","@id":"https:\/\/wanderlustgranadatours.com\/es\/tours\/visita-guiada-a-la-alhambra-nocturna-grupos-pequenos\/#breadcrumb","itemListElement":[{"@type":"ListItem","position":1,"name":"Portada","item":"https:\/\/wanderlustgranadatours.com\/es\/"},{"@type":"ListItem","position":2,"name":"Tienda","item":"https:\/\/wanderlustgranadatours.com\/es\/tienda\/"},{"@type":"ListItem","position":3,"name":"VISITA GUIADA A LA ALHAMBRA NOCTURNA &#8211; grupos peque\u00f1os"}]},{"@type":"WebSite","@id":"https:\/\/wanderlustgranadatours.com\/#website","url":"https:\/\/wanderlustgranadatours.com\/","name":"Wanderlust Granada tours","description":"Tours m\u00e1gicos por Granada","potentialAction":[{"@type":"SearchAction","target":{"@type":"EntryPoint","urlTemplate":"https:\/\/wanderlustgranadatours.com\/?s={search_term_string}"},"query-input":"required name=search_term_string"}],"inLanguage":"es"}]}},"_links":{"self":[{"href":"https:\/\/wanderlustgranadatours.com\/es\/wp-json\/wp\/v2\/product\/2035"}],"collection":[{"href":"https:\/\/wanderlustgranadatours.com\/es\/wp-json\/wp\/v2\/product"}],"about":[{"href":"https:\/\/wanderlustgranadatours.com\/es\/wp-json\/wp\/v2\/types\/product"}],"replies":[{"embeddable":true,"href":"https:\/\/wanderlustgranadatours.com\/es\/wp-json\/wp\/v2\/comments?post=2035"}],"wp:featuredmedia":[{"embeddable":true,"href":"https:\/\/wanderlustgranadatours.com\/es\/wp-json\/wp\/v2\/media\/2051"}],"wp:attachment":[{"href":"https:\/\/wanderlustgranadatours.com\/es\/wp-json\/wp\/v2\/media?parent=2035"}],"wp:term":[{"taxonomy":"product_cat","embeddable":true,"href":"https:\/\/wanderlustgranadatours.com\/es\/wp-json\/wp\/v2\/product_cat?post=2035"},{"taxonomy":"product_tag","embeddable":true,"href":"https:\/\/wanderlustgranadatours.com\/es\/wp-json\/wp\/v2\/product_tag?post=2035"}],"curies":[{"name":"wp","href":"https:\/\/api.w.org\/{rel}","templated":true}]}}