{"id":1966,"date":"2023-12-05T12:09:00","date_gmt":"2023-12-05T12:09:00","guid":{"rendered":"https:\/\/wanderlustgranadatours.com\/?post_type=product&#038;p=1966"},"modified":"2024-06-22T20:09:30","modified_gmt":"2024-06-22T20:09:30","slug":"antequera-desde-granada","status":"publish","type":"product","link":"https:\/\/wanderlustgranadatours.com\/es\/tours\/antequera-desde-granada\/","title":{"rendered":"Antequera desde Granada"},"content":{"rendered":"<p>Ven a conocer Antequera con nosotros, una de las ciudades m\u00e1s bonitas de Andaluc\u00eda. Esta m\u00e1gica ciudad cuenta con la Alcazaba de Papabellotas, declarada Bien de Inter\u00e9s Cultural ; al igual que el Pe\u00f1\u00f3n de los Enamorados, que te sorprender\u00e1 por su original silueta, su gran importancia arqueol\u00f3gica y la curiosa leyenda que lo envuelve. En Antequera se reparten tambi\u00e9n palacetes y multitud de peque\u00f1as iglesias de preciosos campanarios.<\/p>\n<h4>Descubre con nosotros todos sus secretos y degusta dulces t\u00edpicos locales como el delicioso \u2018bienmesabe\u2019<\/h4>\n<p>Adem\u00e1s podr\u00e1s visitar el Conjunto Arqueol\u00f3gico de los D\u00f3lmenes, declarado Patrimonio Mundial de la Unesco en 2016. Antequera se convertir\u00e1 en una de tus ciudades favoritas. Ahora puedes visitarla en grupo reducido, con nuestro gu\u00eda oficial acompa\u00f1ante y transporte de ida y vuelta desde Granada.<\/p>\n<table class=\"table table-bordered tours-tabs__table\" style=\"height: 233px;\" width=\"862\">\n<tbody>\n<tr>\n<td><strong>IDIOMA<\/strong><\/td>\n<td>espa\u00f1ol<\/td>\n<\/tr>\n<tr>\n<td><strong>DURACI\u00d3N<\/strong><\/td>\n<td>8 horas aproximadamente<\/td>\n<\/tr>\n<tr>\n<td><strong>RECORRIDO<\/strong><\/td>\n<td>Antequera visita ciudad, Conjunto Arqueol\u00f3gico D\u00f3lmenes, Recinto Monumental Alcazaba de \u201cPapabellotas\u201d<\/td>\n<\/tr>\n<td><strong>PRECIO<\/strong><\/td>\n<td>150\u20ac por persona (grupo reducido).<br \/>\nSe saldr\u00e1 con un m\u00ednimo de 2 personas y un m\u00e1ximo de 8 personas.<\/td>\n\n<tr>\n<td><strong>PUNTO DE ENCUENTRO<\/strong><\/td>\n<td>Nos encontraremos en la <a href=\"https:\/\/goo.gl\/maps\/Gd2Tz6BZLgGUfze2A\" rel=\"noopener\" target=\"_blank\">plaza Mariana Pineda<\/a>.<\/td>\n<\/tr>\n<tr>\n<td><strong>HORA DE COMIENZO<\/strong><\/td>\n<td>9:00h<br \/>\nSe ruega llegar <b>15 minutos antes<\/b> de la hora de encuentro indicada en los detalles de su visita guiada reservada. En caso de retraso no podremos asegurarle su incorporaci\u00f3n a \u00e9sta y no se efectuar\u00e1 el reembolso de su compra.<\/td>\n<\/tr>\n<tr>\n<td><strong>IMPORTANTE<\/strong><\/td>\n<td><b>No apto<\/b> para personas de <b>movilidad reducida<\/b>.<\/td>\n<\/tr>\n<tr>\n<td><strong>INCLUYE<\/strong><\/td>\n<td>\n<table class=\"table table-bordered\" style=\"height: 62px;\" width=\"300\">\n<tbody>\n<tr>\n<td><i class=\"fa fa-check icon-tick icon-tick--on\"><\/i>Visita con gu\u00eda oficial acreditado.<\/td>\n<td><i class=\"fa fa-check icon-tick icon-tick--on\"><\/i>Entrada a los d\u00f3lmenes.<\/td>\n<td><i class=\"fa fa-check icon-tick icon-tick--on\"><\/i>Transporte.<\/td>\n<\/tr>\n<\/tbody>\n<\/table>\n<\/td>\n<\/tr>\n<tr>\n<td><strong>RECOMENDACIONES<\/strong><\/td>\n<td>Llevar calzado y ropa c\u00f3moda.<\/td>\n<\/tr>\n<\/tbody>\n<\/table>\n<p>Descubre Antequera desde Granada y enam\u00f3rate de la ciudad.<\/p>\n","protected":false},"excerpt":{"rendered":"<p>Ven a conocer Antequera con nosotros, una de las ciudades m\u00e1s bonitas de Andaluc\u00eda.<\/p>\n","protected":false},"featured_media":1967,"comment_status":"open","ping_status":"closed","template":"","meta":{"_monsterinsights_skip_tracking":false,"_monsterinsights_sitenote_active":false,"_monsterinsights_sitenote_note":"","_monsterinsights_sitenote_category":0},"product_cat":[265],"product_tag":[],"class_list":{"0":"post-1966","1":"product","2":"type-product","3":"status-publish","4":"has-post-thumbnail","6":"product_cat-experiencias-excursiones","8":"first","9":"instock","10":"taxable","11":"shipping-taxable","12":"purchasable","13":"product-type-tour"},"yoast_head":"<!-- This site is optimized with the Yoast SEO plugin v23.1 - https:\/\/yoast.com\/wordpress\/plugins\/seo\/ -->\n<title>Antequera desde Granada - Wanderlust Granada tours<\/title>\n<meta name=\"description\" content=\"Ven a conocer Antequera desde Granada con nosotros, una de las ciudades m\u00e1s bonitas de Andaluc\u00eda. Degusta dulces t\u00edpicos y visita los D\u00f3lmenes.\" \/>\n<meta name=\"robots\" content=\"index, follow, max-snippet:-1, max-image-preview:large, max-video-preview:-1\" \/>\n<link rel=\"canonical\" href=\"https:\/\/wanderlustgranadatours.com\/es\/tours\/antequera-desde-granada\/\" \/>\n<meta property=\"og:locale\" content=\"es_ES\" \/>\n<meta property=\"og:type\" content=\"article\" \/>\n<meta property=\"og:title\" content=\"Antequera desde Granada - Wanderlust Granada tours\" \/>\n<meta property=\"og:description\" content=\"Ven a conocer Antequera desde Granada con nosotros, una de las ciudades m\u00e1s bonitas de Andaluc\u00eda. Degusta dulces t\u00edpicos y visita los D\u00f3lmenes.\" \/>\n<meta property=\"og:url\" content=\"https:\/\/wanderlustgranadatours.com\/es\/tours\/antequera-desde-granada\/\" \/>\n<meta property=\"og:site_name\" content=\"Wanderlust Granada tours\" \/>\n<meta property=\"article:publisher\" content=\"https:\/\/www.facebook.com\/wanderlustgranadatours\/\" \/>\n<meta property=\"article:modified_time\" content=\"2024-06-22T20:09:30+00:00\" \/>\n<meta property=\"og:image\" content=\"https:\/\/wanderlustgranadatours.com\/wp-content\/uploads\/2023\/12\/Antequera-desde-Granada-portada-01.jpg\" \/>\n\t<meta property=\"og:image:width\" content=\"1966\" \/>\n\t<meta property=\"og:image:height\" content=\"1298\" \/>\n\t<meta property=\"og:image:type\" content=\"image\/jpeg\" \/>\n<meta name=\"twitter:card\" content=\"summary_large_image\" \/>\n<meta name=\"twitter:label1\" content=\"Tiempo de lectura\" \/>\n\t<meta name=\"twitter:data1\" content=\"2 minutos\" \/>\n<script type=\"application\/ld+json\" class=\"yoast-schema-graph\">{\"@context\":\"https:\/\/schema.org\",\"@graph\":[{\"@type\":\"WebPage\",\"@id\":\"https:\/\/wanderlustgranadatours.com\/es\/tours\/antequera-desde-granada\/\",\"url\":\"https:\/\/wanderlustgranadatours.com\/es\/tours\/antequera-desde-granada\/\",\"name\":\"Antequera desde Granada - Wanderlust Granada tours\",\"isPartOf\":{\"@id\":\"https:\/\/wanderlustgranadatours.com\/#website\"},\"primaryImageOfPage\":{\"@id\":\"https:\/\/wanderlustgranadatours.com\/es\/tours\/antequera-desde-granada\/#primaryimage\"},\"image\":{\"@id\":\"https:\/\/wanderlustgranadatours.com\/es\/tours\/antequera-desde-granada\/#primaryimage\"},\"thumbnailUrl\":\"https:\/\/wanderlustgranadatours.com\/wp-content\/uploads\/2023\/12\/Antequera-desde-Granada-portada-01.jpg\",\"datePublished\":\"2023-12-05T12:09:00+00:00\",\"dateModified\":\"2024-06-22T20:09:30+00:00\",\"description\":\"Ven a conocer Antequera desde Granada con nosotros, una de las ciudades m\u00e1s bonitas de Andaluc\u00eda. Degusta dulces t\u00edpicos y visita los D\u00f3lmenes.\",\"breadcrumb\":{\"@id\":\"https:\/\/wanderlustgranadatours.com\/es\/tours\/antequera-desde-granada\/#breadcrumb\"},\"inLanguage\":\"es\",\"potentialAction\":[{\"@type\":\"ReadAction\",\"target\":[\"https:\/\/wanderlustgranadatours.com\/es\/tours\/antequera-desde-granada\/\"]}]},{\"@type\":\"ImageObject\",\"inLanguage\":\"es\",\"@id\":\"https:\/\/wanderlustgranadatours.com\/es\/tours\/antequera-desde-granada\/#primaryimage\",\"url\":\"https:\/\/wanderlustgranadatours.com\/wp-content\/uploads\/2023\/12\/Antequera-desde-Granada-portada-01.jpg\",\"contentUrl\":\"https:\/\/wanderlustgranadatours.com\/wp-content\/uploads\/2023\/12\/Antequera-desde-Granada-portada-01.jpg\",\"width\":1966,\"height\":1298,\"caption\":\"Antequera desde Granada - Experiencias y excursiones - Wanderlust Granada Tours\"},{\"@type\":\"BreadcrumbList\",\"@id\":\"https:\/\/wanderlustgranadatours.com\/es\/tours\/antequera-desde-granada\/#breadcrumb\",\"itemListElement\":[{\"@type\":\"ListItem\",\"position\":1,\"name\":\"Portada\",\"item\":\"https:\/\/wanderlustgranadatours.com\/es\/\"},{\"@type\":\"ListItem\",\"position\":2,\"name\":\"Tienda\",\"item\":\"https:\/\/wanderlustgranadatours.com\/es\/tienda\/\"},{\"@type\":\"ListItem\",\"position\":3,\"name\":\"Antequera desde Granada\"}]},{\"@type\":\"WebSite\",\"@id\":\"https:\/\/wanderlustgranadatours.com\/#website\",\"url\":\"https:\/\/wanderlustgranadatours.com\/\",\"name\":\"Wanderlust Granada tours\",\"description\":\"Tours m\u00e1gicos por Granada\",\"potentialAction\":[{\"@type\":\"SearchAction\",\"target\":{\"@type\":\"EntryPoint\",\"urlTemplate\":\"https:\/\/wanderlustgranadatours.com\/?s={search_term_string}\"},\"query-input\":\"required name=search_term_string\"}],\"inLanguage\":\"es\"}]}<\/script>\n<!-- \/ Yoast SEO plugin. -->","yoast_head_json":{"title":"Antequera desde Granada - Wanderlust Granada tours","description":"Ven a conocer Antequera desde Granada con nosotros, una de las ciudades m\u00e1s bonitas de Andaluc\u00eda. Degusta dulces t\u00edpicos y visita los D\u00f3lmenes.","robots":{"index":"index","follow":"follow","max-snippet":"max-snippet:-1","max-image-preview":"max-image-preview:large","max-video-preview":"max-video-preview:-1"},"canonical":"https:\/\/wanderlustgranadatours.com\/es\/tours\/antequera-desde-granada\/","og_locale":"es_ES","og_type":"article","og_title":"Antequera desde Granada - Wanderlust Granada tours","og_description":"Ven a conocer Antequera desde Granada con nosotros, una de las ciudades m\u00e1s bonitas de Andaluc\u00eda. Degusta dulces t\u00edpicos y visita los D\u00f3lmenes.","og_url":"https:\/\/wanderlustgranadatours.com\/es\/tours\/antequera-desde-granada\/","og_site_name":"Wanderlust Granada tours","article_publisher":"https:\/\/www.facebook.com\/wanderlustgranadatours\/","article_modified_time":"2024-06-22T20:09:30+00:00","og_image":[{"width":1966,"height":1298,"url":"https:\/\/wanderlustgranadatours.com\/wp-content\/uploads\/2023\/12\/Antequera-desde-Granada-portada-01.jpg","type":"image\/jpeg"}],"twitter_card":"summary_large_image","twitter_misc":{"Tiempo de lectura":"2 minutos"},"schema":{"@context":"https:\/\/schema.org","@graph":[{"@type":"WebPage","@id":"https:\/\/wanderlustgranadatours.com\/es\/tours\/antequera-desde-granada\/","url":"https:\/\/wanderlustgranadatours.com\/es\/tours\/antequera-desde-granada\/","name":"Antequera desde Granada - Wanderlust Granada tours","isPartOf":{"@id":"https:\/\/wanderlustgranadatours.com\/#website"},"primaryImageOfPage":{"@id":"https:\/\/wanderlustgranadatours.com\/es\/tours\/antequera-desde-granada\/#primaryimage"},"image":{"@id":"https:\/\/wanderlustgranadatours.com\/es\/tours\/antequera-desde-granada\/#primaryimage"},"thumbnailUrl":"https:\/\/wanderlustgranadatours.com\/wp-content\/uploads\/2023\/12\/Antequera-desde-Granada-portada-01.jpg","datePublished":"2023-12-05T12:09:00+00:00","dateModified":"2024-06-22T20:09:30+00:00","description":"Ven a conocer Antequera desde Granada con nosotros, una de las ciudades m\u00e1s bonitas de Andaluc\u00eda. Degusta dulces t\u00edpicos y visita los D\u00f3lmenes.","breadcrumb":{"@id":"https:\/\/wanderlustgranadatours.com\/es\/tours\/antequera-desde-granada\/#breadcrumb"},"inLanguage":"es","potentialAction":[{"@type":"ReadAction","target":["https:\/\/wanderlustgranadatours.com\/es\/tours\/antequera-desde-granada\/"]}]},{"@type":"ImageObject","inLanguage":"es","@id":"https:\/\/wanderlustgranadatours.com\/es\/tours\/antequera-desde-granada\/#primaryimage","url":"https:\/\/wanderlustgranadatours.com\/wp-content\/uploads\/2023\/12\/Antequera-desde-Granada-portada-01.jpg","contentUrl":"https:\/\/wanderlustgranadatours.com\/wp-content\/uploads\/2023\/12\/Antequera-desde-Granada-portada-01.jpg","width":1966,"height":1298,"caption":"Antequera desde Granada - Experiencias y excursiones - Wanderlust Granada Tours"},{"@type":"BreadcrumbList","@id":"https:\/\/wanderlustgranadatours.com\/es\/tours\/antequera-desde-granada\/#breadcrumb","itemListElement":[{"@type":"ListItem","position":1,"name":"Portada","item":"https:\/\/wanderlustgranadatours.com\/es\/"},{"@type":"ListItem","position":2,"name":"Tienda","item":"https:\/\/wanderlustgranadatours.com\/es\/tienda\/"},{"@type":"ListItem","position":3,"name":"Antequera desde Granada"}]},{"@type":"WebSite","@id":"https:\/\/wanderlustgranadatours.com\/#website","url":"https:\/\/wanderlustgranadatours.com\/","name":"Wanderlust Granada tours","description":"Tours m\u00e1gicos por Granada","potentialAction":[{"@type":"SearchAction","target":{"@type":"EntryPoint","urlTemplate":"https:\/\/wanderlustgranadatours.com\/?s={search_term_string}"},"query-input":"required name=search_term_string"}],"inLanguage":"es"}]}},"_links":{"self":[{"href":"https:\/\/wanderlustgranadatours.com\/es\/wp-json\/wp\/v2\/product\/1966"}],"collection":[{"href":"https:\/\/wanderlustgranadatours.com\/es\/wp-json\/wp\/v2\/product"}],"about":[{"href":"https:\/\/wanderlustgranadatours.com\/es\/wp-json\/wp\/v2\/types\/product"}],"replies":[{"embeddable":true,"href":"https:\/\/wanderlustgranadatours.com\/es\/wp-json\/wp\/v2\/comments?post=1966"}],"wp:featuredmedia":[{"embeddable":true,"href":"https:\/\/wanderlustgranadatours.com\/es\/wp-json\/wp\/v2\/media\/1967"}],"wp:attachment":[{"href":"https:\/\/wanderlustgranadatours.com\/es\/wp-json\/wp\/v2\/media?parent=1966"}],"wp:term":[{"taxonomy":"product_cat","embeddable":true,"href":"https:\/\/wanderlustgranadatours.com\/es\/wp-json\/wp\/v2\/product_cat?post=1966"},{"taxonomy":"product_tag","embeddable":true,"href":"https:\/\/wanderlustgranadatours.com\/es\/wp-json\/wp\/v2\/product_tag?post=1966"}],"curies":[{"name":"wp","href":"https:\/\/api.w.org\/{rel}","templated":true}]}}