{"id":1959,"date":"2023-11-29T11:17:20","date_gmt":"2023-11-29T11:17:20","guid":{"rendered":"https:\/\/wanderlustgranadatours.com\/?post_type=product&#038;p=1959"},"modified":"2024-06-22T20:10:56","modified_gmt":"2024-06-22T20:10:56","slug":"cata-de-vinos-granadinos","status":"publish","type":"product","link":"https:\/\/wanderlustgranadatours.com\/es\/tours\/cata-de-vinos-granadinos\/","title":{"rendered":"Cata de vinos granadinos con maridaje"},"content":{"rendered":"<p>Ad\u00e9ntrate en Granada a trav\u00e9s del gusto y del olfato, conoce su sabor con nuestras experiencias enogastron\u00f3micas y descubre esta ciudad m\u00e1gica con todos tus sentidos. Contamos con una amplia variedad de vinos con denominaci\u00f3n de origen de Granada que ser\u00e1n acompa\u00f1ados con un aperitivo ideal para degustarlos y una explicaci\u00f3n realizada por un sommelier profesional para que no pierdas detalle.<\/p>\n<h4>Disfruta de la cata de vinos granadinos m\u00e1s especial<\/h4>\n<table class=\"table table-bordered tours-tabs__table\" style=\"height: 233px;\" width=\"862\">\n<tbody>\n<tr>\n<td><strong>IDIOMA<\/strong><\/td>\n<td>espa\u00f1ol<\/td>\n<\/tr>\n<tr>\n<td><strong>DURACI\u00d3N<\/strong><\/td>\n<td>2 horas aproximadamente<\/td>\n<\/tr>\n<td><strong>PRECIO<\/strong><\/td>\n<td>35\u20ac \/ persona (grupo reducido).<br \/>\nOpci\u00f3n a grupo privado : Realizaci\u00f3n con un m\u00ednimo de 6 personas y m\u00e1ximo 16 personas.<\/td>\n\n<tr>\n<td><strong>PUNTO DE ENCUENTRO<\/strong><\/td>\n<td>Le indicaremos por correo electr\u00f3nico el nombre y direcci\u00f3n del restaurante en el que se realizar\u00e1 la cata 2-3 d\u00edas antes de la fecha de su experiencia.<\/td>\n<\/tr>\n<tr>\n<td><strong>HORA DE COMIENZO<\/strong><\/td>\n<td>20:00<\/td>\n<\/tr>\n<tr>\n<td><strong>INCLUYE<\/strong><\/td>\n<td>\n<table class=\"table table-bordered\" style=\"height: 62px;\" width=\"300\">\n<tbody>\n<tr>\n<td><i class=\"fa fa-check icon-tick icon-tick--on\"><\/i>Cata de vino con maridaje y explicaci\u00f3n con sommelier.<\/td>\n<td><i class=\"fa fa-check icon-tick icon-tick--on\"><\/i>Botella de agua natural.<\/td>\n<\/tr>\n<\/tbody>\n<\/table>\n<\/td>\n<\/tr>\n<tr>\n<td><b>NO INCLUYE<\/b><\/td>\n<td>\n<table class=\"table table-bordered\" style=\"height: 62px;\" width=\"300\">\n<tbody>\n<tr>\n<td><i class=\"fa fa-times icon-tick icon-tick--off\"><\/i>Bebidas o comida extra fuera de la cata no est\u00e1n inclu\u00eddas, deber\u00e1n ser abonadas por cada cliente.<\/td>\n<\/tr>\n<\/tbody>\n<\/table>\n<\/td>\n<\/tr>\n<tr>\n<td><strong>RECOMENDACIONES<\/strong><\/td>\n<td>Si bebes no conduzcas.<\/td>\n<\/tr>\n<\/tbody>\n<\/table>\n<p>La cata de vinos granadinos m\u00e1s aut\u00e9ntica de la ciudad.<\/p>\n","protected":false},"excerpt":{"rendered":"<p>Ad\u00e9ntrate en Granada a trav\u00e9s del gusto y del olfato, conoce su sabor con nuestras experiencias enogastron\u00f3micas y descubre esta ciudad m\u00e1gica con todos tus sentidos.<\/p>\n","protected":false},"featured_media":1960,"comment_status":"open","ping_status":"closed","template":"","meta":{"_monsterinsights_skip_tracking":false,"_monsterinsights_sitenote_active":false,"_monsterinsights_sitenote_note":"","_monsterinsights_sitenote_category":0},"product_cat":[265],"product_tag":[],"class_list":{"0":"post-1959","1":"product","2":"type-product","3":"status-publish","4":"has-post-thumbnail","6":"product_cat-experiencias-excursiones","7":"tour_category-unete-al-grupo","9":"first","10":"instock","11":"taxable","12":"shipping-taxable","13":"purchasable","14":"product-type-tour"},"yoast_head":"<!-- This site is optimized with the Yoast SEO plugin v23.1 - https:\/\/yoast.com\/wordpress\/plugins\/seo\/ -->\n<title>Cata de vinos granadinos - Wanderlust Granada tours<\/title>\n<meta name=\"description\" content=\"Ad\u00e9ntrate en Granada a trav\u00e9s del gusto y del olfato con esta cata de vinos granadinos y descubre esta ciudad m\u00e1gica con todos tus sentidos.\" \/>\n<meta name=\"robots\" content=\"index, follow, max-snippet:-1, max-image-preview:large, max-video-preview:-1\" \/>\n<link rel=\"canonical\" href=\"https:\/\/wanderlustgranadatours.com\/es\/tours\/cata-de-vinos-granadinos\/\" \/>\n<meta property=\"og:locale\" content=\"es_ES\" \/>\n<meta property=\"og:type\" content=\"article\" \/>\n<meta property=\"og:title\" content=\"Cata de vinos granadinos - Wanderlust Granada tours\" \/>\n<meta property=\"og:description\" content=\"Ad\u00e9ntrate en Granada a trav\u00e9s del gusto y del olfato con esta cata de vinos granadinos y descubre esta ciudad m\u00e1gica con todos tus sentidos.\" \/>\n<meta property=\"og:url\" content=\"https:\/\/wanderlustgranadatours.com\/es\/tours\/cata-de-vinos-granadinos\/\" \/>\n<meta property=\"og:site_name\" content=\"Wanderlust Granada tours\" \/>\n<meta property=\"article:publisher\" content=\"https:\/\/www.facebook.com\/wanderlustgranadatours\/\" \/>\n<meta property=\"article:modified_time\" content=\"2024-06-22T20:10:56+00:00\" \/>\n<meta property=\"og:image\" content=\"https:\/\/wanderlustgranadatours.com\/wp-content\/uploads\/2023\/11\/Cata-vinos-portada-01.jpg\" \/>\n\t<meta property=\"og:image:width\" content=\"1966\" \/>\n\t<meta property=\"og:image:height\" content=\"1298\" \/>\n\t<meta property=\"og:image:type\" content=\"image\/jpeg\" \/>\n<meta name=\"twitter:card\" content=\"summary_large_image\" \/>\n<meta name=\"twitter:label1\" content=\"Tiempo de lectura\" \/>\n\t<meta name=\"twitter:data1\" content=\"1 minuto\" \/>\n<script type=\"application\/ld+json\" class=\"yoast-schema-graph\">{\"@context\":\"https:\/\/schema.org\",\"@graph\":[{\"@type\":\"WebPage\",\"@id\":\"https:\/\/wanderlustgranadatours.com\/es\/tours\/cata-de-vinos-granadinos\/\",\"url\":\"https:\/\/wanderlustgranadatours.com\/es\/tours\/cata-de-vinos-granadinos\/\",\"name\":\"Cata de vinos granadinos - Wanderlust Granada tours\",\"isPartOf\":{\"@id\":\"https:\/\/wanderlustgranadatours.com\/#website\"},\"primaryImageOfPage\":{\"@id\":\"https:\/\/wanderlustgranadatours.com\/es\/tours\/cata-de-vinos-granadinos\/#primaryimage\"},\"image\":{\"@id\":\"https:\/\/wanderlustgranadatours.com\/es\/tours\/cata-de-vinos-granadinos\/#primaryimage\"},\"thumbnailUrl\":\"https:\/\/wanderlustgranadatours.com\/wp-content\/uploads\/2023\/11\/Cata-vinos-portada-01.jpg\",\"datePublished\":\"2023-11-29T11:17:20+00:00\",\"dateModified\":\"2024-06-22T20:10:56+00:00\",\"description\":\"Ad\u00e9ntrate en Granada a trav\u00e9s del gusto y del olfato con esta cata de vinos granadinos y descubre esta ciudad m\u00e1gica con todos tus sentidos.\",\"breadcrumb\":{\"@id\":\"https:\/\/wanderlustgranadatours.com\/es\/tours\/cata-de-vinos-granadinos\/#breadcrumb\"},\"inLanguage\":\"es\",\"potentialAction\":[{\"@type\":\"ReadAction\",\"target\":[\"https:\/\/wanderlustgranadatours.com\/es\/tours\/cata-de-vinos-granadinos\/\"]}]},{\"@type\":\"ImageObject\",\"inLanguage\":\"es\",\"@id\":\"https:\/\/wanderlustgranadatours.com\/es\/tours\/cata-de-vinos-granadinos\/#primaryimage\",\"url\":\"https:\/\/wanderlustgranadatours.com\/wp-content\/uploads\/2023\/11\/Cata-vinos-portada-01.jpg\",\"contentUrl\":\"https:\/\/wanderlustgranadatours.com\/wp-content\/uploads\/2023\/11\/Cata-vinos-portada-01.jpg\",\"width\":1966,\"height\":1298,\"caption\":\"Cata de vinos granadinos - Experiencias y excursiones - Wanderlust Granada Tours\"},{\"@type\":\"BreadcrumbList\",\"@id\":\"https:\/\/wanderlustgranadatours.com\/es\/tours\/cata-de-vinos-granadinos\/#breadcrumb\",\"itemListElement\":[{\"@type\":\"ListItem\",\"position\":1,\"name\":\"Portada\",\"item\":\"https:\/\/wanderlustgranadatours.com\/es\/\"},{\"@type\":\"ListItem\",\"position\":2,\"name\":\"Tienda\",\"item\":\"https:\/\/wanderlustgranadatours.com\/es\/tienda\/\"},{\"@type\":\"ListItem\",\"position\":3,\"name\":\"Cata de vinos granadinos con maridaje\"}]},{\"@type\":\"WebSite\",\"@id\":\"https:\/\/wanderlustgranadatours.com\/#website\",\"url\":\"https:\/\/wanderlustgranadatours.com\/\",\"name\":\"Wanderlust Granada tours\",\"description\":\"Tours m\u00e1gicos por Granada\",\"potentialAction\":[{\"@type\":\"SearchAction\",\"target\":{\"@type\":\"EntryPoint\",\"urlTemplate\":\"https:\/\/wanderlustgranadatours.com\/?s={search_term_string}\"},\"query-input\":\"required name=search_term_string\"}],\"inLanguage\":\"es\"}]}<\/script>\n<!-- \/ Yoast SEO plugin. -->","yoast_head_json":{"title":"Cata de vinos granadinos - Wanderlust Granada tours","description":"Ad\u00e9ntrate en Granada a trav\u00e9s del gusto y del olfato con esta cata de vinos granadinos y descubre esta ciudad m\u00e1gica con todos tus sentidos.","robots":{"index":"index","follow":"follow","max-snippet":"max-snippet:-1","max-image-preview":"max-image-preview:large","max-video-preview":"max-video-preview:-1"},"canonical":"https:\/\/wanderlustgranadatours.com\/es\/tours\/cata-de-vinos-granadinos\/","og_locale":"es_ES","og_type":"article","og_title":"Cata de vinos granadinos - Wanderlust Granada tours","og_description":"Ad\u00e9ntrate en Granada a trav\u00e9s del gusto y del olfato con esta cata de vinos granadinos y descubre esta ciudad m\u00e1gica con todos tus sentidos.","og_url":"https:\/\/wanderlustgranadatours.com\/es\/tours\/cata-de-vinos-granadinos\/","og_site_name":"Wanderlust Granada tours","article_publisher":"https:\/\/www.facebook.com\/wanderlustgranadatours\/","article_modified_time":"2024-06-22T20:10:56+00:00","og_image":[{"width":1966,"height":1298,"url":"https:\/\/wanderlustgranadatours.com\/wp-content\/uploads\/2023\/11\/Cata-vinos-portada-01.jpg","type":"image\/jpeg"}],"twitter_card":"summary_large_image","twitter_misc":{"Tiempo de lectura":"1 minuto"},"schema":{"@context":"https:\/\/schema.org","@graph":[{"@type":"WebPage","@id":"https:\/\/wanderlustgranadatours.com\/es\/tours\/cata-de-vinos-granadinos\/","url":"https:\/\/wanderlustgranadatours.com\/es\/tours\/cata-de-vinos-granadinos\/","name":"Cata de vinos granadinos - Wanderlust Granada tours","isPartOf":{"@id":"https:\/\/wanderlustgranadatours.com\/#website"},"primaryImageOfPage":{"@id":"https:\/\/wanderlustgranadatours.com\/es\/tours\/cata-de-vinos-granadinos\/#primaryimage"},"image":{"@id":"https:\/\/wanderlustgranadatours.com\/es\/tours\/cata-de-vinos-granadinos\/#primaryimage"},"thumbnailUrl":"https:\/\/wanderlustgranadatours.com\/wp-content\/uploads\/2023\/11\/Cata-vinos-portada-01.jpg","datePublished":"2023-11-29T11:17:20+00:00","dateModified":"2024-06-22T20:10:56+00:00","description":"Ad\u00e9ntrate en Granada a trav\u00e9s del gusto y del olfato con esta cata de vinos granadinos y descubre esta ciudad m\u00e1gica con todos tus sentidos.","breadcrumb":{"@id":"https:\/\/wanderlustgranadatours.com\/es\/tours\/cata-de-vinos-granadinos\/#breadcrumb"},"inLanguage":"es","potentialAction":[{"@type":"ReadAction","target":["https:\/\/wanderlustgranadatours.com\/es\/tours\/cata-de-vinos-granadinos\/"]}]},{"@type":"ImageObject","inLanguage":"es","@id":"https:\/\/wanderlustgranadatours.com\/es\/tours\/cata-de-vinos-granadinos\/#primaryimage","url":"https:\/\/wanderlustgranadatours.com\/wp-content\/uploads\/2023\/11\/Cata-vinos-portada-01.jpg","contentUrl":"https:\/\/wanderlustgranadatours.com\/wp-content\/uploads\/2023\/11\/Cata-vinos-portada-01.jpg","width":1966,"height":1298,"caption":"Cata de vinos granadinos - Experiencias y excursiones - Wanderlust Granada Tours"},{"@type":"BreadcrumbList","@id":"https:\/\/wanderlustgranadatours.com\/es\/tours\/cata-de-vinos-granadinos\/#breadcrumb","itemListElement":[{"@type":"ListItem","position":1,"name":"Portada","item":"https:\/\/wanderlustgranadatours.com\/es\/"},{"@type":"ListItem","position":2,"name":"Tienda","item":"https:\/\/wanderlustgranadatours.com\/es\/tienda\/"},{"@type":"ListItem","position":3,"name":"Cata de vinos granadinos con maridaje"}]},{"@type":"WebSite","@id":"https:\/\/wanderlustgranadatours.com\/#website","url":"https:\/\/wanderlustgranadatours.com\/","name":"Wanderlust Granada tours","description":"Tours m\u00e1gicos por Granada","potentialAction":[{"@type":"SearchAction","target":{"@type":"EntryPoint","urlTemplate":"https:\/\/wanderlustgranadatours.com\/?s={search_term_string}"},"query-input":"required name=search_term_string"}],"inLanguage":"es"}]}},"_links":{"self":[{"href":"https:\/\/wanderlustgranadatours.com\/es\/wp-json\/wp\/v2\/product\/1959"}],"collection":[{"href":"https:\/\/wanderlustgranadatours.com\/es\/wp-json\/wp\/v2\/product"}],"about":[{"href":"https:\/\/wanderlustgranadatours.com\/es\/wp-json\/wp\/v2\/types\/product"}],"replies":[{"embeddable":true,"href":"https:\/\/wanderlustgranadatours.com\/es\/wp-json\/wp\/v2\/comments?post=1959"}],"wp:featuredmedia":[{"embeddable":true,"href":"https:\/\/wanderlustgranadatours.com\/es\/wp-json\/wp\/v2\/media\/1960"}],"wp:attachment":[{"href":"https:\/\/wanderlustgranadatours.com\/es\/wp-json\/wp\/v2\/media?parent=1959"}],"wp:term":[{"taxonomy":"product_cat","embeddable":true,"href":"https:\/\/wanderlustgranadatours.com\/es\/wp-json\/wp\/v2\/product_cat?post=1959"},{"taxonomy":"product_tag","embeddable":true,"href":"https:\/\/wanderlustgranadatours.com\/es\/wp-json\/wp\/v2\/product_tag?post=1959"}],"curies":[{"name":"wp","href":"https:\/\/api.w.org\/{rel}","templated":true}]}}