{"id":1705,"date":"2016-08-23T12:50:20","date_gmt":"2016-08-23T12:50:20","guid":{"rendered":"http:\/\/wanderlustgranadatours.com\/es\/?page_id=1705"},"modified":"2016-08-23T14:14:13","modified_gmt":"2016-08-23T14:14:13","slug":"politica-de-privacidad-y-cookies","status":"publish","type":"page","link":"https:\/\/wanderlustgranadatours.com\/es\/politica-de-privacidad-y-cookies\/","title":{"rendered":"Pol\u00edtica de privacidad y cookies"},"content":{"rendered":"<p>[vc_row][vc_column][vc_column_text]He aqu\u00ed todos los detalles de la Pol\u00edtica de privacidad de wanderlustgranadatours.com[\/vc_column_text][vc_column_text]Esta Aplicaci\u00f3n recoge algunos Datos Personales de sus Usuarios.[\/vc_column_text][vc_custom_heading text=\u00bbResponsable de Tratamiento de los Datos y Titular\u00bb google_fonts=\u00bbfont_family:Condiment%3Aregular|font_style:400%20regular%3A400%3Anormal\u00bb][vc_column_text]Wanderlust Granada Tours,<br \/>\nwanderlustgranadatours@gmail.com[\/vc_column_text][vc_custom_heading text=\u00bbClases de Datos recogidos\u00bb google_fonts=\u00bbfont_family:Condiment%3Aregular|font_style:400%20regular%3A400%3Anormal\u00bb][vc_column_text]Entre las clases de Datos Personales que esta Aplicaci\u00f3n recoge, ya sea directamente o a trav\u00e9s de terceros, se encuentran: Cookie, Datos de Uso y direcci\u00f3n de correo electr\u00f3nico.<\/p>\n<p>Otros Datos Personales recogidos pueden encontrarse descritos en otros apartados de la presente pol\u00edtica de privacidad o en un texto explicativo espec\u00edfico mostrado contextualmente en el momento de la recogida de dichos Datos.<br \/>\nLos Datos Personales pueden ser proporcionados por el Usuario por su propia voluntad, o bien ser recogidos autom\u00e1ticamente durante la utilizaci\u00f3n de esta Aplicaci\u00f3n.<br \/>\nSalvo que se indique lo contrario, el uso de Cookies \u2013 o de otras medios de seguimiento \u2013 por esta Aplicaci\u00f3n o por los propietarios de servicios de terceros utilizados por esta Aplicaci\u00f3n tiene como finalidad la identificaci\u00f3n de los Usuarios y el registro de sus preferencias, con la \u00fanica finalidad de prestar el servicio solicitado por el Usuario.<br \/>\nLa negativa del Usuario a proporcionar ciertos Datos Personales podr\u00eda imposibilitar a esta Aplicaci\u00f3n la prestaci\u00f3n de sus servicios.<\/p>\n<p>El Usuario asume la responsabilidad por los Datos Personales de terceros publicados o compartidos mediante esta Aplicaci\u00f3n y declara que tiene el consentimiento de dichos terceros para proporcionar los Datos al Titular.[\/vc_column_text][vc_custom_heading text=\u00bbModalidad y lugar del Tratamiento de los Datos recogidos\u00bb google_fonts=\u00bbfont_family:Condiment%3Aregular|font_style:400%20regular%3A400%3Anormal\u00bb][vc_column_text]<\/p>\n<h3>Modalidades de Tratamiento<\/h3>\n<p>El Responsable de Tratamiento tratar\u00e1 los Datos de los Usuarios de manera adecuada y adoptar\u00e1 las medidas de seguridad apropiadas para impedir el acceso, la revelaci\u00f3n, alteraci\u00f3n o destrucci\u00f3n no autorizados de los Datos.<br \/>\nEl tratamiento de Datos se realiza mediante ordenadores y\/o herramientas inform\u00e1ticas, siguiendo procedimientos y modalidades organizativas estrictamente relacionadas con las finalidades se\u00f1aladas. Adem\u00e1s del Responsable de Tratamiento, en algunos casos podr\u00e1n acceder a los Datos ciertas categor\u00edas de personas encargadas relacionadas con el funcionamiento de la p\u00e1gina (administraci\u00f3n, ventas, marketing, departamento jur\u00eddico y de administraci\u00f3n de sistemas) o contratistas externos que presten servicios al Responsable de Tratamiento (tales como proveedores externos de servicios t\u00e9cnicos, empresas de mensajer\u00eda, \u201chosting providers\u201d, empresas de inform\u00e1tica, agencias de comunicaci\u00f3n) que ser\u00e1n nombrados por el Titular como Encargados del Tratamiento, si fuera necesario. Se podr\u00e1 solicitar al Responsable de Tratamiento en cualquier momento una lista actualizada de dichas personas.[\/vc_column_text][vc_column_text]<\/p>\n<h3>Lugar<\/h3>\n<p>Los Datos ser\u00e1n tratados en la sede operativa del Responsable de Tratamiento, as\u00ed como en otros lugares en los que se encuentren situadas las partes que tambi\u00e9n est\u00e9n involucradas en dicho tratamiento. Para m\u00e1s informaci\u00f3n, por favor p\u00f3ngase en contacto con el Responsable de Tratamiento.[\/vc_column_text][vc_column_text]<\/p>\n<h3>Per\u00edodo de conservaci\u00f3n<\/h3>\n<p>Los Datos ser\u00e1n tratados durante el plazo necesario para prestar el servicio solicitado por el Usuario, o el que se requiera en funci\u00f3n de las finalidades descritas en este documento, y el Usuario tendr\u00e1 en todo momento la facultad de solicitar la interrupci\u00f3n de su Tratamiento o la cancelaci\u00f3n de los Datos.[\/vc_column_text][vc_custom_heading text=\u00bbFinalidad del Tratamiento de los Datos recogidos\u00bb google_fonts=\u00bbfont_family:Condiment%3Aregular|font_style:400%20regular%3A400%3Anormal\u00bb][vc_column_text]Los Datos relativos al Usuario son recogidos para permitir al Titular la prestaci\u00f3n de sus servicios, as\u00ed como para las siguientes finalidades: Estad\u00edsticas y Gesti\u00f3n de contactos y env\u00edo de mensajes.<\/p>\n<p>Los Datos Personales utilizados para cada finalidad son descritos en los apartados espec\u00edficos de este documento.[\/vc_column_text][vc_custom_heading text=\u00bbInformaci\u00f3n detallada del tratamiento de los Datos Personales\u00bb google_fonts=\u00bbfont_family:Condiment%3Aregular|font_style:400%20regular%3A400%3Anormal\u00bb][vc_column_text]Se recogen Datos Personales para las siguientes finalidades y utilizando los siguientes servicios:[\/vc_column_text][vc_tta_accordion][vc_tta_section title=\u00bbEstad\u00edsticas\u00bb tab_id=\u00bb1471957779242-a014222f-203f\u00bb][vc_column_text]Los servicios contenidos en esta secci\u00f3n permiten al Titular monitorizar y analizar el tr\u00e1fico web y pueden ser utilizados para rastrear el comportamiento del Usuario.<\/p>\n<h4>Google Analytics (Google Inc.)<\/h4>\n<p>Google Analytics es un servicio de an\u00e1lisis web prestado por Google Inc. (\u201cGoogle\u201d). Google utiliza los Datos recogidos para rastrear y examinar el uso de esta Aplicaci\u00f3n, para preparar informes de sus actividades y compartirlos con otros servicios de Google.<br \/>\nGoogle puede utilizar los Datos recogidos para contextualizar y personalizar los anuncios de su propia red de publicidad.<\/p>\n<p>Datos Personales recogidos: Cookie y Datos de Uso.<\/p>\n<p>Lugar de tratamiento: EE.UU. \u2013\u00a0<a href=\"https:\/\/www.google.com\/intl\/es\/policies\/privacy\/\" target=\"_blank\">Pol\u00edtica de privacidad<\/a>\u00a0\u2013<a href=\"https:\/\/tools.google.com\/dlpage\/gaoptout?hl=es\" target=\"_blank\">Opt Out<\/a><\/p>\n<p>[\/vc_column_text][\/vc_tta_section][vc_tta_section title=\u00bbGesti\u00f3n de contactos y env\u00edo de mensajes\u00bb tab_id=\u00bb1471957779360-183a7e72-32e3&#8243;][vc_column_text]Este tipo de servicios permiten gestionar una base de datos de direcciones de correo electr\u00f3nico, n\u00fameros de tel\u00e9fono u otra informaci\u00f3n de contacto para comunicarse con el Usuario.<br \/>\nTambi\u00e9n es posible que estos servicios recojan datos relativos a la fecha y la hora en las que el Usuario visualiz\u00f3 el mensaje, as\u00ed como sobre las interacciones del Usuario con dicho mensaje, tales como clicar en enlaces insertados en el mensaje.<\/p>\n<h4>MailChimp (The Rocket Science Group, LLC.)<\/h4>\n<p>MailChimp es un servicio de gesti\u00f3n de correo electr\u00f3nico y de env\u00edo de mensajes prestado por The Rocket Science Group, LLC.<\/p>\n<p>Datos Personales recogidos: direcci\u00f3n de correo electr\u00f3nico.<\/p>\n<p>Lugar de tratamiento: EE.UU. \u2013\u00a0<a href=\"https:\/\/mailchimp.com\/legal\/privacy\/\" target=\"_blank\">Pol\u00edtica de privacidad<\/a><\/p>\n<p>[\/vc_column_text][\/vc_tta_section][\/vc_tta_accordion][vc_custom_heading text=\u00bbInformaci\u00f3n adicional sobre la recogida de Datos y su tratamiento\u00bb][vc_column_text]<\/p>\n<h3>Defensa jur\u00eddica<\/h3>\n<p>Los Datos Personales del Usuario podr\u00e1n ser utilizados para la defensa jur\u00eddica del Titular en juicio o en las fases prejudiciales previas a un posible pleito derivado del uso abusivo por parte del Usuario de esta Aplicaci\u00f3n o de los servicios relacionados.<br \/>\nEl Usuario es consciente de que el Titular puede ser requerido por autoridades p\u00fablicas a fin de revelar Datos Personales.[\/vc_column_text][vc_column_text]<\/p>\n<h3>Informaci\u00f3n adicional acerca de los Datos Personales del Usuario<\/h3>\n<p>Adem\u00e1s de las informaciones contenidas en esta pol\u00edtica de privacidad, esta Aplicaci\u00f3n podr\u00e1 proporcionar al Usuario informaci\u00f3n contextual relativa a servicios espec\u00edficos o a la recogida y tratamiento de los Datos Personales.[\/vc_column_text][vc_column_text]<\/p>\n<h3>Log del sistema y mantenimiento<\/h3>\n<p>Por motivos relativos al funcionamiento y el mantenimiento, esta Aplicaci\u00f3n y cualesquiera otros servicios de terceros que se utilicen podr\u00e1n recoger un Log del sistema, esto es, archivos que registren las interacciones y que pueden contener Datos Personales, tales como la direcci\u00f3n IP del Usuario.[\/vc_column_text][vc_column_text]<\/p>\n<h3>Informaci\u00f3n no contenida en esta pol\u00edtica de privacidad<\/h3>\n<p>Se podr\u00e1 solicitar en cualquier momento informaci\u00f3n adicional sobre la recogida y el tratamiento de los Datos Personales al Responsable de Tratamiento. Encontrar\u00e1 la informaci\u00f3n de contacto al inicio del presente documento.[\/vc_column_text][vc_column_text]<\/p>\n<h3>Ejercicio de los derechos por los Titulares de los Datos<\/h3>\n<p>Los titulares a los que se refieren los Datos Personales tienen derecho a obtener en cualquier momento la confirmaci\u00f3n de que estos han sido almacenados por el Responsable de Tratamiento, a conocer su contenido y origen, a verificar su exactitud o solicitar que sean completados, cancelados, actualizados o rectificados, a que sean anonimizados o a que se bloqueen aquellos Datos Personales que est\u00e1n siendo tratados en contravenci\u00f3n de las leyes, as\u00ed como a oponerse a su tratamiento por cualquier motivo leg\u00edtimo. Las solicitudes deber\u00e1n remitirse al Responsable de Tratamiento utilizando los datos de contacto indicados anteriormente.<\/p>\n<p>Esta Aplicaci\u00f3n no permite solicitudes \u201cDo Not Track\u201d.<br \/>\nPara determinar si cualquiera de los servicios de terceros que utiliza acepta solicitudes \u201cDo Not Track\u201d, por favor lea sus pol\u00edticas de privacidad.[\/vc_column_text][vc_column_text]<\/p>\n<h3>Modificaci\u00f3n de esta pol\u00edtica de privacidad<\/h3>\n<p>El Responsable de Tratamiento se reserva el derecho de modificar esta pol\u00edtica de privacidad en cualquier momento notific\u00e1ndolo a los Usuarios a trav\u00e9s de esta p\u00e1gina. Se recomienda encarecidamente que revisen esta p\u00e1gina con frecuencia, tomando como referencia la fecha de la \u00faltima modificaci\u00f3n indicada al final. En el caso de que un Usuario est\u00e9 en desacuerdo con alguna de las modificaciones realizadas a esta Pol\u00edtica, el Usuario deber\u00e1 cesar en el uso de esta Aplicaci\u00f3n y podr\u00e1 solicitar al Responsable de Tratamiento que elimine sus Datos Personales. Salvo que se indique lo contrario, la pol\u00edtica de privacidad vigente en cada momento ser\u00e1 de aplicaci\u00f3n a todos los Datos Personales que el Responsable de Tratamiento haya recogido hasta entonces.[\/vc_column_text][vc_tta_accordion][vc_tta_section title=\u00bbInformaci\u00f3n acerca de esta pol\u00edtica de privacidad\u00bb tab_id=\u00bb1471958536008-7a8d76d3-3ff4&#8243;][vc_column_text]<\/p>\n<div class=\"one_line_col\">\n<p>El Responsable de Tratamiento es responsable de esta pol\u00edtica de privacidad, que ha sido redactada a partir de los m\u00f3dulos proporcionados por Iubenda y almacenados en los servidores de Iubenda.<\/p>\n<\/div>\n<div class=\"one_line_col\">\n<div class=\"box_primary box_10 definitions expand collapsed\">\n<h3 class=\"expand-click w_icon_24 icon_ribbon\">Definiciones y referencias legales<\/h3>\n<h4>Datos Personales (o Datos)<\/h4>\n<p>Constituye un dato personal cualquier informaci\u00f3n relativa a una persona f\u00edsica, identificada o identificable, aunque sea indirectamente, mediante referencia a cualquier otra informaci\u00f3n, inclusive a un n\u00famero de identificaci\u00f3n personal.<\/p>\n<h4>Datos de Uso<\/h4>\n<p>Las informaciones recogidas de forma autom\u00e1tica por esta Aplicaci\u00f3n (o por servicios de terceros utilizados por esta Aplicaci\u00f3n), que podr\u00e1n incluir: las direcciones IP o nombres de dominio de los ordenadores utilizados por el Usuario que se conecte a esta Aplicaci\u00f3n, las direcciones URI (Uniform Resource Identifier), la hora de la solicitud, el m\u00e9todo utilizado para realizar la solicitud al servidor, las dimensiones del archivo obtenido en respuesta, el c\u00f3digo num\u00e9rico indicando el estado de la respuesta del servidor (resultado satisfactorio, error, etc\u2026), el pa\u00eds de origen, las caracter\u00edsticas del navegador y del sistema operativo utilizados por el visitante, las diversas coordenadas temporales de la visita (por ejemplo, el tiempo de permanencia en cada una de las p\u00e1ginas) y los detalles relativos al itinerario seguido dentro de la Aplicaci\u00f3n, con especial referencia a la secuencia de p\u00e1ginas consultadas, a los par\u00e1metros relativos al sistema operativo y al entorno inform\u00e1tico del Usuario.<\/p>\n<h4>Usuario<\/h4>\n<p>El individuo que utiliza esta Aplicaci\u00f3n, que debe coincidir con el Titular de los Datos o bien haber sido autorizado por \u00e9ste y cuyos Datos Personales son objeto de tratamiento.<\/p>\n<h4>Titular de los Datos<\/h4>\n<p>La persona f\u00edsica o jur\u00eddica a la que se refieren los Datos Personales.<\/p>\n<h4>Encargado del Tratamiento<\/h4>\n<p>La persona f\u00edsica, jur\u00eddica, administraci\u00f3n p\u00fablica o cualquier otra instituci\u00f3n, asociaci\u00f3n u organizaci\u00f3n autorizada por el Responsable de Tratamiento a tratar los Datos Personales de conformidad con esta pol\u00edtica de privacidad.<\/p>\n<h4>Responsable de Tratamiento (o Titular)<\/h4>\n<p>La persona f\u00edsica, jur\u00eddica, administraci\u00f3n p\u00fablica o cualquier otra instituci\u00f3n, asociaci\u00f3n u organizaci\u00f3n con la facultad, incluso solidariamente con otro Responsable de Tratamiento, de tomar decisiones relativas a la finalidad, los m\u00e9todos de tratamiento de los Datos Personales y los medios utilizados, incluyendo las medidas de seguridad relativas al funcionamiento y el uso de esta Aplicaci\u00f3n. A menos que se especifique lo contrario, el Responsable de Tratamiento es el Titular de esta Aplicaci\u00f3n.<\/p>\n<h4>Esta Aplicaci\u00f3n<\/h4>\n<p>La herramienta de hardware o software mediante la cual se han recogidos los Datos Personales del Usuario.<\/p>\n<h4>Cookie<\/h4>\n<p>Peque\u00f1a unidad de datos almacenada en el dispositivo del Usuario.<\/p>\n<hr \/>\n<h4>Informaci\u00f3n legal<\/h4>\n<p>Aviso a los Usuarios europeos: la presente declaraci\u00f3n de privacidad ha sido redactada en cumplimiento de las obligaciones previstas en el Art. 10 de la Directiva 95\/46\/CE, y de acuerdo con las disposiciones de la Directiva 2002\/58\/CE, modificada por la Directiva 2009\/136\/CE, en materia de Cookies.<\/p>\n<p>Esta pol\u00edtica de privacidad se refiere \u00fanicamente a esta Aplicaci\u00f3n.<\/p>\n<\/div>\n<\/div>\n<p>[\/vc_column_text][\/vc_tta_section][\/vc_tta_accordion][\/vc_column][\/vc_row]<\/p>\n","protected":false},"excerpt":{"rendered":"<p>[vc_row][vc_column][vc_column_text]He aqu\u00ed todos los detalles de la Pol\u00edtica de privacidad de wanderlustgranadatours.com[\/vc_column_text][vc_column_text]Esta Aplicaci\u00f3n recoge algunos Datos Personales de sus Usuarios.[\/vc_column_text][vc_custom_heading text=\u00bbResponsable de Tratamiento de los Datos y Titular\u00bb google_fonts=\u00bbfont_family:Condiment%3Aregular|font_style:400%20regular%3A400%3Anormal\u00bb][vc_column_text]Wanderlust Granada Tours, wanderlustgranadatours@gmail.com[\/vc_column_text][vc_custom_heading text=\u00bbClases de Datos recogidos\u00bb google_fonts=\u00bbfont_family:Condiment%3Aregular|font_style:400%20regular%3A400%3Anormal\u00bb][vc_column_text]Entre las clases de Datos Personales que esta Aplicaci\u00f3n recoge, ya sea directamente o a trav\u00e9s de terceros, se<\/p>\n<div class=\"padding-top text-center\"><a href=\"https:\/\/wanderlustgranadatours.com\/es\/politica-de-privacidad-y-cookies\/\" class=\"atbtn atbtn--medium atbtn--rounded atbtn--transparent\">Leer m\u00e1s<i class=\"atbtn__icon atbtn__icon--right fa fa-long-arrow-right\"><\/i><\/a><\/div>\n","protected":false},"author":1,"featured_media":0,"parent":0,"menu_order":0,"comment_status":"closed","ping_status":"closed","template":"","meta":{"_monsterinsights_skip_tracking":false,"_monsterinsights_sitenote_active":false,"_monsterinsights_sitenote_note":"","_monsterinsights_sitenote_category":0,"footnotes":""},"class_list":["post-1705","page","type-page","status-publish","hentry"],"yoast_head":"<!-- This site is optimized with the Yoast SEO plugin v23.1 - https:\/\/yoast.com\/wordpress\/plugins\/seo\/ -->\n<title>Pol\u00edtica de privacidad y cookies - Wanderlust Granada tours<\/title>\n<meta name=\"description\" content=\"He aqu\u00ed todos los detalles de la Pol\u00edtica de privacidad de wanderlustgranadatours.com. Datos recogidos por google Analytics y Mail Chimp entre otros.\" \/>\n<meta name=\"robots\" content=\"index, follow, max-snippet:-1, max-image-preview:large, max-video-preview:-1\" \/>\n<link rel=\"canonical\" href=\"https:\/\/wanderlustgranadatours.com\/es\/politica-de-privacidad-y-cookies\/\" \/>\n<meta property=\"og:locale\" content=\"es_ES\" \/>\n<meta property=\"og:type\" content=\"article\" \/>\n<meta property=\"og:title\" content=\"Pol\u00edtica de privacidad y cookies - Wanderlust Granada tours\" \/>\n<meta property=\"og:description\" content=\"He aqu\u00ed todos los detalles de la Pol\u00edtica de privacidad de wanderlustgranadatours.com. Datos recogidos por google Analytics y Mail Chimp entre otros.\" \/>\n<meta property=\"og:url\" content=\"https:\/\/wanderlustgranadatours.com\/es\/politica-de-privacidad-y-cookies\/\" \/>\n<meta property=\"og:site_name\" content=\"Wanderlust Granada tours\" \/>\n<meta property=\"article:publisher\" content=\"https:\/\/www.facebook.com\/wanderlustgranadatours\/\" \/>\n<meta property=\"article:modified_time\" content=\"2016-08-23T14:14:13+00:00\" \/>\n<meta name=\"twitter:card\" content=\"summary_large_image\" \/>\n<meta name=\"twitter:label1\" content=\"Tiempo de lectura\" \/>\n\t<meta name=\"twitter:data1\" content=\"11 minutos\" \/>\n<script type=\"application\/ld+json\" class=\"yoast-schema-graph\">{\"@context\":\"https:\/\/schema.org\",\"@graph\":[{\"@type\":\"WebPage\",\"@id\":\"https:\/\/wanderlustgranadatours.com\/es\/politica-de-privacidad-y-cookies\/\",\"url\":\"https:\/\/wanderlustgranadatours.com\/es\/politica-de-privacidad-y-cookies\/\",\"name\":\"Pol\u00edtica de privacidad y cookies - Wanderlust Granada tours\",\"isPartOf\":{\"@id\":\"https:\/\/wanderlustgranadatours.com\/#website\"},\"datePublished\":\"2016-08-23T12:50:20+00:00\",\"dateModified\":\"2016-08-23T14:14:13+00:00\",\"description\":\"He aqu\u00ed todos los detalles de la Pol\u00edtica de privacidad de wanderlustgranadatours.com. Datos recogidos por google Analytics y Mail Chimp entre otros.\",\"breadcrumb\":{\"@id\":\"https:\/\/wanderlustgranadatours.com\/es\/politica-de-privacidad-y-cookies\/#breadcrumb\"},\"inLanguage\":\"es\",\"potentialAction\":[{\"@type\":\"ReadAction\",\"target\":[\"https:\/\/wanderlustgranadatours.com\/es\/politica-de-privacidad-y-cookies\/\"]}]},{\"@type\":\"BreadcrumbList\",\"@id\":\"https:\/\/wanderlustgranadatours.com\/es\/politica-de-privacidad-y-cookies\/#breadcrumb\",\"itemListElement\":[{\"@type\":\"ListItem\",\"position\":1,\"name\":\"Portada\",\"item\":\"https:\/\/wanderlustgranadatours.com\/es\/\"},{\"@type\":\"ListItem\",\"position\":2,\"name\":\"Pol\u00edtica de privacidad y cookies\"}]},{\"@type\":\"WebSite\",\"@id\":\"https:\/\/wanderlustgranadatours.com\/#website\",\"url\":\"https:\/\/wanderlustgranadatours.com\/\",\"name\":\"Wanderlust Granada tours\",\"description\":\"Tours m\u00e1gicos por Granada\",\"potentialAction\":[{\"@type\":\"SearchAction\",\"target\":{\"@type\":\"EntryPoint\",\"urlTemplate\":\"https:\/\/wanderlustgranadatours.com\/?s={search_term_string}\"},\"query-input\":\"required name=search_term_string\"}],\"inLanguage\":\"es\"}]}<\/script>\n<!-- \/ Yoast SEO plugin. -->","yoast_head_json":{"title":"Pol\u00edtica de privacidad y cookies - Wanderlust Granada tours","description":"He aqu\u00ed todos los detalles de la Pol\u00edtica de privacidad de wanderlustgranadatours.com. Datos recogidos por google Analytics y Mail Chimp entre otros.","robots":{"index":"index","follow":"follow","max-snippet":"max-snippet:-1","max-image-preview":"max-image-preview:large","max-video-preview":"max-video-preview:-1"},"canonical":"https:\/\/wanderlustgranadatours.com\/es\/politica-de-privacidad-y-cookies\/","og_locale":"es_ES","og_type":"article","og_title":"Pol\u00edtica de privacidad y cookies - Wanderlust Granada tours","og_description":"He aqu\u00ed todos los detalles de la Pol\u00edtica de privacidad de wanderlustgranadatours.com. Datos recogidos por google Analytics y Mail Chimp entre otros.","og_url":"https:\/\/wanderlustgranadatours.com\/es\/politica-de-privacidad-y-cookies\/","og_site_name":"Wanderlust Granada tours","article_publisher":"https:\/\/www.facebook.com\/wanderlustgranadatours\/","article_modified_time":"2016-08-23T14:14:13+00:00","twitter_card":"summary_large_image","twitter_misc":{"Tiempo de lectura":"11 minutos"},"schema":{"@context":"https:\/\/schema.org","@graph":[{"@type":"WebPage","@id":"https:\/\/wanderlustgranadatours.com\/es\/politica-de-privacidad-y-cookies\/","url":"https:\/\/wanderlustgranadatours.com\/es\/politica-de-privacidad-y-cookies\/","name":"Pol\u00edtica de privacidad y cookies - Wanderlust Granada tours","isPartOf":{"@id":"https:\/\/wanderlustgranadatours.com\/#website"},"datePublished":"2016-08-23T12:50:20+00:00","dateModified":"2016-08-23T14:14:13+00:00","description":"He aqu\u00ed todos los detalles de la Pol\u00edtica de privacidad de wanderlustgranadatours.com. Datos recogidos por google Analytics y Mail Chimp entre otros.","breadcrumb":{"@id":"https:\/\/wanderlustgranadatours.com\/es\/politica-de-privacidad-y-cookies\/#breadcrumb"},"inLanguage":"es","potentialAction":[{"@type":"ReadAction","target":["https:\/\/wanderlustgranadatours.com\/es\/politica-de-privacidad-y-cookies\/"]}]},{"@type":"BreadcrumbList","@id":"https:\/\/wanderlustgranadatours.com\/es\/politica-de-privacidad-y-cookies\/#breadcrumb","itemListElement":[{"@type":"ListItem","position":1,"name":"Portada","item":"https:\/\/wanderlustgranadatours.com\/es\/"},{"@type":"ListItem","position":2,"name":"Pol\u00edtica de privacidad y cookies"}]},{"@type":"WebSite","@id":"https:\/\/wanderlustgranadatours.com\/#website","url":"https:\/\/wanderlustgranadatours.com\/","name":"Wanderlust Granada tours","description":"Tours m\u00e1gicos por Granada","potentialAction":[{"@type":"SearchAction","target":{"@type":"EntryPoint","urlTemplate":"https:\/\/wanderlustgranadatours.com\/?s={search_term_string}"},"query-input":"required name=search_term_string"}],"inLanguage":"es"}]}},"_links":{"self":[{"href":"https:\/\/wanderlustgranadatours.com\/es\/wp-json\/wp\/v2\/pages\/1705"}],"collection":[{"href":"https:\/\/wanderlustgranadatours.com\/es\/wp-json\/wp\/v2\/pages"}],"about":[{"href":"https:\/\/wanderlustgranadatours.com\/es\/wp-json\/wp\/v2\/types\/page"}],"author":[{"embeddable":true,"href":"https:\/\/wanderlustgranadatours.com\/es\/wp-json\/wp\/v2\/users\/1"}],"replies":[{"embeddable":true,"href":"https:\/\/wanderlustgranadatours.com\/es\/wp-json\/wp\/v2\/comments?post=1705"}],"version-history":[{"count":0,"href":"https:\/\/wanderlustgranadatours.com\/es\/wp-json\/wp\/v2\/pages\/1705\/revisions"}],"wp:attachment":[{"href":"https:\/\/wanderlustgranadatours.com\/es\/wp-json\/wp\/v2\/media?parent=1705"}],"curies":[{"name":"wp","href":"https:\/\/api.w.org\/{rel}","templated":true}]}}