{"id":1680,"date":"2016-08-23T09:36:19","date_gmt":"2016-08-23T09:36:19","guid":{"rendered":"http:\/\/wanderlustgranadatours.com\/es\/?page_id=1680"},"modified":"2016-08-23T11:20:34","modified_gmt":"2016-08-23T11:20:34","slug":"terminos-y-condiciones","status":"publish","type":"page","link":"https:\/\/wanderlustgranadatours.com\/es\/terminos-y-condiciones\/","title":{"rendered":"T\u00e9rminos y condiciones"},"content":{"rendered":"<p>[vc_row][vc_column][vc_column_text]Le informamos de los t\u00e9rminos y condiciones de <strong>Wanderlust Granada Tours<\/strong>. No se har\u00e1 responsable ante las siguientes incidencias durante sus rutas:<\/p>\n<ul>\n<li>Casos de olvido de entradas o casos en los que el horario de visita a los palacios nazar\u00edes indicado en el ticket no coincida con el horario de la visita guiada reservada.<\/li>\n<li>Posibles sanciones a miembros del grupo que no respeten las normas obligatorias durante la visita a la Alhambra, se\u00f1aladas en la p\u00e1gina web del Patronato y en la Gu\u00eda de Visita oficial del monumento, localizada en la entrada general al recinto.<\/li>\n<li>Ante p\u00e9rdidas de objetos personales, anulaciones por mal tiempo, cambios forzosos del recorrido, posibles golpes de calor o lesiones durante la ruta.<\/li>\n<li>Si por ausencia o retraso de alguna de las personas con reserva, \u00e9sta no pudiera incorporarse a la visita con el resto del grupo.<\/li>\n<\/ul>\n<p>[\/vc_column_text]<button class=\"atbtn atbtn--primary\">Normas de la Alhambra<\/button>[vc_empty_space height=\u00bb40px\u00bb][vc_column_text]<strong>Adem\u00e1s:<\/strong><\/p>\n<ul>\n<li>Se ruega cuiden y respeten el material de audio entregado durante las visitas. En caso de rotura por mal uso, la persona responsable deber\u00e1\u00a0 responder econ\u00f3micamente.<\/li>\n<\/ul>\n<p>[\/vc_column_text][vc_column_text]<strong>Wanderlust Granada Tours <\/strong>hace todo lo posible para que no se produzca ning\u00fan incidente durante sus rutas, pudiendo disfrutar as\u00ed plenamente de una visita guiada profesional y positiva para todos.<br \/>\n<strong><br \/>\nGracias por su colaboraci\u00f3n.<\/strong>[\/vc_column_text][\/vc_column][\/vc_row]<\/p>\n","protected":false},"excerpt":{"rendered":"<p>[vc_row][vc_column][vc_column_text]Le informamos de los t\u00e9rminos y condiciones de Wanderlust Granada Tours. No se har\u00e1 responsable ante las siguientes incidencias durante sus rutas: Casos de olvido de entradas o casos en los que el horario de visita a los palacios nazar\u00edes indicado en el ticket no coincida con el horario de la visita guiada reservada. Posibles<\/p>\n<div class=\"padding-top text-center\"><a href=\"https:\/\/wanderlustgranadatours.com\/es\/terminos-y-condiciones\/\" class=\"atbtn atbtn--medium atbtn--rounded atbtn--transparent\">Leer m\u00e1s<i class=\"atbtn__icon atbtn__icon--right fa fa-long-arrow-right\"><\/i><\/a><\/div>\n","protected":false},"author":1,"featured_media":0,"parent":0,"menu_order":0,"comment_status":"closed","ping_status":"closed","template":"","meta":{"_monsterinsights_skip_tracking":false,"_monsterinsights_sitenote_active":false,"_monsterinsights_sitenote_note":"","_monsterinsights_sitenote_category":0,"footnotes":""},"class_list":["post-1680","page","type-page","status-publish","hentry"],"yoast_head":"<!-- This site is optimized with the Yoast SEO plugin v23.1 - https:\/\/yoast.com\/wordpress\/plugins\/seo\/ -->\n<title>T\u00e9rminos y condiciones - Wanderlust Granada tours<\/title>\n<meta name=\"description\" content=\"Le informamos de los t\u00e9rminos y condiciones de Wanderlust Granada Tours. No se har\u00e1 responsable ante las siguientes incidencias durante sus rutas:\" \/>\n<meta name=\"robots\" content=\"index, follow, max-snippet:-1, max-image-preview:large, max-video-preview:-1\" \/>\n<link rel=\"canonical\" href=\"https:\/\/wanderlustgranadatours.com\/es\/terminos-y-condiciones\/\" \/>\n<meta property=\"og:locale\" content=\"es_ES\" \/>\n<meta property=\"og:type\" content=\"article\" \/>\n<meta property=\"og:title\" content=\"T\u00e9rminos y condiciones - Wanderlust Granada tours\" \/>\n<meta property=\"og:description\" content=\"Le informamos de los t\u00e9rminos y condiciones de Wanderlust Granada Tours. No se har\u00e1 responsable ante las siguientes incidencias durante sus rutas:\" \/>\n<meta property=\"og:url\" content=\"https:\/\/wanderlustgranadatours.com\/es\/terminos-y-condiciones\/\" \/>\n<meta property=\"og:site_name\" content=\"Wanderlust Granada tours\" \/>\n<meta property=\"article:publisher\" content=\"https:\/\/www.facebook.com\/wanderlustgranadatours\/\" \/>\n<meta property=\"article:modified_time\" content=\"2016-08-23T11:20:34+00:00\" \/>\n<meta name=\"twitter:card\" content=\"summary_large_image\" \/>\n<meta name=\"twitter:label1\" content=\"Tiempo de lectura\" \/>\n\t<meta name=\"twitter:data1\" content=\"1 minuto\" \/>\n<script type=\"application\/ld+json\" class=\"yoast-schema-graph\">{\"@context\":\"https:\/\/schema.org\",\"@graph\":[{\"@type\":\"WebPage\",\"@id\":\"https:\/\/wanderlustgranadatours.com\/es\/terminos-y-condiciones\/\",\"url\":\"https:\/\/wanderlustgranadatours.com\/es\/terminos-y-condiciones\/\",\"name\":\"T\u00e9rminos y condiciones - Wanderlust Granada tours\",\"isPartOf\":{\"@id\":\"https:\/\/wanderlustgranadatours.com\/#website\"},\"datePublished\":\"2016-08-23T09:36:19+00:00\",\"dateModified\":\"2016-08-23T11:20:34+00:00\",\"description\":\"Le informamos de los t\u00e9rminos y condiciones de Wanderlust Granada Tours. No se har\u00e1 responsable ante las siguientes incidencias durante sus rutas:\",\"breadcrumb\":{\"@id\":\"https:\/\/wanderlustgranadatours.com\/es\/terminos-y-condiciones\/#breadcrumb\"},\"inLanguage\":\"es\",\"potentialAction\":[{\"@type\":\"ReadAction\",\"target\":[\"https:\/\/wanderlustgranadatours.com\/es\/terminos-y-condiciones\/\"]}]},{\"@type\":\"BreadcrumbList\",\"@id\":\"https:\/\/wanderlustgranadatours.com\/es\/terminos-y-condiciones\/#breadcrumb\",\"itemListElement\":[{\"@type\":\"ListItem\",\"position\":1,\"name\":\"Portada\",\"item\":\"https:\/\/wanderlustgranadatours.com\/es\/\"},{\"@type\":\"ListItem\",\"position\":2,\"name\":\"T\u00e9rminos y condiciones\"}]},{\"@type\":\"WebSite\",\"@id\":\"https:\/\/wanderlustgranadatours.com\/#website\",\"url\":\"https:\/\/wanderlustgranadatours.com\/\",\"name\":\"Wanderlust Granada tours\",\"description\":\"Tours m\u00e1gicos por Granada\",\"potentialAction\":[{\"@type\":\"SearchAction\",\"target\":{\"@type\":\"EntryPoint\",\"urlTemplate\":\"https:\/\/wanderlustgranadatours.com\/?s={search_term_string}\"},\"query-input\":\"required name=search_term_string\"}],\"inLanguage\":\"es\"}]}<\/script>\n<!-- \/ Yoast SEO plugin. -->","yoast_head_json":{"title":"T\u00e9rminos y condiciones - Wanderlust Granada tours","description":"Le informamos de los t\u00e9rminos y condiciones de Wanderlust Granada Tours. No se har\u00e1 responsable ante las siguientes incidencias durante sus rutas:","robots":{"index":"index","follow":"follow","max-snippet":"max-snippet:-1","max-image-preview":"max-image-preview:large","max-video-preview":"max-video-preview:-1"},"canonical":"https:\/\/wanderlustgranadatours.com\/es\/terminos-y-condiciones\/","og_locale":"es_ES","og_type":"article","og_title":"T\u00e9rminos y condiciones - Wanderlust Granada tours","og_description":"Le informamos de los t\u00e9rminos y condiciones de Wanderlust Granada Tours. No se har\u00e1 responsable ante las siguientes incidencias durante sus rutas:","og_url":"https:\/\/wanderlustgranadatours.com\/es\/terminos-y-condiciones\/","og_site_name":"Wanderlust Granada tours","article_publisher":"https:\/\/www.facebook.com\/wanderlustgranadatours\/","article_modified_time":"2016-08-23T11:20:34+00:00","twitter_card":"summary_large_image","twitter_misc":{"Tiempo de lectura":"1 minuto"},"schema":{"@context":"https:\/\/schema.org","@graph":[{"@type":"WebPage","@id":"https:\/\/wanderlustgranadatours.com\/es\/terminos-y-condiciones\/","url":"https:\/\/wanderlustgranadatours.com\/es\/terminos-y-condiciones\/","name":"T\u00e9rminos y condiciones - Wanderlust Granada tours","isPartOf":{"@id":"https:\/\/wanderlustgranadatours.com\/#website"},"datePublished":"2016-08-23T09:36:19+00:00","dateModified":"2016-08-23T11:20:34+00:00","description":"Le informamos de los t\u00e9rminos y condiciones de Wanderlust Granada Tours. No se har\u00e1 responsable ante las siguientes incidencias durante sus rutas:","breadcrumb":{"@id":"https:\/\/wanderlustgranadatours.com\/es\/terminos-y-condiciones\/#breadcrumb"},"inLanguage":"es","potentialAction":[{"@type":"ReadAction","target":["https:\/\/wanderlustgranadatours.com\/es\/terminos-y-condiciones\/"]}]},{"@type":"BreadcrumbList","@id":"https:\/\/wanderlustgranadatours.com\/es\/terminos-y-condiciones\/#breadcrumb","itemListElement":[{"@type":"ListItem","position":1,"name":"Portada","item":"https:\/\/wanderlustgranadatours.com\/es\/"},{"@type":"ListItem","position":2,"name":"T\u00e9rminos y condiciones"}]},{"@type":"WebSite","@id":"https:\/\/wanderlustgranadatours.com\/#website","url":"https:\/\/wanderlustgranadatours.com\/","name":"Wanderlust Granada tours","description":"Tours m\u00e1gicos por Granada","potentialAction":[{"@type":"SearchAction","target":{"@type":"EntryPoint","urlTemplate":"https:\/\/wanderlustgranadatours.com\/?s={search_term_string}"},"query-input":"required name=search_term_string"}],"inLanguage":"es"}]}},"_links":{"self":[{"href":"https:\/\/wanderlustgranadatours.com\/es\/wp-json\/wp\/v2\/pages\/1680"}],"collection":[{"href":"https:\/\/wanderlustgranadatours.com\/es\/wp-json\/wp\/v2\/pages"}],"about":[{"href":"https:\/\/wanderlustgranadatours.com\/es\/wp-json\/wp\/v2\/types\/page"}],"author":[{"embeddable":true,"href":"https:\/\/wanderlustgranadatours.com\/es\/wp-json\/wp\/v2\/users\/1"}],"replies":[{"embeddable":true,"href":"https:\/\/wanderlustgranadatours.com\/es\/wp-json\/wp\/v2\/comments?post=1680"}],"version-history":[{"count":0,"href":"https:\/\/wanderlustgranadatours.com\/es\/wp-json\/wp\/v2\/pages\/1680\/revisions"}],"wp:attachment":[{"href":"https:\/\/wanderlustgranadatours.com\/es\/wp-json\/wp\/v2\/media?parent=1680"}],"curies":[{"name":"wp","href":"https:\/\/api.w.org\/{rel}","templated":true}]}}